{"id":8272,"date":"2023-04-18T09:49:11","date_gmt":"2023-04-18T09:49:11","guid":{"rendered":"https:\/\/foodibev.com\/?page_id=8272"},"modified":"2025-07-04T13:30:29","modified_gmt":"2025-07-04T13:30:29","slug":"prima","status":"publish","type":"page","link":"https:\/\/foodibev.com\/fr\/prima\/","title":{"rendered":"Prima"},"content":{"rendered":"\t\t<div data-elementor-type=\"wp-page\" data-elementor-id=\"8272\" class=\"elementor elementor-8272\">\n\t\t\t\t\t\t<section class=\"elementor-section elementor-top-section elementor-element elementor-element-40580cc elementor-section-full_width elementor-section-stretched elementor-hidden-desktop elementor-hidden-tablet elementor-section-height-default elementor-section-height-default\" data-id=\"40580cc\" data-element_type=\"section\" data-e-type=\"section\" data-settings=\"{&quot;stretch_section&quot;:&quot;section-stretched&quot;,&quot;background_background&quot;:&quot;classic&quot;}\">\n\t\t\t\t\t\t<div class=\"elementor-container elementor-column-gap-default\">\n\t\t\t\t\t<div class=\"elementor-column elementor-col-100 elementor-top-column elementor-element elementor-element-b49e3fe\" data-id=\"b49e3fe\" data-element_type=\"column\" data-e-type=\"column\">\n\t\t\t<div class=\"elementor-widget-wrap elementor-element-populated\">\n\t\t\t\t\t\t<div class=\"elementor-element elementor-element-0a8744d elementor-widget elementor-widget-image\" data-id=\"0a8744d\" data-element_type=\"widget\" data-e-type=\"widget\" data-widget_type=\"image.default\">\n\t\t\t\t<div class=\"elementor-widget-container\">\n\t\t\t\t\t\t\t\t\t\t\t\t\t\t\t<img fetchpriority=\"high\" decoding=\"async\" width=\"2560\" height=\"1870\" src=\"https:\/\/foodibev.com\/wp-content\/uploads\/2023\/04\/prima-movil-scaled.jpg\" class=\"attachment-full size-full wp-image-8307\" alt=\"\" srcset=\"https:\/\/foodibev.com\/wp-content\/uploads\/2023\/04\/prima-movil-scaled.jpg 2560w, https:\/\/foodibev.com\/wp-content\/uploads\/2023\/04\/prima-movil-300x219.jpg 300w, https:\/\/foodibev.com\/wp-content\/uploads\/2023\/04\/prima-movil-1024x748.jpg 1024w, https:\/\/foodibev.com\/wp-content\/uploads\/2023\/04\/prima-movil-768x561.jpg 768w, https:\/\/foodibev.com\/wp-content\/uploads\/2023\/04\/prima-movil-1536x1122.jpg 1536w, https:\/\/foodibev.com\/wp-content\/uploads\/2023\/04\/prima-movil-2048x1496.jpg 2048w, https:\/\/foodibev.com\/wp-content\/uploads\/2023\/04\/prima-movil-16x12.jpg 16w\" sizes=\"(max-width: 2560px) 100vw, 2560px\" \/>\t\t\t\t\t\t\t\t\t\t\t\t\t\t\t<\/div>\n\t\t\t\t<\/div>\n\t\t\t\t\t<\/div>\n\t\t<\/div>\n\t\t\t\t\t<\/div>\n\t\t<\/section>\n\t\t\t\t<section class=\"elementor-section elementor-top-section elementor-element elementor-element-e7d9216 elementor-hidden-desktop elementor-hidden-tablet elementor-section-boxed elementor-section-height-default elementor-section-height-default\" data-id=\"e7d9216\" data-element_type=\"section\" data-e-type=\"section\" data-settings=\"{&quot;background_background&quot;:&quot;classic&quot;}\">\n\t\t\t\t\t\t<div class=\"elementor-container elementor-column-gap-default\">\n\t\t\t\t\t<div class=\"elementor-column elementor-col-100 elementor-top-column elementor-element elementor-element-4641308\" data-id=\"4641308\" data-element_type=\"column\" data-e-type=\"column\">\n\t\t\t<div class=\"elementor-widget-wrap elementor-element-populated\">\n\t\t\t\t\t\t<div class=\"elementor-element elementor-element-3cf078d elementor-widget elementor-widget-text-editor\" data-id=\"3cf078d\" data-element_type=\"widget\" data-e-type=\"widget\" data-no-translation=\"\" data-widget_type=\"text-editor.default\">\n\t\t\t\t<div class=\"elementor-widget-container\">\n\t\t\t\t\t<style>.elementor-element-3cf078d{display:none !important}<\/style>\t\t\t\t<\/div>\n\t\t\t\t<\/div>\n\t\t\t\t<div class=\"elementor-element elementor-element-4afbcd4 elementor-widget elementor-widget-text-editor\" data-id=\"4afbcd4\" data-element_type=\"widget\" data-e-type=\"widget\" data-no-translation=\"\" data-widget_type=\"text-editor.default\">\n\t\t\t\t<div class=\"elementor-widget-container\">\n\t\t\t\t\t<style>.elementor-element-4afbcd4{display:none !important}<\/style>\t\t\t\t<\/div>\n\t\t\t\t<\/div>\n\t\t\t\t<div class=\"elementor-element elementor-element-dae1e21 elementor-widget elementor-widget-text-editor\" data-id=\"dae1e21\" data-element_type=\"widget\" data-e-type=\"widget\" data-no-translation=\"\" data-widget_type=\"text-editor.default\">\n\t\t\t\t<div class=\"elementor-widget-container\">\n\t\t\t\t\t\t\t\t\t<p>Prima est le jus de fruit naturel qui vous apporte la vitalit\u00e9 et les vitamines dont votre corps a besoin. <br \/>Choisissez votre parfum pr\u00e9f\u00e9r\u00e9 parmi tous ceux que nous proposons en t\u00e9tra de 1 L : ananas, orange, multifruits, pamplemousse, pomme, tomate, poire, citron, banane, cerise, myrtille, grenade, p\u00eache, mangue et raisin rouge.<br \/>Nous proposons \u00e9galement ces saveurs en tetra de 250 ml : orange, ananas, multifruits, mangue et raisin rouge.<\/p>\t\t\t\t\t\t\t\t<\/div>\n\t\t\t\t<\/div>\n\t\t\t\t\t<\/div>\n\t\t<\/div>\n\t\t\t\t\t<\/div>\n\t\t<\/section>\n\t\t\t\t<section class=\"elementor-section elementor-top-section elementor-element elementor-element-9bbef94 elementor-section-full_width elementor-hidden-phone elementor-section-height-default elementor-section-height-default\" data-id=\"9bbef94\" data-element_type=\"section\" data-e-type=\"section\" data-settings=\"{&quot;background_background&quot;:&quot;slideshow&quot;,&quot;background_slideshow_gallery&quot;:[{&quot;id&quot;:6806,&quot;url&quot;:&quot;https:\\\/\\\/foodibev.com\\\/wp-content\\\/uploads\\\/2021\\\/06\\\/izq-2-scaled.jpg&quot;}],&quot;background_slideshow_loop&quot;:&quot;yes&quot;,&quot;background_slideshow_slide_duration&quot;:5000,&quot;background_slideshow_slide_transition&quot;:&quot;fade&quot;,&quot;background_slideshow_transition_duration&quot;:500}\">\n\t\t\t\t\t\t<div class=\"elementor-container elementor-column-gap-default\">\n\t\t\t\t\t<div class=\"elementor-column elementor-col-66 elementor-top-column elementor-element elementor-element-f617ccf\" data-id=\"f617ccf\" data-element_type=\"column\" data-e-type=\"column\">\n\t\t\t<div class=\"elementor-widget-wrap elementor-element-populated\">\n\t\t\t\t\t\t<div class=\"elementor-element elementor-element-7f55f82 elementor-widget elementor-widget-image\" data-id=\"7f55f82\" data-element_type=\"widget\" data-e-type=\"widget\" data-widget_type=\"image.default\">\n\t\t\t\t<div class=\"elementor-widget-container\">\n\t\t\t\t\t\t\t\t\t\t\t\t\t\t\t<img decoding=\"async\" width=\"1024\" height=\"866\" src=\"https:\/\/foodibev.com\/wp-content\/uploads\/2023\/04\/Prima-tetras-1024x866.png\" class=\"attachment-large size-large wp-image-8275\" alt=\"\" srcset=\"https:\/\/foodibev.com\/wp-content\/uploads\/2023\/04\/Prima-tetras-1024x866.png 1024w, https:\/\/foodibev.com\/wp-content\/uploads\/2023\/04\/Prima-tetras-300x254.png 300w, https:\/\/foodibev.com\/wp-content\/uploads\/2023\/04\/Prima-tetras-768x649.png 768w, https:\/\/foodibev.com\/wp-content\/uploads\/2023\/04\/Prima-tetras-1536x1298.png 1536w, https:\/\/foodibev.com\/wp-content\/uploads\/2023\/04\/Prima-tetras-14x12.png 14w, https:\/\/foodibev.com\/wp-content\/uploads\/2023\/04\/Prima-tetras.png 1966w\" sizes=\"(max-width: 1024px) 100vw, 1024px\" \/>\t\t\t\t\t\t\t\t\t\t\t\t\t\t\t<\/div>\n\t\t\t\t<\/div>\n\t\t\t\t\t<\/div>\n\t\t<\/div>\n\t\t\t\t<div class=\"elementor-column elementor-col-33 elementor-top-column elementor-element elementor-element-2b36814\" data-id=\"2b36814\" data-element_type=\"column\" data-e-type=\"column\">\n\t\t\t<div class=\"elementor-widget-wrap elementor-element-populated\">\n\t\t\t\t\t\t<div class=\"elementor-element elementor-element-88071fb elementor-hidden-tablet elementor-hidden-phone elementor-widget elementor-widget-image\" data-id=\"88071fb\" data-element_type=\"widget\" data-e-type=\"widget\" data-widget_type=\"image.default\">\n\t\t\t\t<div class=\"elementor-widget-container\">\n\t\t\t\t\t\t\t\t\t\t\t\t\t\t\t<img decoding=\"async\" width=\"300\" height=\"156\" src=\"https:\/\/foodibev.com\/wp-content\/uploads\/2023\/04\/prima-logo-300x156.png\" class=\"attachment-medium size-medium wp-image-8274\" alt=\"\" srcset=\"https:\/\/foodibev.com\/wp-content\/uploads\/2023\/04\/prima-logo-300x156.png 300w, https:\/\/foodibev.com\/wp-content\/uploads\/2023\/04\/prima-logo-1024x533.png 1024w, https:\/\/foodibev.com\/wp-content\/uploads\/2023\/04\/prima-logo-768x400.png 768w, https:\/\/foodibev.com\/wp-content\/uploads\/2023\/04\/prima-logo-18x9.png 18w, https:\/\/foodibev.com\/wp-content\/uploads\/2023\/04\/prima-logo.png 1494w\" sizes=\"(max-width: 300px) 100vw, 300px\" \/>\t\t\t\t\t\t\t\t\t\t\t\t\t\t\t<\/div>\n\t\t\t\t<\/div>\n\t\t\t\t<div class=\"elementor-element elementor-element-6e8f250 elementor-hidden-desktop elementor-hidden-phone elementor-widget elementor-widget-image\" data-id=\"6e8f250\" data-element_type=\"widget\" data-e-type=\"widget\" data-widget_type=\"image.default\">\n\t\t\t\t<div class=\"elementor-widget-container\">\n\t\t\t\t\t\t\t\t\t\t\t\t\t\t\t<img decoding=\"async\" src=\"https:\/\/foodibev.com\/wp-content\/uploads\/elementor\/thumbs\/prima-logo-q56u3sx30nq3eyg71jwmfnhlvfp5ynnbg4uljfb2qw.png\" title=\"prima-logo\" alt=\"prima-logo\" loading=\"lazy\" \/>\t\t\t\t\t\t\t\t\t\t\t\t\t\t\t<\/div>\n\t\t\t\t<\/div>\n\t\t\t\t<div class=\"elementor-element elementor-element-76d666d elementor-hidden-phone elementor-hidden-tablet elementor-widget elementor-widget-text-editor\" data-id=\"76d666d\" data-element_type=\"widget\" data-e-type=\"widget\" data-no-translation=\"\" data-widget_type=\"text-editor.default\">\n\t\t\t\t<div class=\"elementor-widget-container\">\n\t\t\t\t\t<style>.elementor-element-76d666d{display:none !important}<\/style>\t\t\t\t<\/div>\n\t\t\t\t<\/div>\n\t\t\t\t<div class=\"elementor-element elementor-element-8f85ae0 elementor-hidden-phone elementor-hidden-desktop elementor-widget elementor-widget-text-editor\" data-id=\"8f85ae0\" data-element_type=\"widget\" data-e-type=\"widget\" data-no-translation=\"\" data-widget_type=\"text-editor.default\">\n\t\t\t\t<div class=\"elementor-widget-container\">\n\t\t\t\t\t<style>.elementor-element-8f85ae0{display:none !important}<\/style>\t\t\t\t<\/div>\n\t\t\t\t<\/div>\n\t\t\t\t<div class=\"elementor-element elementor-element-a501179 elementor-hidden-phone elementor-hidden-tablet elementor-widget elementor-widget-text-editor\" data-id=\"a501179\" data-element_type=\"widget\" data-e-type=\"widget\" data-no-translation=\"\" data-widget_type=\"text-editor.default\">\n\t\t\t\t<div class=\"elementor-widget-container\">\n\t\t\t\t\t<style>.elementor-element-a501179{display:none !important}<\/style>\t\t\t\t<\/div>\n\t\t\t\t<\/div>\n\t\t\t\t<div class=\"elementor-element elementor-element-87e3bbb elementor-hidden-phone elementor-hidden-desktop elementor-widget elementor-widget-text-editor\" data-id=\"87e3bbb\" data-element_type=\"widget\" data-e-type=\"widget\" data-no-translation=\"\" data-widget_type=\"text-editor.default\">\n\t\t\t\t<div class=\"elementor-widget-container\">\n\t\t\t\t\t<style>.elementor-element-87e3bbb{display:none !important}<\/style>\t\t\t\t<\/div>\n\t\t\t\t<\/div>\n\t\t\t\t<div class=\"elementor-element elementor-element-548e7be elementor-hidden-phone elementor-hidden-tablet elementor-widget elementor-widget-text-editor\" data-id=\"548e7be\" data-element_type=\"widget\" data-e-type=\"widget\" data-no-translation=\"\" data-widget_type=\"text-editor.default\">\n\t\t\t\t<div class=\"elementor-widget-container\">\n\t\t\t\t\t\t\t\t\t<p style=\"text-align: left;\">Prima est le jus de fruit naturel qui vous apporte la vitalit\u00e9 et les vitamines dont votre corps a besoin.\u00a0<\/p><p>\u00a0<\/p><p style=\"text-align: left;\">Choisissez votre parfum pr\u00e9f\u00e9r\u00e9 parmi tous ceux que nous proposons en t\u00e9tra de 1 L : ananas, orange, multifruits, pamplemousse, pomme, tomate, poire, citron, banane, cerise, myrtille, grenade, p\u00eache, mangue et raisin rouge.<\/p><p>\u00a0<\/p><p style=\"text-align: left;\">Nous proposons \u00e9galement ces saveurs en tetra de 250 ml : orange, ananas, multifruits, mangue et raisin rouge.<\/p>\t\t\t\t\t\t\t\t<\/div>\n\t\t\t\t<\/div>\n\t\t\t\t<div class=\"elementor-element elementor-element-06631df elementor-hidden-phone elementor-hidden-desktop elementor-widget elementor-widget-text-editor\" data-id=\"06631df\" data-element_type=\"widget\" data-e-type=\"widget\" data-no-translation=\"\" data-widget_type=\"text-editor.default\">\n\t\t\t\t<div class=\"elementor-widget-container\">\n\t\t\t\t\t\t\t\t\t<p>Prima est le jus de fruit naturel qui vous apporte la vitalit\u00e9 et les vitamines dont votre corps a besoin.\nChoisissez votre parfum pr\u00e9f\u00e9r\u00e9 parmi tous ceux que nous proposons en t\u00e9tra de 1 L : ananas, orange, multifruits, pamplemousse, pomme, tomate, poire, citron, banane, cerise, myrtille, grenade, p\u00eache, mangue et raisin rouge.\nNous proposons \u00e9galement ces saveurs en tetra de 250 ml : orange, ananas, multifruits, mangue et raisin rouge.<\/p>\t\t\t\t\t\t\t\t<\/div>\n\t\t\t\t<\/div>\n\t\t\t\t\t<\/div>\n\t\t<\/div>\n\t\t\t\t\t<\/div>\n\t\t<\/section>\n\t\t\t\t<\/div>\n\t\t","protected":false},"excerpt":{"rendered":"<p>Prima es el zumo de frutas naturales que te dan la vitalidad y vitaminas que tu cuerpo necesita.Elige tu sabor favorito entre todos los que te ofrecemos en tetra de 1 L : pi\u00f1a, naranja, multifrutas, pomelo, manzana, tomate, pera, lim\u00f3n, pl\u00e1tano, cereza, ar\u00e1ndanos, granada, melocot\u00f3n, mango y uva tinta.Adem\u00e1s, te ofrecemos en tetra de&hellip;<\/p>","protected":false},"author":1,"featured_media":0,"parent":0,"menu_order":0,"comment_status":"closed","ping_status":"closed","template":"elementor_header_footer","meta":{"footnotes":""},"class_list":["post-8272","page","type-page","status-publish","hentry"],"yoast_head":"<!-- This site is optimized with the Yoast SEO plugin v26.9 - https:\/\/yoast.com\/product\/yoast-seo-wordpress\/ -->\n<title>Prima - Foodibev<\/title>\n<meta name=\"robots\" content=\"index, follow, max-snippet:-1, max-image-preview:large, max-video-preview:-1\" \/>\n<link rel=\"canonical\" href=\"https:\/\/foodibev.com\/fr\/prima\/\" \/>\n<meta property=\"og:locale\" content=\"fr_FR\" \/>\n<meta property=\"og:type\" content=\"article\" \/>\n<meta property=\"og:title\" content=\"Prima - Foodibev\" \/>\n<meta property=\"og:description\" content=\"Prima es el zumo de frutas naturales que te dan la vitalidad y vitaminas que tu cuerpo necesita.Elige tu sabor favorito entre todos los que te ofrecemos en tetra de 1 L : pi\u00f1a, naranja, multifrutas, pomelo, manzana, tomate, pera, lim\u00f3n, pl\u00e1tano, cereza, ar\u00e1ndanos, granada, melocot\u00f3n, mango y uva tinta.Adem\u00e1s, te ofrecemos en tetra de&hellip;\" \/>\n<meta property=\"og:url\" content=\"https:\/\/foodibev.com\/fr\/prima\/\" \/>\n<meta property=\"og:site_name\" content=\"Foodibev\" \/>\n<meta property=\"article:modified_time\" content=\"2025-07-04T13:30:29+00:00\" \/>\n<meta property=\"og:image\" content=\"https:\/\/foodibev.com\/wp-content\/uploads\/2023\/04\/prima-movil-scaled.jpg\" \/>\n\t<meta property=\"og:image:width\" content=\"2560\" \/>\n\t<meta property=\"og:image:height\" content=\"1870\" \/>\n\t<meta property=\"og:image:type\" content=\"image\/jpeg\" \/>\n<meta name=\"twitter:card\" content=\"summary_large_image\" \/>\n<meta name=\"twitter:label1\" content=\"Dur\u00e9e de lecture estim\u00e9e\" \/>\n\t<meta name=\"twitter:data1\" content=\"4 minutes\" \/>\n<script type=\"application\/ld+json\" class=\"yoast-schema-graph\">{\"@context\":\"https:\/\/schema.org\",\"@graph\":[{\"@type\":\"WebPage\",\"@id\":\"https:\/\/foodibev.com\/prima\/\",\"url\":\"https:\/\/foodibev.com\/prima\/\",\"name\":\"Prima - Foodibev\",\"isPartOf\":{\"@id\":\"https:\/\/foodibev.com\/#website\"},\"primaryImageOfPage\":{\"@id\":\"https:\/\/foodibev.com\/prima\/#primaryimage\"},\"image\":{\"@id\":\"https:\/\/foodibev.com\/prima\/#primaryimage\"},\"thumbnailUrl\":\"https:\/\/foodibev.com\/wp-content\/uploads\/2023\/04\/prima-movil-scaled.jpg\",\"datePublished\":\"2023-04-18T09:49:11+00:00\",\"dateModified\":\"2025-07-04T13:30:29+00:00\",\"breadcrumb\":{\"@id\":\"https:\/\/foodibev.com\/prima\/#breadcrumb\"},\"inLanguage\":\"fr-FR\",\"potentialAction\":[{\"@type\":\"ReadAction\",\"target\":[\"https:\/\/foodibev.com\/prima\/\"]}]},{\"@type\":\"ImageObject\",\"inLanguage\":\"fr-FR\",\"@id\":\"https:\/\/foodibev.com\/prima\/#primaryimage\",\"url\":\"https:\/\/foodibev.com\/wp-content\/uploads\/2023\/04\/prima-movil-scaled.jpg\",\"contentUrl\":\"https:\/\/foodibev.com\/wp-content\/uploads\/2023\/04\/prima-movil-scaled.jpg\"},{\"@type\":\"BreadcrumbList\",\"@id\":\"https:\/\/foodibev.com\/prima\/#breadcrumb\",\"itemListElement\":[{\"@type\":\"ListItem\",\"position\":1,\"name\":\"Portada\",\"item\":\"https:\/\/foodibev.com\/\"},{\"@type\":\"ListItem\",\"position\":2,\"name\":\"Prima\"}]},{\"@type\":\"WebSite\",\"@id\":\"https:\/\/foodibev.com\/#website\",\"url\":\"https:\/\/foodibev.com\/\",\"name\":\"Foodibev\",\"description\":\"Otro sitio realizado con WordPress\",\"publisher\":{\"@id\":\"https:\/\/foodibev.com\/#organization\"},\"potentialAction\":[{\"@type\":\"SearchAction\",\"target\":{\"@type\":\"EntryPoint\",\"urlTemplate\":\"https:\/\/foodibev.com\/?s={search_term_string}\"},\"query-input\":{\"@type\":\"PropertyValueSpecification\",\"valueRequired\":true,\"valueName\":\"search_term_string\"}}],\"inLanguage\":\"fr-FR\"},{\"@type\":\"Organization\",\"@id\":\"https:\/\/foodibev.com\/#organization\",\"name\":\"Foodibev\",\"url\":\"https:\/\/foodibev.com\/\",\"logo\":{\"@type\":\"ImageObject\",\"inLanguage\":\"fr-FR\",\"@id\":\"https:\/\/foodibev.com\/#\/schema\/logo\/image\/\",\"url\":\"https:\/\/foodibev.com\/wp-content\/uploads\/2021\/04\/Logotipo-Foodibev-2018-scaled.jpg\",\"contentUrl\":\"https:\/\/foodibev.com\/wp-content\/uploads\/2021\/04\/Logotipo-Foodibev-2018-scaled.jpg\",\"width\":2560,\"height\":669,\"caption\":\"Foodibev\"},\"image\":{\"@id\":\"https:\/\/foodibev.com\/#\/schema\/logo\/image\/\"}}]}<\/script>\n<!-- \/ Yoast SEO plugin. -->","yoast_head_json":{"title":"Prima - Foodibev","robots":{"index":"index","follow":"follow","max-snippet":"max-snippet:-1","max-image-preview":"max-image-preview:large","max-video-preview":"max-video-preview:-1"},"canonical":"https:\/\/foodibev.com\/fr\/prima\/","og_locale":"fr_FR","og_type":"article","og_title":"Prima - Foodibev","og_description":"Prima es el zumo de frutas naturales que te dan la vitalidad y vitaminas que tu cuerpo necesita.Elige tu sabor favorito entre todos los que te ofrecemos en tetra de 1 L : pi\u00f1a, naranja, multifrutas, pomelo, manzana, tomate, pera, lim\u00f3n, pl\u00e1tano, cereza, ar\u00e1ndanos, granada, melocot\u00f3n, mango y uva tinta.Adem\u00e1s, te ofrecemos en tetra de&hellip;","og_url":"https:\/\/foodibev.com\/fr\/prima\/","og_site_name":"Foodibev","article_modified_time":"2025-07-04T13:30:29+00:00","og_image":[{"width":2560,"height":1870,"url":"https:\/\/foodibev.com\/wp-content\/uploads\/2023\/04\/prima-movil-scaled.jpg","type":"image\/jpeg"}],"twitter_card":"summary_large_image","twitter_misc":{"Dur\u00e9e de lecture estim\u00e9e":"4 minutes"},"schema":{"@context":"https:\/\/schema.org","@graph":[{"@type":"WebPage","@id":"https:\/\/foodibev.com\/prima\/","url":"https:\/\/foodibev.com\/prima\/","name":"Prima - Foodibev","isPartOf":{"@id":"https:\/\/foodibev.com\/#website"},"primaryImageOfPage":{"@id":"https:\/\/foodibev.com\/prima\/#primaryimage"},"image":{"@id":"https:\/\/foodibev.com\/prima\/#primaryimage"},"thumbnailUrl":"https:\/\/foodibev.com\/wp-content\/uploads\/2023\/04\/prima-movil-scaled.jpg","datePublished":"2023-04-18T09:49:11+00:00","dateModified":"2025-07-04T13:30:29+00:00","breadcrumb":{"@id":"https:\/\/foodibev.com\/prima\/#breadcrumb"},"inLanguage":"fr-FR","potentialAction":[{"@type":"ReadAction","target":["https:\/\/foodibev.com\/prima\/"]}]},{"@type":"ImageObject","inLanguage":"fr-FR","@id":"https:\/\/foodibev.com\/prima\/#primaryimage","url":"https:\/\/foodibev.com\/wp-content\/uploads\/2023\/04\/prima-movil-scaled.jpg","contentUrl":"https:\/\/foodibev.com\/wp-content\/uploads\/2023\/04\/prima-movil-scaled.jpg"},{"@type":"BreadcrumbList","@id":"https:\/\/foodibev.com\/prima\/#breadcrumb","itemListElement":[{"@type":"ListItem","position":1,"name":"Portada","item":"https:\/\/foodibev.com\/"},{"@type":"ListItem","position":2,"name":"Prima"}]},{"@type":"WebSite","@id":"https:\/\/foodibev.com\/#website","url":"https:\/\/foodibev.com\/","name":"Foodibev","description":"Otro sitio realizado con WordPress","publisher":{"@id":"https:\/\/foodibev.com\/#organization"},"potentialAction":[{"@type":"SearchAction","target":{"@type":"EntryPoint","urlTemplate":"https:\/\/foodibev.com\/?s={search_term_string}"},"query-input":{"@type":"PropertyValueSpecification","valueRequired":true,"valueName":"search_term_string"}}],"inLanguage":"fr-FR"},{"@type":"Organization","@id":"https:\/\/foodibev.com\/#organization","name":"Foodibev","url":"https:\/\/foodibev.com\/","logo":{"@type":"ImageObject","inLanguage":"fr-FR","@id":"https:\/\/foodibev.com\/#\/schema\/logo\/image\/","url":"https:\/\/foodibev.com\/wp-content\/uploads\/2021\/04\/Logotipo-Foodibev-2018-scaled.jpg","contentUrl":"https:\/\/foodibev.com\/wp-content\/uploads\/2021\/04\/Logotipo-Foodibev-2018-scaled.jpg","width":2560,"height":669,"caption":"Foodibev"},"image":{"@id":"https:\/\/foodibev.com\/#\/schema\/logo\/image\/"}}]}},"_links":{"self":[{"href":"https:\/\/foodibev.com\/fr\/wp-json\/wp\/v2\/pages\/8272","targetHints":{"allow":["GET"]}}],"collection":[{"href":"https:\/\/foodibev.com\/fr\/wp-json\/wp\/v2\/pages"}],"about":[{"href":"https:\/\/foodibev.com\/fr\/wp-json\/wp\/v2\/types\/page"}],"author":[{"embeddable":true,"href":"https:\/\/foodibev.com\/fr\/wp-json\/wp\/v2\/users\/1"}],"replies":[{"embeddable":true,"href":"https:\/\/foodibev.com\/fr\/wp-json\/wp\/v2\/comments?post=8272"}],"version-history":[{"count":46,"href":"https:\/\/foodibev.com\/fr\/wp-json\/wp\/v2\/pages\/8272\/revisions"}],"predecessor-version":[{"id":10312,"href":"https:\/\/foodibev.com\/fr\/wp-json\/wp\/v2\/pages\/8272\/revisions\/10312"}],"wp:attachment":[{"href":"https:\/\/foodibev.com\/fr\/wp-json\/wp\/v2\/media?parent=8272"}],"curies":[{"name":"wp","href":"https:\/\/api.w.org\/{rel}","templated":true}]}}