{"id":7490,"date":"2022-03-31T08:04:06","date_gmt":"2022-03-31T08:04:06","guid":{"rendered":"https:\/\/foodibev.com\/?page_id=7490"},"modified":"2023-05-18T10:30:18","modified_gmt":"2023-05-18T10:30:18","slug":"politica-de-cookies","status":"publish","type":"page","link":"https:\/\/foodibev.com\/fr\/politica-de-cookies\/","title":{"rendered":"Politique de cookies"},"content":{"rendered":"<div data-elementor-type=\"wp-page\" data-elementor-id=\"7490\" class=\"elementor elementor-7490\">\n\t\t\t\t\t\t<section class=\"elementor-section elementor-top-section elementor-element elementor-element-753e570 elementor-section-stretched elementor-section-boxed elementor-section-height-default elementor-section-height-default\" data-id=\"753e570\" data-element_type=\"section\" data-e-type=\"section\" data-settings=\"{&quot;stretch_section&quot;:&quot;section-stretched&quot;}\">\n\t\t\t\t\t\t<div class=\"elementor-container elementor-column-gap-default\">\n\t\t\t\t\t<div class=\"elementor-column elementor-col-100 elementor-top-column elementor-element elementor-element-3f731ac\" data-id=\"3f731ac\" data-element_type=\"column\" data-e-type=\"column\">\n\t\t\t<div class=\"elementor-widget-wrap elementor-element-populated\">\n\t\t\t\t\t\t<div class=\"elementor-element elementor-element-030ffc9 elementor-widget elementor-widget-heading\" data-id=\"030ffc9\" data-element_type=\"widget\" data-e-type=\"widget\" data-no-translation=\"\" data-widget_type=\"heading.default\">\n\t\t\t\t<div class=\"elementor-widget-container\">\n\t\t\t\t\t<style>.elementor-element-030ffc9{display:none !important}<\/style>\t\t\t\t<\/div>\n\t\t\t\t<\/div>\n\t\t\t\t<div class=\"elementor-element elementor-element-32f89a5 elementor-widget elementor-widget-heading\" data-id=\"32f89a5\" data-element_type=\"widget\" data-e-type=\"widget\" data-no-translation=\"\" data-widget_type=\"heading.default\">\n\t\t\t\t<div class=\"elementor-widget-container\">\n\t\t\t\t\t<style>.elementor-element-32f89a5{display:none !important}<\/style>\t\t\t\t<\/div>\n\t\t\t\t<\/div>\n\t\t\t\t<div class=\"elementor-element elementor-element-a5d88f9 elementor-widget elementor-widget-heading\" data-id=\"a5d88f9\" data-element_type=\"widget\" data-e-type=\"widget\" data-no-translation=\"\" data-widget_type=\"heading.default\">\n\t\t\t\t<div class=\"elementor-widget-container\">\n\t\t\t\t\t<h2 class=\"elementor-heading-title elementor-size-default\">Politique de cookies<\/h2>\t\t\t\t<\/div>\n\t\t\t\t<\/div>\n\t\t\t\t<div class=\"elementor-element elementor-element-37411e1 elementor-widget elementor-widget-text-editor\" data-id=\"37411e1\" data-element_type=\"widget\" data-e-type=\"widget\" data-widget_type=\"text-editor.default\">\n\t\t\t\t<div class=\"elementor-widget-container\">\n\t\t\t\t\t\t\t\t\t<div class=\"cli_pg_page_contaner\"><p>ACERCA DE ESTA POL\u00cdTICA DE COOKIES<\/p><p>Esta Pol\u00edtica de Cookies explica qu\u00e9 son las cookies y c\u00f3mo las utilizamos, los tipos de cookies que utilizamos, es decir, la informaci\u00f3n que recopilamos mediante cookies y c\u00f3mo se utiliza esa informaci\u00f3n, as\u00ed como c\u00f3mo controlar las preferencias de cookies. Para obtener m\u00e1s informaci\u00f3n sobre c\u00f3mo utilizamos, almacenamos y mantenemos seguros tus datos personales, consulta nuestra Pol\u00edtica de Privacidad.<\/p><p>En cualquier momento, puedes cambiar o retirar tu consentimiento de la Declaraci\u00f3n de Cookies en nuestro sitio web. Obt\u00e9n m\u00e1s informaci\u00f3n sobre qui\u00e9nes somos, c\u00f3mo puedes ponerte en contacto con nosotros y c\u00f3mo procesamos los datos personales en nuestra Pol\u00edtica de Privacidad.<\/p><p>Tu consentimiento se aplica a los siguientes dominios: foodibev.com Your current state: Consentimiento aceptado. Gestiona tu consentimiento.<\/p><p>\u00bfQU\u00c9 SON LAS COOKIES?<\/p><p>Las cookies son peque\u00f1os archivos de texto que se utilizan para almacenar peque\u00f1as piezas de informaci\u00f3n. Se almacenan en tu dispositivo cuando el sitio web se carga en tu navegador. Estas cookies nos ayudan a que el sitio web funcione correctamente, sea m\u00e1s seguro, proporcione una mejor experiencia de usuario, y nos permiten entender c\u00f3mo se desempe\u00f1a el sitio web y analizar qu\u00e9 funciona y d\u00f3nde se necesita mejorar.<\/p><p>\u00bfC\u00d3MO UTILIZAMOS LAS COOKIES?<\/p><p>Al igual que la mayor\u00eda de los servicios en l\u00ednea, nuestro sitio web utiliza cookies propias y cookies de terceros con varios prop\u00f3sitos. Las cookies propias son principalmente necesarias para que el sitio web funcione de la manera correcta, y no recopilan ninguno de tus datos personales identificables.<\/p><p>Las cookies de terceros utilizadas en nuestro sitio web son principalmente para entender c\u00f3mo se desempe\u00f1a el sitio web, c\u00f3mo interact\u00faas con nuestro sitio web, mantener nuestros servicios seguros, proporcionar anuncios relevantes para ti y, en general, brindarte una experiencia de usuario mejorada y ayudar a agilizar tus futuras interacciones con nuestro sitio web.<\/p><p>\u00bfQU\u00c9 TIPOS DE COOKIES UTILIZAMOS?<\/p><p>Esenciales: Algunas cookies son esenciales para que puedas experimentar la funcionalidad completa de nuestro sitio. Nos permiten mantener las sesiones de usuario y prevenir cualquier amenaza de seguridad. No recopilan ni almacenan ninguna informaci\u00f3n personal. Por ejemplo, estas cookies te permiten iniciar sesi\u00f3n en tu cuenta, agregar productos a tu carrito y realizar el pago de forma segura.<\/p><p>Estad\u00edsticas: Estas cookies almacenan informaci\u00f3n como el n\u00famero de visitantes al sitio web, el n\u00famero de visitantes \u00fanicos, qu\u00e9 p\u00e1ginas del sitio web se han visitado, la fuente de la visita, etc. Estos datos nos ayudan a comprender y analizar el rendimiento del sitio web, as\u00ed como a identificar \u00e1reas que requieren mejoras.<\/p><p>Marketing: Nuestro sitio web muestra publicidad. Estas cookies se utilizan para personalizar los anuncios que te mostramos para que sean relevantes para ti. Estas cookies tambi\u00e9n nos ayudan a realizar un seguimiento de la eficacia de estas campa\u00f1as publicitarias. La informaci\u00f3n almacenada en estas cookies tambi\u00e9n puede ser utilizada por los proveedores de anuncios de terceros para mostrarte anuncios en otros sitios web en tu navegador.<\/p><p>Funcionales: Estas son las cookies que ayudan a ciertas funcionalidades no esenciales en nuestro sitio web. Estas funcionalidades incluyen la incorporaci\u00f3n de contenido como videos o compartir contenido del sitio en plataformas de redes sociales.<\/p><p>Preferencias: Estas cookies nos ayudan a almacenar tus configuraciones y preferencias de navegaci\u00f3n, como tus preferencias de idioma, para que puedas tener una experiencia mejor y m\u00e1s eficiente en futuras visitas al sitio web. A continuaci\u00f3n se detalla la lista de cookies utilizadas en nuestro sitio web.<\/p><p>COOKIE DESCRIPCI\u00d3N<\/p><p>_fbp Esta cookie se establece mediante Facebook para mostrar anuncios cuando est\u00e1s en Facebook o en una plataforma digital impulsada por la publicidad de Facebook, despu\u00e9s de visitar el sitio web.<\/p><p>_ga La cookie _ga, instalada por Google Analytics, calcula datos de visitantes, sesiones y campa\u00f1as, y tambi\u00e9n realiza un seguimiento del uso del sitio para informes anal\u00edticos del sitio. La cookie almacena informaci\u00f3n de forma an\u00f3nima y asigna un n\u00famero generado aleatoriamente para reconocer a los visitantes \u00fanicos.<\/p><p>_gat_UA-194942623-5 Una variante de la cookie _gat establecida por Google Analytics y Google Tag Manager para permitir que los propietarios del sitio web rastreen el comportamiento de los visitantes y mida el rendimiento del sitio. El elemento \u00abpattern\u00bb en el nombre contiene el n\u00famero de identidad \u00fanico de la cuenta o sitio web al que se refiere.<\/p><p>_gid Instalada por Google Analytics, la cookie _gid almacena informaci\u00f3n sobre c\u00f3mo los visitantes utilizan un sitio web, y tambi\u00e9n crea un informe de an\u00e1lisis del rendimiento del sitio web. Algunos de los datos que se recopilan incluyen el n\u00famero de visitantes, su origen y las p\u00e1ginas que visitan de forma an\u00f3nima.<\/p><p>cookielawinfo-checkbox-analytics Establecida por el complemento de Consentimiento de Cookies del GDPR, esta cookie se utiliza para registrar el consentimiento del usuario para las cookies en la categor\u00eda \u00abAnalytics\u00bb.<\/p><p>cookielawinfo-checkbox-functional La cookie se establece mediante el complemento de Consentimiento de Cookies del GDPR para registrar el consentimiento del usuario para las cookies en la categor\u00eda \u00abFuncionales\u00bb.<\/p><p>cookielawinfo-checkbox-necessary Establecida por el complemento de Consentimiento de Cookies del GDPR, esta cookie se utiliza para registrar el consentimiento del usuario para las cookies en la categor\u00eda \u00abNecesarias\u00bb.<\/p><p>cookielawinfo-checkbox-non-necessary Establecida por el complemento de Consentimiento de Cookies del GDPR, esta cookie se utiliza para registrar el consentimiento del usuario para las cookies en la categor\u00eda \u00abNo necesarias\u00bb.<\/p><p>cookielawinfo-checkbox-others Establecida por el complemento de Consentimiento de Cookies del GDPR, esta cookie se utiliza para almacenar el consentimiento del usuario para las cookies en la categor\u00eda \u00abOtros\u00bb.<\/p><p>cookielawinfo-checkbox-performance Establecida por el complemento de Consentimiento de Cookies del GDPR, esta cookie se utiliza para almacenar el consentimiento del usuario para las cookies en la categor\u00eda \u00abRendimiento\u00bb.<\/p><p>fr Facebook establece esta cookie para mostrar anuncios relevantes a los usuarios mediante el seguimiento del comportamiento del usuario en la web, en sitios que tienen p\u00edxel de Facebook o complemento social de Facebook.<\/p><p>qtrans_front_language: Esta cookie se establece mediante el complemento qTranslate de WordPress. Se utiliza para gestionar el idioma preferido del visitante.<\/p><p>viewed_cookie_policy: Esta cookie se establece mediante el complemento GDPR Cookie Consent y se utiliza para almacenar si el usuario ha dado su consentimiento para el uso de cookies. No almacena ning\u00fan dato personal.<\/p><p>\u00bfC\u00d3MO PUEDO CONTROLAR LAS PREFERENCIAS DE LAS COOKIES? Si decides cambiar tus preferencias m\u00e1s adelante durante tu sesi\u00f3n de navegaci\u00f3n, puedes hacer clic en la pesta\u00f1a \u00abPrivacidad y Pol\u00edtica de Cookies\u00bb en tu pantalla. Esto mostrar\u00e1 nuevamente el aviso de consentimiento, lo que te permitir\u00e1 cambiar tus preferencias o retirar tu consentimiento por completo.<\/p><p>Adem\u00e1s de esto, diferentes navegadores ofrecen diferentes m\u00e9todos para bloquear y eliminar las cookies utilizadas por los sitios web. Puedes cambiar la configuraci\u00f3n de tu navegador para bloquear\/eliminar las cookies. Para obtener m\u00e1s informaci\u00f3n sobre c\u00f3mo administrar y eliminar las cookies, visita wikipedia.org o <a href=\"http:\/\/www.allaboutcookies.org\/\">www.allaboutcookies.org<\/a>.<\/p><p>\u00a0<\/p><p>\u00a0<\/p><\/div>\t\t\t\t\t\t\t\t<\/div>\n\t\t\t\t<\/div>\n\t\t\t\t\t<\/div>\n\t\t<\/div>\n\t\t\t\t\t<\/div>\n\t\t<\/section>\n\t\t\t\t<section class=\"elementor-section elementor-top-section elementor-element elementor-element-343e8ca elementor-section-boxed elementor-section-height-default elementor-section-height-default\" data-id=\"343e8ca\" data-element_type=\"section\" data-e-type=\"section\">\n\t\t\t\t\t\t<div class=\"elementor-container elementor-column-gap-default\">\n\t\t\t\t\t<div class=\"elementor-column elementor-col-100 elementor-top-column elementor-element elementor-element-fae2657\" data-id=\"fae2657\" data-element_type=\"column\" data-e-type=\"column\">\n\t\t\t<div class=\"elementor-widget-wrap\">\n\t\t\t\t\t\t\t<\/div>\n\t\t<\/div>\n\t\t\t\t\t<\/div>\n\t\t<\/section>\n\t\t\t\t<\/div>","protected":false},"excerpt":{"rendered":"<p>Pol\u00edtica de cookies ACERCA DE ESTA POL\u00cdTICA DE COOKIES Esta Pol\u00edtica de Cookies explica qu\u00e9 son las cookies y c\u00f3mo las utilizamos, los tipos de cookies que utilizamos, es decir, la informaci\u00f3n que recopilamos mediante cookies y c\u00f3mo se utiliza esa informaci\u00f3n, as\u00ed como c\u00f3mo controlar las preferencias de cookies. Para obtener m\u00e1s informaci\u00f3n sobre&hellip;<\/p>","protected":false},"author":1,"featured_media":0,"parent":0,"menu_order":0,"comment_status":"closed","ping_status":"closed","template":"","meta":{"footnotes":""},"class_list":["post-7490","page","type-page","status-publish","hentry"],"yoast_head":"<!-- This site is optimized with the Yoast SEO plugin v26.9 - https:\/\/yoast.com\/product\/yoast-seo-wordpress\/ -->\n<title>Pol\u00edtica de cookies - Foodibev<\/title>\n<meta name=\"robots\" content=\"index, follow, max-snippet:-1, max-image-preview:large, max-video-preview:-1\" \/>\n<link rel=\"canonical\" href=\"https:\/\/foodibev.com\/fr\/politica-de-cookies\/\" \/>\n<meta property=\"og:locale\" content=\"fr_FR\" \/>\n<meta property=\"og:type\" content=\"article\" \/>\n<meta property=\"og:title\" content=\"Pol\u00edtica de cookies - Foodibev\" \/>\n<meta property=\"og:description\" content=\"Pol\u00edtica de cookies ACERCA DE ESTA POL\u00cdTICA DE COOKIES Esta Pol\u00edtica de Cookies explica qu\u00e9 son las cookies y c\u00f3mo las utilizamos, los tipos de cookies que utilizamos, es decir, la informaci\u00f3n que recopilamos mediante cookies y c\u00f3mo se utiliza esa informaci\u00f3n, as\u00ed como c\u00f3mo controlar las preferencias de cookies. Para obtener m\u00e1s informaci\u00f3n sobre&hellip;\" \/>\n<meta property=\"og:url\" content=\"https:\/\/foodibev.com\/fr\/politica-de-cookies\/\" \/>\n<meta property=\"og:site_name\" content=\"Foodibev\" \/>\n<meta property=\"article:modified_time\" content=\"2023-05-18T10:30:18+00:00\" \/>\n<meta name=\"twitter:card\" content=\"summary_large_image\" \/>\n<meta name=\"twitter:label1\" content=\"Dur\u00e9e de lecture estim\u00e9e\" \/>\n\t<meta name=\"twitter:data1\" content=\"6 minutes\" \/>\n<script type=\"application\/ld+json\" class=\"yoast-schema-graph\">{\"@context\":\"https:\/\/schema.org\",\"@graph\":[{\"@type\":\"WebPage\",\"@id\":\"https:\/\/foodibev.com\/politica-de-cookies\/\",\"url\":\"https:\/\/foodibev.com\/politica-de-cookies\/\",\"name\":\"Pol\u00edtica de cookies - Foodibev\",\"isPartOf\":{\"@id\":\"https:\/\/foodibev.com\/#website\"},\"datePublished\":\"2022-03-31T08:04:06+00:00\",\"dateModified\":\"2023-05-18T10:30:18+00:00\",\"breadcrumb\":{\"@id\":\"https:\/\/foodibev.com\/politica-de-cookies\/#breadcrumb\"},\"inLanguage\":\"fr-FR\",\"potentialAction\":[{\"@type\":\"ReadAction\",\"target\":[\"https:\/\/foodibev.com\/politica-de-cookies\/\"]}]},{\"@type\":\"BreadcrumbList\",\"@id\":\"https:\/\/foodibev.com\/politica-de-cookies\/#breadcrumb\",\"itemListElement\":[{\"@type\":\"ListItem\",\"position\":1,\"name\":\"Portada\",\"item\":\"https:\/\/foodibev.com\/\"},{\"@type\":\"ListItem\",\"position\":2,\"name\":\"Pol\u00edtica de cookies\"}]},{\"@type\":\"WebSite\",\"@id\":\"https:\/\/foodibev.com\/#website\",\"url\":\"https:\/\/foodibev.com\/\",\"name\":\"Foodibev\",\"description\":\"Otro sitio realizado con WordPress\",\"publisher\":{\"@id\":\"https:\/\/foodibev.com\/#organization\"},\"potentialAction\":[{\"@type\":\"SearchAction\",\"target\":{\"@type\":\"EntryPoint\",\"urlTemplate\":\"https:\/\/foodibev.com\/?s={search_term_string}\"},\"query-input\":{\"@type\":\"PropertyValueSpecification\",\"valueRequired\":true,\"valueName\":\"search_term_string\"}}],\"inLanguage\":\"fr-FR\"},{\"@type\":\"Organization\",\"@id\":\"https:\/\/foodibev.com\/#organization\",\"name\":\"Foodibev\",\"url\":\"https:\/\/foodibev.com\/\",\"logo\":{\"@type\":\"ImageObject\",\"inLanguage\":\"fr-FR\",\"@id\":\"https:\/\/foodibev.com\/#\/schema\/logo\/image\/\",\"url\":\"https:\/\/foodibev.com\/wp-content\/uploads\/2021\/04\/Logotipo-Foodibev-2018-scaled.jpg\",\"contentUrl\":\"https:\/\/foodibev.com\/wp-content\/uploads\/2021\/04\/Logotipo-Foodibev-2018-scaled.jpg\",\"width\":2560,\"height\":669,\"caption\":\"Foodibev\"},\"image\":{\"@id\":\"https:\/\/foodibev.com\/#\/schema\/logo\/image\/\"}}]}<\/script>\n<!-- \/ Yoast SEO plugin. -->","yoast_head_json":{"title":"Pol\u00edtica de cookies - Foodibev","robots":{"index":"index","follow":"follow","max-snippet":"max-snippet:-1","max-image-preview":"max-image-preview:large","max-video-preview":"max-video-preview:-1"},"canonical":"https:\/\/foodibev.com\/fr\/politica-de-cookies\/","og_locale":"fr_FR","og_type":"article","og_title":"Pol\u00edtica de cookies - Foodibev","og_description":"Pol\u00edtica de cookies ACERCA DE ESTA POL\u00cdTICA DE COOKIES Esta Pol\u00edtica de Cookies explica qu\u00e9 son las cookies y c\u00f3mo las utilizamos, los tipos de cookies que utilizamos, es decir, la informaci\u00f3n que recopilamos mediante cookies y c\u00f3mo se utiliza esa informaci\u00f3n, as\u00ed como c\u00f3mo controlar las preferencias de cookies. Para obtener m\u00e1s informaci\u00f3n sobre&hellip;","og_url":"https:\/\/foodibev.com\/fr\/politica-de-cookies\/","og_site_name":"Foodibev","article_modified_time":"2023-05-18T10:30:18+00:00","twitter_card":"summary_large_image","twitter_misc":{"Dur\u00e9e de lecture estim\u00e9e":"6 minutes"},"schema":{"@context":"https:\/\/schema.org","@graph":[{"@type":"WebPage","@id":"https:\/\/foodibev.com\/politica-de-cookies\/","url":"https:\/\/foodibev.com\/politica-de-cookies\/","name":"Pol\u00edtica de cookies - Foodibev","isPartOf":{"@id":"https:\/\/foodibev.com\/#website"},"datePublished":"2022-03-31T08:04:06+00:00","dateModified":"2023-05-18T10:30:18+00:00","breadcrumb":{"@id":"https:\/\/foodibev.com\/politica-de-cookies\/#breadcrumb"},"inLanguage":"fr-FR","potentialAction":[{"@type":"ReadAction","target":["https:\/\/foodibev.com\/politica-de-cookies\/"]}]},{"@type":"BreadcrumbList","@id":"https:\/\/foodibev.com\/politica-de-cookies\/#breadcrumb","itemListElement":[{"@type":"ListItem","position":1,"name":"Portada","item":"https:\/\/foodibev.com\/"},{"@type":"ListItem","position":2,"name":"Pol\u00edtica de cookies"}]},{"@type":"WebSite","@id":"https:\/\/foodibev.com\/#website","url":"https:\/\/foodibev.com\/","name":"Foodibev","description":"Otro sitio realizado con WordPress","publisher":{"@id":"https:\/\/foodibev.com\/#organization"},"potentialAction":[{"@type":"SearchAction","target":{"@type":"EntryPoint","urlTemplate":"https:\/\/foodibev.com\/?s={search_term_string}"},"query-input":{"@type":"PropertyValueSpecification","valueRequired":true,"valueName":"search_term_string"}}],"inLanguage":"fr-FR"},{"@type":"Organization","@id":"https:\/\/foodibev.com\/#organization","name":"Foodibev","url":"https:\/\/foodibev.com\/","logo":{"@type":"ImageObject","inLanguage":"fr-FR","@id":"https:\/\/foodibev.com\/#\/schema\/logo\/image\/","url":"https:\/\/foodibev.com\/wp-content\/uploads\/2021\/04\/Logotipo-Foodibev-2018-scaled.jpg","contentUrl":"https:\/\/foodibev.com\/wp-content\/uploads\/2021\/04\/Logotipo-Foodibev-2018-scaled.jpg","width":2560,"height":669,"caption":"Foodibev"},"image":{"@id":"https:\/\/foodibev.com\/#\/schema\/logo\/image\/"}}]}},"_links":{"self":[{"href":"https:\/\/foodibev.com\/fr\/wp-json\/wp\/v2\/pages\/7490","targetHints":{"allow":["GET"]}}],"collection":[{"href":"https:\/\/foodibev.com\/fr\/wp-json\/wp\/v2\/pages"}],"about":[{"href":"https:\/\/foodibev.com\/fr\/wp-json\/wp\/v2\/types\/page"}],"author":[{"embeddable":true,"href":"https:\/\/foodibev.com\/fr\/wp-json\/wp\/v2\/users\/1"}],"replies":[{"embeddable":true,"href":"https:\/\/foodibev.com\/fr\/wp-json\/wp\/v2\/comments?post=7490"}],"version-history":[{"count":13,"href":"https:\/\/foodibev.com\/fr\/wp-json\/wp\/v2\/pages\/7490\/revisions"}],"predecessor-version":[{"id":8351,"href":"https:\/\/foodibev.com\/fr\/wp-json\/wp\/v2\/pages\/7490\/revisions\/8351"}],"wp:attachment":[{"href":"https:\/\/foodibev.com\/fr\/wp-json\/wp\/v2\/media?parent=7490"}],"curies":[{"name":"wp","href":"https:\/\/api.w.org\/{rel}","templated":true}]}}