{"id":5894,"date":"2021-05-12T13:45:39","date_gmt":"2021-05-12T13:45:39","guid":{"rendered":"https:\/\/foodibev.com\/?page_id=5894"},"modified":"2025-10-16T11:45:32","modified_gmt":"2025-10-16T11:45:32","slug":"double-7","status":"publish","type":"page","link":"https:\/\/foodibev.com\/fr\/double-7\/","title":{"rendered":"Double 7"},"content":{"rendered":"\t\t<div data-elementor-type=\"wp-page\" data-elementor-id=\"5894\" class=\"elementor elementor-5894\">\n\t\t\t\t\t\t<section class=\"elementor-section elementor-top-section elementor-element elementor-element-40580cc elementor-section-full_width elementor-section-stretched elementor-hidden-desktop elementor-hidden-tablet elementor-section-height-default elementor-section-height-default\" data-id=\"40580cc\" data-element_type=\"section\" data-e-type=\"section\" data-settings=\"{&quot;stretch_section&quot;:&quot;section-stretched&quot;,&quot;background_background&quot;:&quot;classic&quot;}\">\n\t\t\t\t\t\t<div class=\"elementor-container elementor-column-gap-default\">\n\t\t\t\t\t<div class=\"elementor-column elementor-col-100 elementor-top-column elementor-element elementor-element-b49e3fe\" data-id=\"b49e3fe\" data-element_type=\"column\" data-e-type=\"column\">\n\t\t\t<div class=\"elementor-widget-wrap elementor-element-populated\">\n\t\t\t\t\t\t<div class=\"elementor-element elementor-element-0a8744d elementor-widget elementor-widget-image\" data-id=\"0a8744d\" data-element_type=\"widget\" data-e-type=\"widget\" data-widget_type=\"image.default\">\n\t\t\t\t<div class=\"elementor-widget-container\">\n\t\t\t\t\t\t\t\t\t\t\t\t\t\t\t\t<a href=\"https:\/\/doublesevenenergy.com\/\">\n\t\t\t\t\t\t\t<img fetchpriority=\"high\" decoding=\"async\" width=\"2560\" height=\"1473\" src=\"https:\/\/foodibev.com\/wp-content\/uploads\/2024\/10\/Double-Seven-2-scaled.webp\" class=\"attachment-full size-full wp-image-9382\" alt=\"\" srcset=\"https:\/\/foodibev.com\/wp-content\/uploads\/2024\/10\/Double-Seven-2-scaled.webp 2560w, https:\/\/foodibev.com\/wp-content\/uploads\/2024\/10\/Double-Seven-2-300x173.webp 300w, https:\/\/foodibev.com\/wp-content\/uploads\/2024\/10\/Double-Seven-2-1024x589.webp 1024w, https:\/\/foodibev.com\/wp-content\/uploads\/2024\/10\/Double-Seven-2-768x442.webp 768w, https:\/\/foodibev.com\/wp-content\/uploads\/2024\/10\/Double-Seven-2-1536x884.webp 1536w, https:\/\/foodibev.com\/wp-content\/uploads\/2024\/10\/Double-Seven-2-2048x1179.webp 2048w, https:\/\/foodibev.com\/wp-content\/uploads\/2024\/10\/Double-Seven-2-18x10.webp 18w\" sizes=\"(max-width: 2560px) 100vw, 2560px\" \/>\t\t\t\t\t\t\t\t<\/a>\n\t\t\t\t\t\t\t\t\t\t\t\t\t\t\t<\/div>\n\t\t\t\t<\/div>\n\t\t\t\t\t<\/div>\n\t\t<\/div>\n\t\t\t\t\t<\/div>\n\t\t<\/section>\n\t\t\t\t<section class=\"elementor-section elementor-top-section elementor-element elementor-element-e2db057 elementor-hidden-desktop elementor-hidden-tablet elementor-section-boxed elementor-section-height-default elementor-section-height-default\" data-id=\"e2db057\" data-element_type=\"section\" data-e-type=\"section\" data-settings=\"{&quot;background_background&quot;:&quot;classic&quot;}\">\n\t\t\t\t\t\t<div class=\"elementor-container elementor-column-gap-default\">\n\t\t\t\t\t<div class=\"elementor-column elementor-col-100 elementor-top-column elementor-element elementor-element-59b4a49\" data-id=\"59b4a49\" data-element_type=\"column\" data-e-type=\"column\">\n\t\t\t<div class=\"elementor-widget-wrap elementor-element-populated\">\n\t\t\t\t\t\t<div class=\"elementor-element elementor-element-5fb2807 elementor-widget elementor-widget-text-editor\" data-id=\"5fb2807\" data-element_type=\"widget\" data-e-type=\"widget\" data-no-translation=\"\" data-widget_type=\"text-editor.default\">\n\t\t\t\t<div class=\"elementor-widget-container\">\n\t\t\t\t\t<style>.elementor-element-5fb2807{display:none !important}<\/style>\t\t\t\t<\/div>\n\t\t\t\t<\/div>\n\t\t\t\t<div class=\"elementor-element elementor-element-23c73a1 elementor-widget elementor-widget-text-editor\" data-id=\"23c73a1\" data-element_type=\"widget\" data-e-type=\"widget\" data-no-translation=\"\" data-widget_type=\"text-editor.default\">\n\t\t\t\t<div class=\"elementor-widget-container\">\n\t\t\t\t\t<style>.elementor-element-23c73a1{display:none !important}<\/style>\t\t\t\t<\/div>\n\t\t\t\t<\/div>\n\t\t\t\t<div class=\"elementor-element elementor-element-1aa3a06 elementor-widget elementor-widget-text-editor\" data-id=\"1aa3a06\" data-element_type=\"widget\" data-e-type=\"widget\" data-no-translation=\"\" data-widget_type=\"text-editor.default\">\n\t\t\t\t<div class=\"elementor-widget-container\">\n\t\t\t\t\t\t\t\t\t<p>Double Seven est la boisson \u00e9nerg\u00e9tique qui double vos limites gr\u00e2ce \u00e0 la caf\u00e9ine, la taurine et les vitamines. Vous pouvez trouver Double Seven existe en diff\u00e9rents formats (50 cl, 33 cl et 25 cl) et Sugar Free.<\/p><p>Si tu veux en savoir plus, visite <a href=\"https:\/\/double7energy.com\/\">www.doublesevenenergy.com<\/a><\/p>\t\t\t\t\t\t\t\t<\/div>\n\t\t\t\t<\/div>\n\t\t\t\t\t<\/div>\n\t\t<\/div>\n\t\t\t\t\t<\/div>\n\t\t<\/section>\n\t\t\t\t<section class=\"elementor-section elementor-top-section elementor-element elementor-element-8b5c21a elementor-section-full_width elementor-hidden-phone elementor-section-height-default elementor-section-height-default\" data-id=\"8b5c21a\" data-element_type=\"section\" data-e-type=\"section\" data-settings=\"{&quot;background_background&quot;:&quot;slideshow&quot;,&quot;background_slideshow_gallery&quot;:[{&quot;id&quot;:6820,&quot;url&quot;:&quot;https:\\\/\\\/foodibev.com\\\/wp-content\\\/uploads\\\/2021\\\/06\\\/der-scaled.jpg&quot;}],&quot;background_slideshow_loop&quot;:&quot;yes&quot;,&quot;background_slideshow_slide_duration&quot;:5000,&quot;background_slideshow_slide_transition&quot;:&quot;fade&quot;,&quot;background_slideshow_transition_duration&quot;:500}\">\n\t\t\t\t\t\t<div class=\"elementor-container elementor-column-gap-default\">\n\t\t\t\t\t<div class=\"elementor-column elementor-col-33 elementor-top-column elementor-element elementor-element-9306e11\" data-id=\"9306e11\" data-element_type=\"column\" data-e-type=\"column\">\n\t\t\t<div class=\"elementor-widget-wrap elementor-element-populated\">\n\t\t\t\t\t\t<div class=\"elementor-element elementor-element-90acdb7 elementor-hidden-tablet elementor-hidden-phone elementor-widget elementor-widget-image\" data-id=\"90acdb7\" data-element_type=\"widget\" data-e-type=\"widget\" data-widget_type=\"image.default\">\n\t\t\t\t<div class=\"elementor-widget-container\">\n\t\t\t\t\t\t\t\t\t\t\t\t\t\t\t\t<a href=\"https:\/\/double7energy.com\/\">\n\t\t\t\t\t\t\t<img decoding=\"async\" width=\"300\" height=\"156\" src=\"https:\/\/foodibev.com\/wp-content\/uploads\/2021\/06\/d7-logo-300x156.png\" class=\"attachment-medium size-medium wp-image-6817\" alt=\"\" srcset=\"https:\/\/foodibev.com\/wp-content\/uploads\/2021\/06\/d7-logo-300x156.png 300w, https:\/\/foodibev.com\/wp-content\/uploads\/2021\/06\/d7-logo-600x312.png 600w, https:\/\/foodibev.com\/wp-content\/uploads\/2021\/06\/d7-logo-1024x533.png 1024w, https:\/\/foodibev.com\/wp-content\/uploads\/2021\/06\/d7-logo-768x400.png 768w, https:\/\/foodibev.com\/wp-content\/uploads\/2021\/06\/d7-logo-16x8.png 16w, https:\/\/foodibev.com\/wp-content\/uploads\/2021\/06\/d7-logo.png 1494w\" sizes=\"(max-width: 300px) 100vw, 300px\" \/>\t\t\t\t\t\t\t\t<\/a>\n\t\t\t\t\t\t\t\t\t\t\t\t\t\t\t<\/div>\n\t\t\t\t<\/div>\n\t\t\t\t<div class=\"elementor-element elementor-element-ada48cd elementor-hidden-desktop elementor-hidden-phone elementor-widget elementor-widget-image\" data-id=\"ada48cd\" data-element_type=\"widget\" data-e-type=\"widget\" data-widget_type=\"image.default\">\n\t\t\t\t<div class=\"elementor-widget-container\">\n\t\t\t\t\t\t\t\t\t\t\t\t\t\t\t\t<a href=\"https:\/\/double7energy.com\/\">\n\t\t\t\t\t\t\t<img decoding=\"async\" src=\"https:\/\/foodibev.com\/wp-content\/uploads\/elementor\/thumbs\/d7-logo-p8ga2y0jgo2ce6x8xji3y87rqx83obxefgrbb3om3s.png\" title=\"d7-logo\" alt=\"d7-logo\" loading=\"lazy\" \/>\t\t\t\t\t\t\t\t<\/a>\n\t\t\t\t\t\t\t\t\t\t\t\t\t\t\t<\/div>\n\t\t\t\t<\/div>\n\t\t\t\t<div class=\"elementor-element elementor-element-a501179 elementor-hidden-phone elementor-hidden-tablet elementor-widget elementor-widget-text-editor\" data-id=\"a501179\" data-element_type=\"widget\" data-e-type=\"widget\" data-no-translation=\"\" data-widget_type=\"text-editor.default\">\n\t\t\t\t<div class=\"elementor-widget-container\">\n\t\t\t\t\t<style>.elementor-element-a501179{display:none !important}<\/style>\t\t\t\t<\/div>\n\t\t\t\t<\/div>\n\t\t\t\t<div class=\"elementor-element elementor-element-76f1829 elementor-hidden-phone elementor-hidden-desktop elementor-widget elementor-widget-text-editor\" data-id=\"76f1829\" data-element_type=\"widget\" data-e-type=\"widget\" data-no-translation=\"\" data-widget_type=\"text-editor.default\">\n\t\t\t\t<div class=\"elementor-widget-container\">\n\t\t\t\t\t<style>.elementor-element-76f1829{display:none !important}<\/style>\t\t\t\t<\/div>\n\t\t\t\t<\/div>\n\t\t\t\t<div class=\"elementor-element elementor-element-7cb1879 elementor-hidden-phone elementor-hidden-tablet elementor-widget elementor-widget-text-editor\" data-id=\"7cb1879\" data-element_type=\"widget\" data-e-type=\"widget\" data-no-translation=\"\" data-widget_type=\"text-editor.default\">\n\t\t\t\t<div class=\"elementor-widget-container\">\n\t\t\t\t\t\t\t\t\t<p>Double Seven est la boisson \u00e9nerg\u00e9tique qui double vos limites gr\u00e2ce \u00e0 la caf\u00e9ine, la taurine et les vitamines. Vous pouvez trouver Double Seven existe en diff\u00e9rents formats (50 cl, 33 cl et 25 cl) et Sugar Free.<\/p><p>Si tu veux en savoir plus, visite <a href=\"https:\/\/double7energy.com\/\">www.doublesevenenergy.com<\/a><\/p>\t\t\t\t\t\t\t\t<\/div>\n\t\t\t\t<\/div>\n\t\t\t\t<div class=\"elementor-element elementor-element-6151f6d elementor-hidden-phone elementor-hidden-desktop elementor-widget elementor-widget-text-editor\" data-id=\"6151f6d\" data-element_type=\"widget\" data-e-type=\"widget\" data-no-translation=\"\" data-widget_type=\"text-editor.default\">\n\t\t\t\t<div class=\"elementor-widget-container\">\n\t\t\t\t\t\t\t\t\t<p>Double Seven est la boisson \u00e9nerg\u00e9tique qui double vos limites gr\u00e2ce \u00e0 la caf\u00e9ine, la taurine et les vitamines. Vous pouvez trouver Double Seven existe en diff\u00e9rents formats (50 cl, 33 cl et 25 cl) et Sugar Free.<\/p>\n<p>Si tu veux en savoir plus, visite <a href=\"https:\/\/double7energy.com\/\">www.double7energy.com<\/a><\/p>\t\t\t\t\t\t\t\t<\/div>\n\t\t\t\t<\/div>\n\t\t\t\t<div class=\"elementor-element elementor-element-f6161b2 elementor-hidden-phone elementor-hidden-tablet elementor-widget elementor-widget-text-editor\" data-id=\"f6161b2\" data-element_type=\"widget\" data-e-type=\"widget\" data-no-translation=\"\" data-widget_type=\"text-editor.default\">\n\t\t\t\t<div class=\"elementor-widget-container\">\n\t\t\t\t\t<style>.elementor-element-f6161b2{display:none !important}<\/style>\t\t\t\t<\/div>\n\t\t\t\t<\/div>\n\t\t\t\t<div class=\"elementor-element elementor-element-6cfb953 elementor-hidden-phone elementor-hidden-desktop elementor-widget elementor-widget-text-editor\" data-id=\"6cfb953\" data-element_type=\"widget\" data-e-type=\"widget\" data-no-translation=\"\" data-widget_type=\"text-editor.default\">\n\t\t\t\t<div class=\"elementor-widget-container\">\n\t\t\t\t\t<style>.elementor-element-6cfb953{display:none !important}<\/style>\t\t\t\t<\/div>\n\t\t\t\t<\/div>\n\t\t\t\t\t<\/div>\n\t\t<\/div>\n\t\t\t\t<div class=\"elementor-column elementor-col-66 elementor-top-column elementor-element elementor-element-beb4e54\" data-id=\"beb4e54\" data-element_type=\"column\" data-e-type=\"column\">\n\t\t\t<div class=\"elementor-widget-wrap elementor-element-populated\">\n\t\t\t\t\t\t<div class=\"elementor-element elementor-element-da8bd16 elementor-widget elementor-widget-image\" data-id=\"da8bd16\" data-element_type=\"widget\" data-e-type=\"widget\" data-widget_type=\"image.default\">\n\t\t\t\t<div class=\"elementor-widget-container\">\n\t\t\t\t\t\t\t\t\t\t\t\t\t\t\t\t<a href=\"http:\/\/www.doublesevenenergy.com\">\n\t\t\t\t\t\t\t<img decoding=\"async\" width=\"1024\" height=\"866\" src=\"https:\/\/foodibev.com\/wp-content\/uploads\/2024\/10\/gamma-d7-1024x866.webp\" class=\"attachment-large size-large wp-image-9386\" alt=\"\" srcset=\"https:\/\/foodibev.com\/wp-content\/uploads\/2024\/10\/gamma-d7-1024x866.webp 1024w, https:\/\/foodibev.com\/wp-content\/uploads\/2024\/10\/gamma-d7-300x254.webp 300w, https:\/\/foodibev.com\/wp-content\/uploads\/2024\/10\/gamma-d7-768x649.webp 768w, https:\/\/foodibev.com\/wp-content\/uploads\/2024\/10\/gamma-d7-1536x1298.webp 1536w, https:\/\/foodibev.com\/wp-content\/uploads\/2024\/10\/gamma-d7-14x12.webp 14w, https:\/\/foodibev.com\/wp-content\/uploads\/2024\/10\/gamma-d7.webp 1966w\" sizes=\"(max-width: 1024px) 100vw, 1024px\" \/>\t\t\t\t\t\t\t\t<\/a>\n\t\t\t\t\t\t\t\t\t\t\t\t\t\t\t<\/div>\n\t\t\t\t<\/div>\n\t\t\t\t\t<\/div>\n\t\t<\/div>\n\t\t\t\t\t<\/div>\n\t\t<\/section>\n\t\t\t\t<\/div>\n\t\t","protected":false},"excerpt":{"rendered":"<p>Double Seven es la bebida energ\u00e9tica que dobla tus l\u00edmites gracias a la cafe\u00edna, taurina y vitaminas. Puedes encontrar Double Seven en diferentes formatos (50 cl, 33 cl y 25 cl) Sin az\u00facar. Si quieres saber m\u00e1s, visita www.doublesevenenergy.com Double Seven is the energy drink that doubles your limits thanks to its caffeine, taurine and&hellip;<\/p>","protected":false},"author":1,"featured_media":0,"parent":0,"menu_order":0,"comment_status":"closed","ping_status":"closed","template":"elementor_header_footer","meta":{"footnotes":""},"class_list":["post-5894","page","type-page","status-publish","hentry"],"yoast_head":"<!-- This site is optimized with the Yoast SEO plugin v26.9 - https:\/\/yoast.com\/product\/yoast-seo-wordpress\/ -->\n<title>Double 7 - Foodibev<\/title>\n<meta name=\"robots\" content=\"index, follow, max-snippet:-1, max-image-preview:large, max-video-preview:-1\" \/>\n<link rel=\"canonical\" href=\"https:\/\/foodibev.com\/fr\/double-7\/\" \/>\n<meta property=\"og:locale\" content=\"fr_FR\" \/>\n<meta property=\"og:type\" content=\"article\" \/>\n<meta property=\"og:title\" content=\"Double 7 - Foodibev\" \/>\n<meta property=\"og:description\" content=\"Double Seven es la bebida energ\u00e9tica que dobla tus l\u00edmites gracias a la cafe\u00edna, taurina y vitaminas. Puedes encontrar Double Seven en diferentes formatos (50 cl, 33 cl y 25 cl) Sin az\u00facar. Si quieres saber m\u00e1s, visita www.doublesevenenergy.com Double Seven is the energy drink that doubles your limits thanks to its caffeine, taurine and&hellip;\" \/>\n<meta property=\"og:url\" content=\"https:\/\/foodibev.com\/fr\/double-7\/\" \/>\n<meta property=\"og:site_name\" content=\"Foodibev\" \/>\n<meta property=\"article:modified_time\" content=\"2025-10-16T11:45:32+00:00\" \/>\n<meta property=\"og:image\" content=\"https:\/\/foodibev.com\/wp-content\/uploads\/2024\/10\/Double-Seven-2-scaled.webp\" \/>\n\t<meta property=\"og:image:width\" content=\"2560\" \/>\n\t<meta property=\"og:image:height\" content=\"1473\" \/>\n\t<meta property=\"og:image:type\" content=\"image\/webp\" \/>\n<meta name=\"twitter:card\" content=\"summary_large_image\" \/>\n<meta name=\"twitter:label1\" content=\"Dur\u00e9e de lecture estim\u00e9e\" \/>\n\t<meta name=\"twitter:data1\" content=\"3 minutes\" \/>\n<script type=\"application\/ld+json\" class=\"yoast-schema-graph\">{\"@context\":\"https:\/\/schema.org\",\"@graph\":[{\"@type\":\"WebPage\",\"@id\":\"https:\/\/foodibev.com\/double-7\/\",\"url\":\"https:\/\/foodibev.com\/double-7\/\",\"name\":\"Double 7 - Foodibev\",\"isPartOf\":{\"@id\":\"https:\/\/foodibev.com\/#website\"},\"primaryImageOfPage\":{\"@id\":\"https:\/\/foodibev.com\/double-7\/#primaryimage\"},\"image\":{\"@id\":\"https:\/\/foodibev.com\/double-7\/#primaryimage\"},\"thumbnailUrl\":\"https:\/\/foodibev.com\/wp-content\/uploads\/2024\/10\/Double-Seven-2-scaled.webp\",\"datePublished\":\"2021-05-12T13:45:39+00:00\",\"dateModified\":\"2025-10-16T11:45:32+00:00\",\"breadcrumb\":{\"@id\":\"https:\/\/foodibev.com\/double-7\/#breadcrumb\"},\"inLanguage\":\"fr-FR\",\"potentialAction\":[{\"@type\":\"ReadAction\",\"target\":[\"https:\/\/foodibev.com\/double-7\/\"]}]},{\"@type\":\"ImageObject\",\"inLanguage\":\"fr-FR\",\"@id\":\"https:\/\/foodibev.com\/double-7\/#primaryimage\",\"url\":\"https:\/\/foodibev.com\/wp-content\/uploads\/2024\/10\/Double-Seven-2-scaled.webp\",\"contentUrl\":\"https:\/\/foodibev.com\/wp-content\/uploads\/2024\/10\/Double-Seven-2-scaled.webp\"},{\"@type\":\"BreadcrumbList\",\"@id\":\"https:\/\/foodibev.com\/double-7\/#breadcrumb\",\"itemListElement\":[{\"@type\":\"ListItem\",\"position\":1,\"name\":\"Portada\",\"item\":\"https:\/\/foodibev.com\/\"},{\"@type\":\"ListItem\",\"position\":2,\"name\":\"Double 7\"}]},{\"@type\":\"WebSite\",\"@id\":\"https:\/\/foodibev.com\/#website\",\"url\":\"https:\/\/foodibev.com\/\",\"name\":\"Foodibev\",\"description\":\"Otro sitio realizado con WordPress\",\"publisher\":{\"@id\":\"https:\/\/foodibev.com\/#organization\"},\"potentialAction\":[{\"@type\":\"SearchAction\",\"target\":{\"@type\":\"EntryPoint\",\"urlTemplate\":\"https:\/\/foodibev.com\/?s={search_term_string}\"},\"query-input\":{\"@type\":\"PropertyValueSpecification\",\"valueRequired\":true,\"valueName\":\"search_term_string\"}}],\"inLanguage\":\"fr-FR\"},{\"@type\":\"Organization\",\"@id\":\"https:\/\/foodibev.com\/#organization\",\"name\":\"Foodibev\",\"url\":\"https:\/\/foodibev.com\/\",\"logo\":{\"@type\":\"ImageObject\",\"inLanguage\":\"fr-FR\",\"@id\":\"https:\/\/foodibev.com\/#\/schema\/logo\/image\/\",\"url\":\"https:\/\/foodibev.com\/wp-content\/uploads\/2021\/04\/Logotipo-Foodibev-2018-scaled.jpg\",\"contentUrl\":\"https:\/\/foodibev.com\/wp-content\/uploads\/2021\/04\/Logotipo-Foodibev-2018-scaled.jpg\",\"width\":2560,\"height\":669,\"caption\":\"Foodibev\"},\"image\":{\"@id\":\"https:\/\/foodibev.com\/#\/schema\/logo\/image\/\"}}]}<\/script>\n<!-- \/ Yoast SEO plugin. -->","yoast_head_json":{"title":"Double 7 - Foodibev","robots":{"index":"index","follow":"follow","max-snippet":"max-snippet:-1","max-image-preview":"max-image-preview:large","max-video-preview":"max-video-preview:-1"},"canonical":"https:\/\/foodibev.com\/fr\/double-7\/","og_locale":"fr_FR","og_type":"article","og_title":"Double 7 - Foodibev","og_description":"Double Seven es la bebida energ\u00e9tica que dobla tus l\u00edmites gracias a la cafe\u00edna, taurina y vitaminas. Puedes encontrar Double Seven en diferentes formatos (50 cl, 33 cl y 25 cl) Sin az\u00facar. Si quieres saber m\u00e1s, visita www.doublesevenenergy.com Double Seven is the energy drink that doubles your limits thanks to its caffeine, taurine and&hellip;","og_url":"https:\/\/foodibev.com\/fr\/double-7\/","og_site_name":"Foodibev","article_modified_time":"2025-10-16T11:45:32+00:00","og_image":[{"width":2560,"height":1473,"url":"https:\/\/foodibev.com\/wp-content\/uploads\/2024\/10\/Double-Seven-2-scaled.webp","type":"image\/webp"}],"twitter_card":"summary_large_image","twitter_misc":{"Dur\u00e9e de lecture estim\u00e9e":"3 minutes"},"schema":{"@context":"https:\/\/schema.org","@graph":[{"@type":"WebPage","@id":"https:\/\/foodibev.com\/double-7\/","url":"https:\/\/foodibev.com\/double-7\/","name":"Double 7 - Foodibev","isPartOf":{"@id":"https:\/\/foodibev.com\/#website"},"primaryImageOfPage":{"@id":"https:\/\/foodibev.com\/double-7\/#primaryimage"},"image":{"@id":"https:\/\/foodibev.com\/double-7\/#primaryimage"},"thumbnailUrl":"https:\/\/foodibev.com\/wp-content\/uploads\/2024\/10\/Double-Seven-2-scaled.webp","datePublished":"2021-05-12T13:45:39+00:00","dateModified":"2025-10-16T11:45:32+00:00","breadcrumb":{"@id":"https:\/\/foodibev.com\/double-7\/#breadcrumb"},"inLanguage":"fr-FR","potentialAction":[{"@type":"ReadAction","target":["https:\/\/foodibev.com\/double-7\/"]}]},{"@type":"ImageObject","inLanguage":"fr-FR","@id":"https:\/\/foodibev.com\/double-7\/#primaryimage","url":"https:\/\/foodibev.com\/wp-content\/uploads\/2024\/10\/Double-Seven-2-scaled.webp","contentUrl":"https:\/\/foodibev.com\/wp-content\/uploads\/2024\/10\/Double-Seven-2-scaled.webp"},{"@type":"BreadcrumbList","@id":"https:\/\/foodibev.com\/double-7\/#breadcrumb","itemListElement":[{"@type":"ListItem","position":1,"name":"Portada","item":"https:\/\/foodibev.com\/"},{"@type":"ListItem","position":2,"name":"Double 7"}]},{"@type":"WebSite","@id":"https:\/\/foodibev.com\/#website","url":"https:\/\/foodibev.com\/","name":"Foodibev","description":"Otro sitio realizado con WordPress","publisher":{"@id":"https:\/\/foodibev.com\/#organization"},"potentialAction":[{"@type":"SearchAction","target":{"@type":"EntryPoint","urlTemplate":"https:\/\/foodibev.com\/?s={search_term_string}"},"query-input":{"@type":"PropertyValueSpecification","valueRequired":true,"valueName":"search_term_string"}}],"inLanguage":"fr-FR"},{"@type":"Organization","@id":"https:\/\/foodibev.com\/#organization","name":"Foodibev","url":"https:\/\/foodibev.com\/","logo":{"@type":"ImageObject","inLanguage":"fr-FR","@id":"https:\/\/foodibev.com\/#\/schema\/logo\/image\/","url":"https:\/\/foodibev.com\/wp-content\/uploads\/2021\/04\/Logotipo-Foodibev-2018-scaled.jpg","contentUrl":"https:\/\/foodibev.com\/wp-content\/uploads\/2021\/04\/Logotipo-Foodibev-2018-scaled.jpg","width":2560,"height":669,"caption":"Foodibev"},"image":{"@id":"https:\/\/foodibev.com\/#\/schema\/logo\/image\/"}}]}},"_links":{"self":[{"href":"https:\/\/foodibev.com\/fr\/wp-json\/wp\/v2\/pages\/5894","targetHints":{"allow":["GET"]}}],"collection":[{"href":"https:\/\/foodibev.com\/fr\/wp-json\/wp\/v2\/pages"}],"about":[{"href":"https:\/\/foodibev.com\/fr\/wp-json\/wp\/v2\/types\/page"}],"author":[{"embeddable":true,"href":"https:\/\/foodibev.com\/fr\/wp-json\/wp\/v2\/users\/1"}],"replies":[{"embeddable":true,"href":"https:\/\/foodibev.com\/fr\/wp-json\/wp\/v2\/comments?post=5894"}],"version-history":[{"count":132,"href":"https:\/\/foodibev.com\/fr\/wp-json\/wp\/v2\/pages\/5894\/revisions"}],"predecessor-version":[{"id":10493,"href":"https:\/\/foodibev.com\/fr\/wp-json\/wp\/v2\/pages\/5894\/revisions\/10493"}],"wp:attachment":[{"href":"https:\/\/foodibev.com\/fr\/wp-json\/wp\/v2\/media?parent=5894"}],"curies":[{"name":"wp","href":"https:\/\/api.w.org\/{rel}","templated":true}]}}