{"id":5877,"date":"2021-05-12T13:30:27","date_gmt":"2021-05-12T13:30:27","guid":{"rendered":"https:\/\/foodibev.com\/?page_id=5877"},"modified":"2024-07-23T07:01:06","modified_gmt":"2024-07-23T07:01:06","slug":"trio-extra-stout","status":"publish","type":"page","link":"https:\/\/foodibev.com\/fr\/trio-extra-stout\/","title":{"rendered":"TRIO extra stout"},"content":{"rendered":"\t\t<div data-elementor-type=\"wp-page\" data-elementor-id=\"5877\" class=\"elementor elementor-5877\">\n\t\t\t\t\t\t<section class=\"elementor-section elementor-top-section elementor-element elementor-element-40580cc elementor-section-full_width elementor-section-stretched elementor-hidden-desktop elementor-hidden-tablet elementor-section-height-default elementor-section-height-default\" data-id=\"40580cc\" data-element_type=\"section\" data-e-type=\"section\" data-settings=\"{&quot;stretch_section&quot;:&quot;section-stretched&quot;,&quot;background_background&quot;:&quot;classic&quot;}\">\n\t\t\t\t\t\t<div class=\"elementor-container elementor-column-gap-default\">\n\t\t\t\t\t<div class=\"elementor-column elementor-col-100 elementor-top-column elementor-element elementor-element-b49e3fe\" data-id=\"b49e3fe\" data-element_type=\"column\" data-e-type=\"column\">\n\t\t\t<div class=\"elementor-widget-wrap elementor-element-populated\">\n\t\t\t\t\t\t<div class=\"elementor-element elementor-element-0a8744d elementor-widget elementor-widget-image\" data-id=\"0a8744d\" data-element_type=\"widget\" data-e-type=\"widget\" data-widget_type=\"image.default\">\n\t\t\t\t<div class=\"elementor-widget-container\">\n\t\t\t\t\t\t\t\t\t\t\t\t\t\t\t<img fetchpriority=\"high\" decoding=\"async\" width=\"2560\" height=\"1473\" src=\"https:\/\/foodibev.com\/wp-content\/uploads\/2021\/05\/Trio-1-y-2-scaled.jpg\" class=\"attachment-full size-full wp-image-5840\" alt=\"\" srcset=\"https:\/\/foodibev.com\/wp-content\/uploads\/2021\/05\/Trio-1-y-2-scaled.jpg 2560w, https:\/\/foodibev.com\/wp-content\/uploads\/2021\/05\/Trio-1-y-2-scaled-600x345.jpg 600w, https:\/\/foodibev.com\/wp-content\/uploads\/2021\/05\/Trio-1-y-2-300x173.jpg 300w, https:\/\/foodibev.com\/wp-content\/uploads\/2021\/05\/Trio-1-y-2-1024x589.jpg 1024w, https:\/\/foodibev.com\/wp-content\/uploads\/2021\/05\/Trio-1-y-2-768x442.jpg 768w, https:\/\/foodibev.com\/wp-content\/uploads\/2021\/05\/Trio-1-y-2-1536x884.jpg 1536w, https:\/\/foodibev.com\/wp-content\/uploads\/2021\/05\/Trio-1-y-2-2048x1179.jpg 2048w\" sizes=\"(max-width: 2560px) 100vw, 2560px\" \/>\t\t\t\t\t\t\t\t\t\t\t\t\t\t\t<\/div>\n\t\t\t\t<\/div>\n\t\t\t\t\t<\/div>\n\t\t<\/div>\n\t\t\t\t\t<\/div>\n\t\t<\/section>\n\t\t\t\t<section class=\"elementor-section elementor-top-section elementor-element elementor-element-a600849 elementor-hidden-desktop elementor-hidden-tablet elementor-section-boxed elementor-section-height-default elementor-section-height-default\" data-id=\"a600849\" data-element_type=\"section\" data-e-type=\"section\" data-settings=\"{&quot;background_background&quot;:&quot;classic&quot;}\">\n\t\t\t\t\t\t<div class=\"elementor-container elementor-column-gap-default\">\n\t\t\t\t\t<div class=\"elementor-column elementor-col-100 elementor-top-column elementor-element elementor-element-fb846a6\" data-id=\"fb846a6\" data-element_type=\"column\" data-e-type=\"column\">\n\t\t\t<div class=\"elementor-widget-wrap elementor-element-populated\">\n\t\t\t\t\t\t<div class=\"elementor-element elementor-element-764f105 elementor-widget elementor-widget-text-editor\" data-id=\"764f105\" data-element_type=\"widget\" data-e-type=\"widget\" data-no-translation=\"\" data-widget_type=\"text-editor.default\">\n\t\t\t\t<div class=\"elementor-widget-container\">\n\t\t\t\t\t<style>.elementor-element-764f105{display:none !important}<\/style>\t\t\t\t<\/div>\n\t\t\t\t<\/div>\n\t\t\t\t<div class=\"elementor-element elementor-element-0d4861a elementor-widget elementor-widget-text-editor\" data-id=\"0d4861a\" data-element_type=\"widget\" data-e-type=\"widget\" data-no-translation=\"\" data-widget_type=\"text-editor.default\">\n\t\t\t\t<div class=\"elementor-widget-container\">\n\t\t\t\t\t<style>.elementor-element-0d4861a{display:none !important}<\/style>\t\t\t\t<\/div>\n\t\t\t\t<\/div>\n\t\t\t\t<div class=\"elementor-element elementor-element-207fe9e elementor-widget elementor-widget-text-editor\" data-id=\"207fe9e\" data-element_type=\"widget\" data-e-type=\"widget\" data-no-translation=\"\" data-widget_type=\"text-editor.default\">\n\t\t\t\t<div class=\"elementor-widget-container\">\n\t\t\t\t\t\t\t\t\t<p>Stout sombre, cors\u00e9e et forte, mais suffisamment l\u00e9g\u00e8re pour \u00eatre rafra\u00eechissante et facile \u00e0 boire.<\/p>\t\t\t\t\t\t\t\t<\/div>\n\t\t\t\t<\/div>\n\t\t\t\t\t<\/div>\n\t\t<\/div>\n\t\t\t\t\t<\/div>\n\t\t<\/section>\n\t\t\t\t<section class=\"elementor-section elementor-top-section elementor-element elementor-element-25806d3 elementor-section-full_width elementor-hidden-phone elementor-section-height-default elementor-section-height-default\" data-id=\"25806d3\" data-element_type=\"section\" data-e-type=\"section\" data-settings=\"{&quot;background_background&quot;:&quot;slideshow&quot;,&quot;background_slideshow_gallery&quot;:[{&quot;id&quot;:6820,&quot;url&quot;:&quot;https:\\\/\\\/foodibev.com\\\/wp-content\\\/uploads\\\/2021\\\/06\\\/der-scaled.jpg&quot;}],&quot;background_slideshow_loop&quot;:&quot;yes&quot;,&quot;background_slideshow_slide_duration&quot;:5000,&quot;background_slideshow_slide_transition&quot;:&quot;fade&quot;,&quot;background_slideshow_transition_duration&quot;:500}\">\n\t\t\t\t\t\t<div class=\"elementor-container elementor-column-gap-default\">\n\t\t\t\t\t<div class=\"elementor-column elementor-col-33 elementor-top-column elementor-element elementor-element-2255c2a\" data-id=\"2255c2a\" data-element_type=\"column\" data-e-type=\"column\">\n\t\t\t<div class=\"elementor-widget-wrap elementor-element-populated\">\n\t\t\t\t\t\t<div class=\"elementor-element elementor-element-024ea20 elementor-hidden-tablet elementor-hidden-phone elementor-widget elementor-widget-image\" data-id=\"024ea20\" data-element_type=\"widget\" data-e-type=\"widget\" data-widget_type=\"image.default\">\n\t\t\t\t<div class=\"elementor-widget-container\">\n\t\t\t\t\t\t\t\t\t\t\t\t\t\t\t<img decoding=\"async\" width=\"300\" height=\"156\" src=\"https:\/\/foodibev.com\/wp-content\/uploads\/2021\/06\/trio-logo-300x156.png\" class=\"attachment-medium size-medium wp-image-7063\" alt=\"\" srcset=\"https:\/\/foodibev.com\/wp-content\/uploads\/2021\/06\/trio-logo-300x156.png 300w, https:\/\/foodibev.com\/wp-content\/uploads\/2021\/06\/trio-logo-600x312.png 600w, https:\/\/foodibev.com\/wp-content\/uploads\/2021\/06\/trio-logo-1024x533.png 1024w, https:\/\/foodibev.com\/wp-content\/uploads\/2021\/06\/trio-logo-768x400.png 768w, https:\/\/foodibev.com\/wp-content\/uploads\/2021\/06\/trio-logo-16x8.png 16w, https:\/\/foodibev.com\/wp-content\/uploads\/2021\/06\/trio-logo.png 1494w\" sizes=\"(max-width: 300px) 100vw, 300px\" \/>\t\t\t\t\t\t\t\t\t\t\t\t\t\t\t<\/div>\n\t\t\t\t<\/div>\n\t\t\t\t<div class=\"elementor-element elementor-element-92cfe77 elementor-hidden-desktop elementor-hidden-phone elementor-widget elementor-widget-image\" data-id=\"92cfe77\" data-element_type=\"widget\" data-e-type=\"widget\" data-widget_type=\"image.default\">\n\t\t\t\t<div class=\"elementor-widget-container\">\n\t\t\t\t\t\t\t\t\t\t\t\t\t\t\t<img decoding=\"async\" src=\"https:\/\/foodibev.com\/wp-content\/uploads\/elementor\/thumbs\/trio-logo-p8nnsayfuebk7kpdy7yfqfy7tysa7hqpjlkosh12p4.png\" title=\"trio-logo\" alt=\"trio-logo\" loading=\"lazy\" \/>\t\t\t\t\t\t\t\t\t\t\t\t\t\t\t<\/div>\n\t\t\t\t<\/div>\n\t\t\t\t<div class=\"elementor-element elementor-element-eb56087 elementor-hidden-phone elementor-hidden-tablet elementor-widget elementor-widget-text-editor\" data-id=\"eb56087\" data-element_type=\"widget\" data-e-type=\"widget\" data-no-translation=\"\" data-widget_type=\"text-editor.default\">\n\t\t\t\t<div class=\"elementor-widget-container\">\n\t\t\t\t\t\t\t\t\t<p>Stout sombre, cors\u00e9e et forte, mais suffisamment l\u00e9g\u00e8re pour \u00eatre rafra\u00eechissante et facile \u00e0 boire.<\/p>\t\t\t\t\t\t\t\t<\/div>\n\t\t\t\t<\/div>\n\t\t\t\t<div class=\"elementor-element elementor-element-7a47d45 elementor-hidden-phone elementor-hidden-desktop elementor-widget elementor-widget-text-editor\" data-id=\"7a47d45\" data-element_type=\"widget\" data-e-type=\"widget\" data-no-translation=\"\" data-widget_type=\"text-editor.default\">\n\t\t\t\t<div class=\"elementor-widget-container\">\n\t\t\t\t\t\t\t\t\t<p>Stout sombre, cors\u00e9e et forte, mais suffisamment l\u00e9g\u00e8re pour \u00eatre rafra\u00eechissante et facile \u00e0 boire.<\/p>\t\t\t\t\t\t\t\t<\/div>\n\t\t\t\t<\/div>\n\t\t\t\t<div class=\"elementor-element elementor-element-a501179 elementor-hidden-phone elementor-hidden-tablet elementor-widget elementor-widget-text-editor\" data-id=\"a501179\" data-element_type=\"widget\" data-e-type=\"widget\" data-no-translation=\"\" data-widget_type=\"text-editor.default\">\n\t\t\t\t<div class=\"elementor-widget-container\">\n\t\t\t\t\t<style>.elementor-element-a501179{display:none !important}<\/style>\t\t\t\t<\/div>\n\t\t\t\t<\/div>\n\t\t\t\t<div class=\"elementor-element elementor-element-093ea4d elementor-hidden-phone elementor-hidden-desktop elementor-widget elementor-widget-text-editor\" data-id=\"093ea4d\" data-element_type=\"widget\" data-e-type=\"widget\" data-no-translation=\"\" data-widget_type=\"text-editor.default\">\n\t\t\t\t<div class=\"elementor-widget-container\">\n\t\t\t\t\t<style>.elementor-element-093ea4d{display:none !important}<\/style>\t\t\t\t<\/div>\n\t\t\t\t<\/div>\n\t\t\t\t<div class=\"elementor-element elementor-element-f73c99a elementor-hidden-phone elementor-hidden-tablet elementor-widget elementor-widget-text-editor\" data-id=\"f73c99a\" data-element_type=\"widget\" data-e-type=\"widget\" data-no-translation=\"\" data-widget_type=\"text-editor.default\">\n\t\t\t\t<div class=\"elementor-widget-container\">\n\t\t\t\t\t<style>.elementor-element-f73c99a{display:none !important}<\/style>\t\t\t\t<\/div>\n\t\t\t\t<\/div>\n\t\t\t\t<div class=\"elementor-element elementor-element-42e5fe3 elementor-hidden-phone elementor-hidden-desktop elementor-widget elementor-widget-text-editor\" data-id=\"42e5fe3\" data-element_type=\"widget\" data-e-type=\"widget\" data-no-translation=\"\" data-widget_type=\"text-editor.default\">\n\t\t\t\t<div class=\"elementor-widget-container\">\n\t\t\t\t\t<style>.elementor-element-42e5fe3{display:none !important}<\/style>\t\t\t\t<\/div>\n\t\t\t\t<\/div>\n\t\t\t\t\t<\/div>\n\t\t<\/div>\n\t\t\t\t<div class=\"elementor-column elementor-col-66 elementor-top-column elementor-element elementor-element-ec89f39\" data-id=\"ec89f39\" data-element_type=\"column\" data-e-type=\"column\">\n\t\t\t<div class=\"elementor-widget-wrap elementor-element-populated\">\n\t\t\t\t\t\t<div class=\"elementor-element elementor-element-438ae75 elementor-widget elementor-widget-image\" data-id=\"438ae75\" data-element_type=\"widget\" data-e-type=\"widget\" data-widget_type=\"image.default\">\n\t\t\t\t<div class=\"elementor-widget-container\">\n\t\t\t\t\t\t\t\t\t\t\t\t\t\t\t<img decoding=\"async\" width=\"1024\" height=\"866\" src=\"https:\/\/foodibev.com\/wp-content\/uploads\/2021\/06\/trio.png\" class=\"attachment-large size-large wp-image-7062\" alt=\"\" srcset=\"https:\/\/foodibev.com\/wp-content\/uploads\/2021\/06\/trio.png 1080w, https:\/\/foodibev.com\/wp-content\/uploads\/2021\/06\/trio-600x507.png 600w\" sizes=\"(max-width: 1024px) 100vw, 1024px\" \/>\t\t\t\t\t\t\t\t\t\t\t\t\t\t\t<\/div>\n\t\t\t\t<\/div>\n\t\t\t\t\t<\/div>\n\t\t<\/div>\n\t\t\t\t\t<\/div>\n\t\t<\/section>\n\t\t\t\t<\/div>\n\t\t","protected":false},"excerpt":{"rendered":"<p>Stout oscura, con cuerpo y fuerte, pero lo suficientemente ligera como para ser refrescante y f\u00e1cil de beber. Dark Stout that\u2019s full bodied and strong yet light enough to be refreshing and easy to drink. Stout sombre, cors\u00e9e et forte, mais suffisamment l\u00e9g\u00e8re pour \u00eatre rafra\u00eechissante et facile \u00e0 boire. Stout sombre, cors\u00e9e et forte,&hellip;<\/p>","protected":false},"author":1,"featured_media":0,"parent":0,"menu_order":0,"comment_status":"closed","ping_status":"closed","template":"elementor_header_footer","meta":{"footnotes":""},"class_list":["post-5877","page","type-page","status-publish","hentry"],"yoast_head":"<!-- This site is optimized with the Yoast SEO plugin v27.4 - https:\/\/yoast.com\/product\/yoast-seo-wordpress\/ -->\n<title>TRIO extra stout - Foodibev<\/title>\n<meta name=\"robots\" content=\"index, follow, max-snippet:-1, max-image-preview:large, max-video-preview:-1\" \/>\n<link rel=\"canonical\" href=\"https:\/\/foodibev.com\/fr\/trio-extra-stout\/\" \/>\n<meta property=\"og:locale\" content=\"fr_FR\" \/>\n<meta property=\"og:type\" content=\"article\" \/>\n<meta property=\"og:title\" content=\"TRIO extra stout - Foodibev\" \/>\n<meta property=\"og:description\" content=\"Stout oscura, con cuerpo y fuerte, pero lo suficientemente ligera como para ser refrescante y f\u00e1cil de beber. Dark Stout that\u2019s full bodied and strong yet light enough to be refreshing and easy to drink. Stout sombre, cors\u00e9e et forte, mais suffisamment l\u00e9g\u00e8re pour \u00eatre rafra\u00eechissante et facile \u00e0 boire. Stout sombre, cors\u00e9e et forte,&hellip;\" \/>\n<meta property=\"og:url\" content=\"https:\/\/foodibev.com\/fr\/trio-extra-stout\/\" \/>\n<meta property=\"og:site_name\" content=\"Foodibev\" \/>\n<meta property=\"article:modified_time\" content=\"2024-07-23T07:01:06+00:00\" \/>\n<meta property=\"og:image\" content=\"https:\/\/foodibev.com\/wp-content\/uploads\/2021\/05\/Trio-1-y-2-scaled.jpg\" \/>\n<meta name=\"twitter:card\" content=\"summary_large_image\" \/>\n<meta name=\"twitter:label1\" content=\"Dur\u00e9e de lecture estim\u00e9e\" \/>\n\t<meta name=\"twitter:data1\" content=\"2 minutes\" \/>\n<script type=\"application\/ld+json\" class=\"yoast-schema-graph\">{\"@context\":\"https:\\\/\\\/schema.org\",\"@graph\":[{\"@type\":\"WebPage\",\"@id\":\"https:\\\/\\\/foodibev.com\\\/trio-extra-stout\\\/\",\"url\":\"https:\\\/\\\/foodibev.com\\\/trio-extra-stout\\\/\",\"name\":\"TRIO extra stout - Foodibev\",\"isPartOf\":{\"@id\":\"https:\\\/\\\/foodibev.com\\\/#website\"},\"primaryImageOfPage\":{\"@id\":\"https:\\\/\\\/foodibev.com\\\/trio-extra-stout\\\/#primaryimage\"},\"image\":{\"@id\":\"https:\\\/\\\/foodibev.com\\\/trio-extra-stout\\\/#primaryimage\"},\"thumbnailUrl\":\"https:\\\/\\\/foodibev.com\\\/wp-content\\\/uploads\\\/2021\\\/05\\\/Trio-1-y-2-scaled.jpg\",\"datePublished\":\"2021-05-12T13:30:27+00:00\",\"dateModified\":\"2024-07-23T07:01:06+00:00\",\"breadcrumb\":{\"@id\":\"https:\\\/\\\/foodibev.com\\\/trio-extra-stout\\\/#breadcrumb\"},\"inLanguage\":\"fr-FR\",\"potentialAction\":[{\"@type\":\"ReadAction\",\"target\":[\"https:\\\/\\\/foodibev.com\\\/trio-extra-stout\\\/\"]}]},{\"@type\":\"ImageObject\",\"inLanguage\":\"fr-FR\",\"@id\":\"https:\\\/\\\/foodibev.com\\\/trio-extra-stout\\\/#primaryimage\",\"url\":\"https:\\\/\\\/foodibev.com\\\/wp-content\\\/uploads\\\/2021\\\/05\\\/Trio-1-y-2-scaled.jpg\",\"contentUrl\":\"https:\\\/\\\/foodibev.com\\\/wp-content\\\/uploads\\\/2021\\\/05\\\/Trio-1-y-2-scaled.jpg\"},{\"@type\":\"BreadcrumbList\",\"@id\":\"https:\\\/\\\/foodibev.com\\\/trio-extra-stout\\\/#breadcrumb\",\"itemListElement\":[{\"@type\":\"ListItem\",\"position\":1,\"name\":\"Portada\",\"item\":\"https:\\\/\\\/foodibev.com\\\/\"},{\"@type\":\"ListItem\",\"position\":2,\"name\":\"TRIO extra stout\"}]},{\"@type\":\"WebSite\",\"@id\":\"https:\\\/\\\/foodibev.com\\\/#website\",\"url\":\"https:\\\/\\\/foodibev.com\\\/\",\"name\":\"Foodibev\",\"description\":\"Otro sitio realizado con WordPress\",\"publisher\":{\"@id\":\"https:\\\/\\\/foodibev.com\\\/#organization\"},\"potentialAction\":[{\"@type\":\"SearchAction\",\"target\":{\"@type\":\"EntryPoint\",\"urlTemplate\":\"https:\\\/\\\/foodibev.com\\\/?s={search_term_string}\"},\"query-input\":{\"@type\":\"PropertyValueSpecification\",\"valueRequired\":true,\"valueName\":\"search_term_string\"}}],\"inLanguage\":\"fr-FR\"},{\"@type\":\"Organization\",\"@id\":\"https:\\\/\\\/foodibev.com\\\/#organization\",\"name\":\"Foodibev\",\"url\":\"https:\\\/\\\/foodibev.com\\\/\",\"logo\":{\"@type\":\"ImageObject\",\"inLanguage\":\"fr-FR\",\"@id\":\"https:\\\/\\\/foodibev.com\\\/#\\\/schema\\\/logo\\\/image\\\/\",\"url\":\"https:\\\/\\\/foodibev.com\\\/wp-content\\\/uploads\\\/2021\\\/04\\\/Logotipo-Foodibev-2018-scaled.jpg\",\"contentUrl\":\"https:\\\/\\\/foodibev.com\\\/wp-content\\\/uploads\\\/2021\\\/04\\\/Logotipo-Foodibev-2018-scaled.jpg\",\"width\":2560,\"height\":669,\"caption\":\"Foodibev\"},\"image\":{\"@id\":\"https:\\\/\\\/foodibev.com\\\/#\\\/schema\\\/logo\\\/image\\\/\"}}]}<\/script>\n<!-- \/ Yoast SEO plugin. -->","yoast_head_json":{"title":"TRIO extra stout - Foodibev","robots":{"index":"index","follow":"follow","max-snippet":"max-snippet:-1","max-image-preview":"max-image-preview:large","max-video-preview":"max-video-preview:-1"},"canonical":"https:\/\/foodibev.com\/fr\/trio-extra-stout\/","og_locale":"fr_FR","og_type":"article","og_title":"TRIO extra stout - Foodibev","og_description":"Stout oscura, con cuerpo y fuerte, pero lo suficientemente ligera como para ser refrescante y f\u00e1cil de beber. Dark Stout that\u2019s full bodied and strong yet light enough to be refreshing and easy to drink. Stout sombre, cors\u00e9e et forte, mais suffisamment l\u00e9g\u00e8re pour \u00eatre rafra\u00eechissante et facile \u00e0 boire. Stout sombre, cors\u00e9e et forte,&hellip;","og_url":"https:\/\/foodibev.com\/fr\/trio-extra-stout\/","og_site_name":"Foodibev","article_modified_time":"2024-07-23T07:01:06+00:00","og_image":[{"url":"https:\/\/foodibev.com\/wp-content\/uploads\/2021\/05\/Trio-1-y-2-scaled.jpg","type":"","width":"","height":""}],"twitter_card":"summary_large_image","twitter_misc":{"Dur\u00e9e de lecture estim\u00e9e":"2 minutes"},"schema":{"@context":"https:\/\/schema.org","@graph":[{"@type":"WebPage","@id":"https:\/\/foodibev.com\/trio-extra-stout\/","url":"https:\/\/foodibev.com\/trio-extra-stout\/","name":"TRIO extra stout - Foodibev","isPartOf":{"@id":"https:\/\/foodibev.com\/#website"},"primaryImageOfPage":{"@id":"https:\/\/foodibev.com\/trio-extra-stout\/#primaryimage"},"image":{"@id":"https:\/\/foodibev.com\/trio-extra-stout\/#primaryimage"},"thumbnailUrl":"https:\/\/foodibev.com\/wp-content\/uploads\/2021\/05\/Trio-1-y-2-scaled.jpg","datePublished":"2021-05-12T13:30:27+00:00","dateModified":"2024-07-23T07:01:06+00:00","breadcrumb":{"@id":"https:\/\/foodibev.com\/trio-extra-stout\/#breadcrumb"},"inLanguage":"fr-FR","potentialAction":[{"@type":"ReadAction","target":["https:\/\/foodibev.com\/trio-extra-stout\/"]}]},{"@type":"ImageObject","inLanguage":"fr-FR","@id":"https:\/\/foodibev.com\/trio-extra-stout\/#primaryimage","url":"https:\/\/foodibev.com\/wp-content\/uploads\/2021\/05\/Trio-1-y-2-scaled.jpg","contentUrl":"https:\/\/foodibev.com\/wp-content\/uploads\/2021\/05\/Trio-1-y-2-scaled.jpg"},{"@type":"BreadcrumbList","@id":"https:\/\/foodibev.com\/trio-extra-stout\/#breadcrumb","itemListElement":[{"@type":"ListItem","position":1,"name":"Portada","item":"https:\/\/foodibev.com\/"},{"@type":"ListItem","position":2,"name":"TRIO extra stout"}]},{"@type":"WebSite","@id":"https:\/\/foodibev.com\/#website","url":"https:\/\/foodibev.com\/","name":"Foodibev","description":"Otro sitio realizado con WordPress","publisher":{"@id":"https:\/\/foodibev.com\/#organization"},"potentialAction":[{"@type":"SearchAction","target":{"@type":"EntryPoint","urlTemplate":"https:\/\/foodibev.com\/?s={search_term_string}"},"query-input":{"@type":"PropertyValueSpecification","valueRequired":true,"valueName":"search_term_string"}}],"inLanguage":"fr-FR"},{"@type":"Organization","@id":"https:\/\/foodibev.com\/#organization","name":"Foodibev","url":"https:\/\/foodibev.com\/","logo":{"@type":"ImageObject","inLanguage":"fr-FR","@id":"https:\/\/foodibev.com\/#\/schema\/logo\/image\/","url":"https:\/\/foodibev.com\/wp-content\/uploads\/2021\/04\/Logotipo-Foodibev-2018-scaled.jpg","contentUrl":"https:\/\/foodibev.com\/wp-content\/uploads\/2021\/04\/Logotipo-Foodibev-2018-scaled.jpg","width":2560,"height":669,"caption":"Foodibev"},"image":{"@id":"https:\/\/foodibev.com\/#\/schema\/logo\/image\/"}}]}},"_links":{"self":[{"href":"https:\/\/foodibev.com\/fr\/wp-json\/wp\/v2\/pages\/5877","targetHints":{"allow":["GET"]}}],"collection":[{"href":"https:\/\/foodibev.com\/fr\/wp-json\/wp\/v2\/pages"}],"about":[{"href":"https:\/\/foodibev.com\/fr\/wp-json\/wp\/v2\/types\/page"}],"author":[{"embeddable":true,"href":"https:\/\/foodibev.com\/fr\/wp-json\/wp\/v2\/users\/1"}],"replies":[{"embeddable":true,"href":"https:\/\/foodibev.com\/fr\/wp-json\/wp\/v2\/comments?post=5877"}],"version-history":[{"count":21,"href":"https:\/\/foodibev.com\/fr\/wp-json\/wp\/v2\/pages\/5877\/revisions"}],"predecessor-version":[{"id":9190,"href":"https:\/\/foodibev.com\/fr\/wp-json\/wp\/v2\/pages\/5877\/revisions\/9190"}],"wp:attachment":[{"href":"https:\/\/foodibev.com\/fr\/wp-json\/wp\/v2\/media?parent=5877"}],"curies":[{"name":"wp","href":"https:\/\/api.w.org\/{rel}","templated":true}]}}