{"id":1355,"date":"2026-02-27T11:41:47","date_gmt":"2026-02-27T10:41:47","guid":{"rendered":"https:\/\/foodibev.com\/marcas-con-impacto\/"},"modified":"2026-04-13T16:35:03","modified_gmt":"2026-04-13T14:35:03","slug":"marques-a-impact","status":"publish","type":"page","link":"https:\/\/foodibev.com\/fr\/marques-a-impact\/","title":{"rendered":"Des marques \u00e0 impact"},"content":{"rendered":"\t\t<div data-elementor-type=\"wp-page\" data-elementor-id=\"1355\" class=\"elementor elementor-1355 elementor-814\" data-elementor-post-type=\"page\">\n\t\t\t\t<div class=\"elementor-element elementor-element-f358253 e-flex e-con-boxed e-con e-parent\" data-id=\"f358253\" data-element_type=\"container\" data-e-type=\"container\" data-settings=\"{&quot;background_background&quot;:&quot;classic&quot;}\">\n\t\t\t\t\t<div class=\"e-con-inner\">\n\t\t\t\t<div class=\"elementor-element elementor-element-e21894c elementor-hidden-mobile elementor-widget elementor-widget-heading\" data-id=\"e21894c\" data-element_type=\"widget\" data-e-type=\"widget\" data-widget_type=\"heading.default\">\n\t\t\t\t<div class=\"elementor-widget-container\">\n\t\t\t\t\t<h2 class=\"elementor-heading-title elementor-size-default\">des Marques \u00e0 impact<\/h2>\t\t\t\t<\/div>\n\t\t\t\t<\/div>\n\t\t\t\t<div class=\"elementor-element elementor-element-8530c5a elementor-hidden-desktop elementor-hidden-tablet elementor-widget elementor-widget-heading\" data-id=\"8530c5a\" data-element_type=\"widget\" data-e-type=\"widget\" data-widget_type=\"heading.default\">\n\t\t\t\t<div class=\"elementor-widget-container\">\n\t\t\t\t\t<h2 class=\"elementor-heading-title elementor-size-default\">des Marques<br>\u00e0 impact<\/h2>\t\t\t\t<\/div>\n\t\t\t\t<\/div>\n\t\t\t\t\t<\/div>\n\t\t\t\t<\/div>\n\t\t<div class=\"elementor-element elementor-element-1f95c96 elementor-hidden-desktop elementor-hidden-tablet elementor-hidden-mobile e-flex e-con-boxed e-con e-parent\" data-id=\"1f95c96\" data-element_type=\"container\" data-e-type=\"container\" data-settings=\"{&quot;background_background&quot;:&quot;classic&quot;}\">\n\t\t\t\t\t<div class=\"e-con-inner\">\n\t\t<div class=\"elementor-element elementor-element-164fe16 e-con-full e-flex e-con e-child\" data-id=\"164fe16\" data-element_type=\"container\" data-e-type=\"container\">\n\t\t\t\t<div class=\"elementor-element elementor-element-ca8def4 elementor-widget__width-initial elementor-widget elementor-widget-text-editor\" data-id=\"ca8def4\" data-element_type=\"widget\" data-e-type=\"widget\" data-widget_type=\"text-editor.default\">\n\t\t\t\t<div class=\"elementor-widget-container\">\n\t\t\t\t\t\t\t\t\t<p>Descubre nuestras principales marcas de bebidas y l\u00e1cteos, reconocidas en m\u00e1s de 100 pa\u00edses por su calidad y por el impulso que les damos para llegar a cada rinc\u00f3n del mundo.<\/p>\t\t\t\t\t\t\t\t<\/div>\n\t\t\t\t<\/div>\n\t\t\t\t<\/div>\n\t\t\t\t\t<\/div>\n\t\t\t\t<\/div>\n\t\t<div class=\"elementor-element elementor-element-9f693ac e-flex e-con-boxed e-con e-parent\" data-id=\"9f693ac\" data-element_type=\"container\" data-e-type=\"container\" data-settings=\"{&quot;background_background&quot;:&quot;classic&quot;}\">\n\t\t\t\t\t<div class=\"e-con-inner\">\n\t\t<div class=\"elementor-element elementor-element-3bda9a0 e-con-full e-flex e-con e-child\" data-id=\"3bda9a0\" data-element_type=\"container\" data-e-type=\"container\">\n\t\t\t\t<div class=\"elementor-element elementor-element-1cbc9ea elementor-widget elementor-widget-heading\" data-id=\"1cbc9ea\" data-element_type=\"widget\" data-e-type=\"widget\" data-widget_type=\"heading.default\">\n\t\t\t\t<div class=\"elementor-widget-container\">\n\t\t\t\t\t<h2 class=\"elementor-heading-title elementor-size-default\">R\u00c9SERVOIRS D\u2019EAU\n<\/h2>\t\t\t\t<\/div>\n\t\t\t\t<\/div>\n\t\t\t\t<div class=\"elementor-element elementor-element-9666808 elementor-widget elementor-widget-text-editor\" data-id=\"9666808\" data-element_type=\"widget\" data-e-type=\"widget\" data-widget_type=\"text-editor.default\">\n\t\t\t\t<div class=\"elementor-widget-container\">\n\t\t\t\t\t\t\t\t\t<p><span style=\"font-weight: 400;\">Nous apportons de l\u2019espoir l\u00e0 o\u00f9 il est le plus n\u00e9cessaire. Nous installons des r\u00e9servoirs d\u2019eau dans des communaut\u00e9s qui souffrent de longues p\u00e9riodes de s\u00e9cheresse, garantissant un acc\u00e8s constant \u00e0 une eau pure et s\u00fbre. Parce que l\u2019eau n\u2019est pas un privil\u00e8ge, c\u2019est un droit essentiel pour vivre, grandir et prosp\u00e9rer.<\/span><\/p>\t\t\t\t\t\t\t\t<\/div>\n\t\t\t\t<\/div>\n\t\t\t\t<\/div>\n\t\t<div class=\"elementor-element elementor-element-41b607c e-con-full e-flex e-con e-child\" data-id=\"41b607c\" data-element_type=\"container\" data-e-type=\"container\">\n\t\t\t\t<div class=\"elementor-element elementor-element-09aa1fc elementor-widget elementor-widget-image\" data-id=\"09aa1fc\" data-element_type=\"widget\" data-e-type=\"widget\" data-widget_type=\"image.default\">\n\t\t\t\t<div class=\"elementor-widget-container\">\n\t\t\t\t\t\t\t\t\t\t\t\t\t\t\t<img fetchpriority=\"high\" decoding=\"async\" width=\"1024\" height=\"682\" src=\"https:\/\/foodibev.com\/wp-content\/uploads\/2026\/03\/depositos-de-agua.jpg\" class=\"attachment-large size-large wp-image-1357\" alt=\"\" srcset=\"https:\/\/foodibev.com\/wp-content\/uploads\/2026\/03\/depositos-de-agua.jpg 1024w, https:\/\/foodibev.com\/wp-content\/uploads\/2026\/03\/depositos-de-agua-300x200.jpg 300w, https:\/\/foodibev.com\/wp-content\/uploads\/2026\/03\/depositos-de-agua-768x512.jpg 768w\" sizes=\"(max-width: 1024px) 100vw, 1024px\" \/>\t\t\t\t\t\t\t\t\t\t\t\t\t\t\t<\/div>\n\t\t\t\t<\/div>\n\t\t\t\t<\/div>\n\t\t\t\t\t<\/div>\n\t\t\t\t<\/div>\n\t\t<div class=\"elementor-element elementor-element-8fbfe23 e-flex e-con-boxed e-con e-parent\" data-id=\"8fbfe23\" data-element_type=\"container\" data-e-type=\"container\" data-settings=\"{&quot;background_background&quot;:&quot;classic&quot;}\">\n\t\t\t\t\t<div class=\"e-con-inner\">\n\t\t<div class=\"elementor-element elementor-element-5d4e036 e-con-full e-flex e-con e-child\" data-id=\"5d4e036\" data-element_type=\"container\" data-e-type=\"container\">\n\t\t\t\t<div class=\"elementor-element elementor-element-01c3dc4 elementor-widget elementor-widget-image\" data-id=\"01c3dc4\" data-element_type=\"widget\" data-e-type=\"widget\" data-widget_type=\"image.default\">\n\t\t\t\t<div class=\"elementor-widget-container\">\n\t\t\t\t\t\t\t\t\t\t\t\t\t\t\t<img decoding=\"async\" width=\"1024\" height=\"682\" src=\"https:\/\/foodibev.com\/wp-content\/uploads\/2026\/03\/apoyo-al-deporte.jpg\" class=\"attachment-large size-large wp-image-1358\" alt=\"\" srcset=\"https:\/\/foodibev.com\/wp-content\/uploads\/2026\/03\/apoyo-al-deporte.jpg 1024w, https:\/\/foodibev.com\/wp-content\/uploads\/2026\/03\/apoyo-al-deporte-300x200.jpg 300w, https:\/\/foodibev.com\/wp-content\/uploads\/2026\/03\/apoyo-al-deporte-768x512.jpg 768w\" sizes=\"(max-width: 1024px) 100vw, 1024px\" \/>\t\t\t\t\t\t\t\t\t\t\t\t\t\t\t<\/div>\n\t\t\t\t<\/div>\n\t\t\t\t<\/div>\n\t\t<div class=\"elementor-element elementor-element-d7c0efd e-con-full e-flex e-con e-child\" data-id=\"d7c0efd\" data-element_type=\"container\" data-e-type=\"container\">\n\t\t\t\t<div class=\"elementor-element elementor-element-6f46395 elementor-widget elementor-widget-heading\" data-id=\"6f46395\" data-element_type=\"widget\" data-e-type=\"widget\" data-widget_type=\"heading.default\">\n\t\t\t\t<div class=\"elementor-widget-container\">\n\t\t\t\t\t<h2 class=\"elementor-heading-title elementor-size-default\">SOUTIEN AU SPORT\n<\/h2>\t\t\t\t<\/div>\n\t\t\t\t<\/div>\n\t\t\t\t<div class=\"elementor-element elementor-element-7a621c3 elementor-widget elementor-widget-text-editor\" data-id=\"7a621c3\" data-element_type=\"widget\" data-e-type=\"widget\" data-widget_type=\"text-editor.default\">\n\t\t\t\t<div class=\"elementor-widget-container\">\n\t\t\t\t\t\t\t\t\t<p><span style=\"font-weight: 400;\">Nous croyons au pouvoir du sport pour transformer des vies. C\u2019est pourquoi nous avons restaur\u00e9 et construit de nouveaux terrains de basket-ball, en les remplissant de couleur et d\u2019\u00e9nergie. Plus que des terrains, nous cr\u00e9ons des espaces o\u00f9 les jeunes peuvent r\u00eaver, se d\u00e9passer et renforcer l\u2019esprit de communaut\u00e9.<\/span><\/p>\t\t\t\t\t\t\t\t<\/div>\n\t\t\t\t<\/div>\n\t\t\t\t<\/div>\n\t\t\t\t\t<\/div>\n\t\t\t\t<\/div>\n\t\t<div class=\"elementor-element elementor-element-56f3958 e-flex e-con-boxed e-con e-parent\" data-id=\"56f3958\" data-element_type=\"container\" data-e-type=\"container\" data-settings=\"{&quot;background_background&quot;:&quot;classic&quot;}\">\n\t\t\t\t\t<div class=\"e-con-inner\">\n\t\t<div class=\"elementor-element elementor-element-9650081 e-con-full e-flex e-con e-child\" data-id=\"9650081\" data-element_type=\"container\" data-e-type=\"container\">\n\t\t\t\t<div class=\"elementor-element elementor-element-7aa4546 elementor-widget elementor-widget-heading\" data-id=\"7aa4546\" data-element_type=\"widget\" data-e-type=\"widget\" data-widget_type=\"heading.default\">\n\t\t\t\t<div class=\"elementor-widget-container\">\n\t\t\t\t\t<h2 class=\"elementor-heading-title elementor-size-default\">MOTOTAXIS<br>BIEN VISIBLES\n\n<\/h2>\t\t\t\t<\/div>\n\t\t\t\t<\/div>\n\t\t\t\t<div class=\"elementor-element elementor-element-d96051e elementor-widget elementor-widget-text-editor\" data-id=\"d96051e\" data-element_type=\"widget\" data-e-type=\"widget\" data-widget_type=\"text-editor.default\">\n\t\t\t\t<div class=\"elementor-widget-container\">\n\t\t\t\t\t\t\t\t\t<p><span style=\"font-weight: 400;\">Il est d\u00e9sormais plus facile d\u2019identifier les mototaxis gr\u00e2ce aux gilets Double Seven. Une initiative qui am\u00e9liore non seulement la visibilit\u00e9 et la s\u00e9curit\u00e9, mais qui soutient \u00e9galement le travail quotidien de centaines de conducteurs.<\/span><\/p>\t\t\t\t\t\t\t\t<\/div>\n\t\t\t\t<\/div>\n\t\t\t\t<\/div>\n\t\t<div class=\"elementor-element elementor-element-7f8ada3 e-con-full e-flex e-con e-child\" data-id=\"7f8ada3\" data-element_type=\"container\" data-e-type=\"container\">\n\t\t\t\t<div class=\"elementor-element elementor-element-a01b0e0 elementor-widget elementor-widget-image\" data-id=\"a01b0e0\" data-element_type=\"widget\" data-e-type=\"widget\" data-widget_type=\"image.default\">\n\t\t\t\t<div class=\"elementor-widget-container\">\n\t\t\t\t\t\t\t\t\t\t\t\t\t\t\t<img decoding=\"async\" width=\"1024\" height=\"683\" src=\"https:\/\/foodibev.com\/wp-content\/uploads\/2026\/03\/mototaxis.jpg\" class=\"attachment-large size-large wp-image-1359\" alt=\"\" srcset=\"https:\/\/foodibev.com\/wp-content\/uploads\/2026\/03\/mototaxis.jpg 1024w, https:\/\/foodibev.com\/wp-content\/uploads\/2026\/03\/mototaxis-300x200.jpg 300w, https:\/\/foodibev.com\/wp-content\/uploads\/2026\/03\/mototaxis-768x512.jpg 768w\" sizes=\"(max-width: 1024px) 100vw, 1024px\" \/>\t\t\t\t\t\t\t\t\t\t\t\t\t\t\t<\/div>\n\t\t\t\t<\/div>\n\t\t\t\t<\/div>\n\t\t\t\t\t<\/div>\n\t\t\t\t<\/div>\n\t\t<div class=\"elementor-element elementor-element-b005523 e-flex e-con-boxed e-con e-parent\" data-id=\"b005523\" data-element_type=\"container\" data-e-type=\"container\" data-settings=\"{&quot;background_background&quot;:&quot;classic&quot;}\">\n\t\t\t\t\t<div class=\"e-con-inner\">\n\t\t<div class=\"elementor-element elementor-element-7deb5c7 e-con-full e-flex e-con e-child\" data-id=\"7deb5c7\" data-element_type=\"container\" data-e-type=\"container\">\n\t\t\t\t<div class=\"elementor-element elementor-element-89aa447 elementor-widget elementor-widget-image\" data-id=\"89aa447\" data-element_type=\"widget\" data-e-type=\"widget\" data-widget_type=\"image.default\">\n\t\t\t\t<div class=\"elementor-widget-container\">\n\t\t\t\t\t\t\t\t\t\t\t\t\t\t\t<img loading=\"lazy\" decoding=\"async\" width=\"1024\" height=\"683\" src=\"https:\/\/foodibev.com\/wp-content\/uploads\/2026\/03\/diversidad.jpg\" class=\"attachment-large size-large wp-image-1360\" alt=\"\" srcset=\"https:\/\/foodibev.com\/wp-content\/uploads\/2026\/03\/diversidad.jpg 1024w, https:\/\/foodibev.com\/wp-content\/uploads\/2026\/03\/diversidad-300x200.jpg 300w, https:\/\/foodibev.com\/wp-content\/uploads\/2026\/03\/diversidad-768x512.jpg 768w\" sizes=\"(max-width: 1024px) 100vw, 1024px\" \/>\t\t\t\t\t\t\t\t\t\t\t\t\t\t\t<\/div>\n\t\t\t\t<\/div>\n\t\t\t\t<\/div>\n\t\t<div class=\"elementor-element elementor-element-b2ec325 e-con-full e-flex e-con e-child\" data-id=\"b2ec325\" data-element_type=\"container\" data-e-type=\"container\">\n\t\t\t\t<div class=\"elementor-element elementor-element-0aaaad3 elementor-widget elementor-widget-heading\" data-id=\"0aaaad3\" data-element_type=\"widget\" data-e-type=\"widget\" data-widget_type=\"heading.default\">\n\t\t\t\t<div class=\"elementor-widget-container\">\n\t\t\t\t\t<h2 class=\"elementor-heading-title elementor-size-default\">DIVERSIT\u00c9 AVEC MAGIC SPARKLING\n<\/h2>\t\t\t\t<\/div>\n\t\t\t\t<\/div>\n\t\t\t\t<div class=\"elementor-element elementor-element-8d32bf8 elementor-widget elementor-widget-text-editor\" data-id=\"8d32bf8\" data-element_type=\"widget\" data-e-type=\"widget\" data-widget_type=\"text-editor.default\">\n\t\t\t\t<div class=\"elementor-widget-container\">\n\t\t\t\t\t\t\t\t\t<p><span style=\"font-weight: 400;\">Avec Magic Sparkling, nous avons lanc\u00e9 une initiative qui c\u00e9l\u00e8bre la diversit\u00e9 et promeut l\u2019inclusion. Une action qui a donn\u00e9 davantage de visibilit\u00e9 aux personnes en situation de handicap intellectuel, en mettant en valeur leur talent, leur valeur et leur r\u00f4le essentiel dans la soci\u00e9t\u00e9.<\/span><\/p>\t\t\t\t\t\t\t\t<\/div>\n\t\t\t\t<\/div>\n\t\t\t\t<\/div>\n\t\t\t\t\t<\/div>\n\t\t\t\t<\/div>\n\t\t<div class=\"elementor-element elementor-element-6d968c7 e-flex e-con-boxed e-con e-parent\" data-id=\"6d968c7\" data-element_type=\"container\" data-e-type=\"container\" data-settings=\"{&quot;background_background&quot;:&quot;classic&quot;}\">\n\t\t\t\t\t<div class=\"e-con-inner\">\n\t\t<div class=\"elementor-element elementor-element-978de5e e-con-full e-flex e-con e-child\" data-id=\"978de5e\" data-element_type=\"container\" data-e-type=\"container\">\n\t\t\t\t<div class=\"elementor-element elementor-element-92653ac elementor-widget elementor-widget-heading\" data-id=\"92653ac\" data-element_type=\"widget\" data-e-type=\"widget\" data-widget_type=\"heading.default\">\n\t\t\t\t<div class=\"elementor-widget-container\">\n\t\t\t\t\t<h2 class=\"elementor-heading-title elementor-size-default\">SACS \u00c0 DOS MULIK \n\n<\/h2>\t\t\t\t<\/div>\n\t\t\t\t<\/div>\n\t\t\t\t<div class=\"elementor-element elementor-element-b7f7f57 elementor-widget elementor-widget-text-editor\" data-id=\"b7f7f57\" data-element_type=\"widget\" data-e-type=\"widget\" data-widget_type=\"text-editor.default\">\n\t\t\t\t<div class=\"elementor-widget-container\">\n\t\t\t\t\t\t\t\t\t<p><span style=\"font-weight: 400;\">Des centaines de sacs \u00e0 dos Mulik sont arriv\u00e9s entre les mains d\u2019enfants qui commencent l\u2019ann\u00e9e scolaire. Nous avons apport\u00e9 de l\u2019enthousiasme, de la motivation et des outils pour construire un avenir plein d\u2019opportunit\u00e9s.<\/span><\/p>\t\t\t\t\t\t\t\t<\/div>\n\t\t\t\t<\/div>\n\t\t\t\t<\/div>\n\t\t<div class=\"elementor-element elementor-element-16438a1 e-con-full e-flex e-con e-child\" data-id=\"16438a1\" data-element_type=\"container\" data-e-type=\"container\">\n\t\t\t\t<div class=\"elementor-element elementor-element-792def6 elementor-widget elementor-widget-image\" data-id=\"792def6\" data-element_type=\"widget\" data-e-type=\"widget\" data-widget_type=\"image.default\">\n\t\t\t\t<div class=\"elementor-widget-container\">\n\t\t\t\t\t\t\t\t\t\t\t\t\t\t\t<img loading=\"lazy\" decoding=\"async\" width=\"1024\" height=\"742\" src=\"https:\/\/foodibev.com\/wp-content\/uploads\/2026\/03\/MOCHILAS-MULIK-1024x742.webp\" class=\"attachment-large size-large wp-image-1361\" alt=\"\" srcset=\"https:\/\/foodibev.com\/wp-content\/uploads\/2026\/03\/MOCHILAS-MULIK-1024x742.webp 1024w, https:\/\/foodibev.com\/wp-content\/uploads\/2026\/03\/MOCHILAS-MULIK-300x217.webp 300w, https:\/\/foodibev.com\/wp-content\/uploads\/2026\/03\/MOCHILAS-MULIK-768x557.webp 768w, https:\/\/foodibev.com\/wp-content\/uploads\/2026\/03\/MOCHILAS-MULIK.webp 1086w\" sizes=\"(max-width: 1024px) 100vw, 1024px\" \/>\t\t\t\t\t\t\t\t\t\t\t\t\t\t\t<\/div>\n\t\t\t\t<\/div>\n\t\t\t\t<\/div>\n\t\t\t\t\t<\/div>\n\t\t\t\t<\/div>\n\t\t<div class=\"elementor-element elementor-element-ba59ee2 e-flex e-con-boxed e-con e-parent\" data-id=\"ba59ee2\" data-element_type=\"container\" data-e-type=\"container\" data-settings=\"{&quot;background_background&quot;:&quot;classic&quot;}\">\n\t\t\t\t\t<div class=\"e-con-inner\">\n\t\t<div class=\"elementor-element elementor-element-da62a5c e-con-full e-flex e-con e-child\" data-id=\"da62a5c\" data-element_type=\"container\" data-e-type=\"container\">\n\t\t\t\t<div class=\"elementor-element elementor-element-a53d3af elementor-widget elementor-widget-image\" data-id=\"a53d3af\" data-element_type=\"widget\" data-e-type=\"widget\" data-widget_type=\"image.default\">\n\t\t\t\t<div class=\"elementor-widget-container\">\n\t\t\t\t\t\t\t\t\t\t\t\t\t\t\t<img loading=\"lazy\" decoding=\"async\" width=\"1024\" height=\"683\" src=\"https:\/\/foodibev.com\/wp-content\/uploads\/2026\/03\/reparto-cascos-de-moto.jpg\" class=\"attachment-large size-large wp-image-1362\" alt=\"\" srcset=\"https:\/\/foodibev.com\/wp-content\/uploads\/2026\/03\/reparto-cascos-de-moto.jpg 1024w, https:\/\/foodibev.com\/wp-content\/uploads\/2026\/03\/reparto-cascos-de-moto-300x200.jpg 300w, https:\/\/foodibev.com\/wp-content\/uploads\/2026\/03\/reparto-cascos-de-moto-768x512.jpg 768w\" sizes=\"(max-width: 1024px) 100vw, 1024px\" \/>\t\t\t\t\t\t\t\t\t\t\t\t\t\t\t<\/div>\n\t\t\t\t<\/div>\n\t\t\t\t<\/div>\n\t\t<div class=\"elementor-element elementor-element-219219e e-con-full e-flex e-con e-child\" data-id=\"219219e\" data-element_type=\"container\" data-e-type=\"container\">\n\t\t\t\t<div class=\"elementor-element elementor-element-8de07d0 elementor-widget elementor-widget-heading\" data-id=\"8de07d0\" data-element_type=\"widget\" data-e-type=\"widget\" data-widget_type=\"heading.default\">\n\t\t\t\t<div class=\"elementor-widget-container\">\n\t\t\t\t\t<h2 class=\"elementor-heading-title elementor-size-default\">DISTRIBUTION DE CASQUES DE MOTO\n\n<\/h2>\t\t\t\t<\/div>\n\t\t\t\t<\/div>\n\t\t\t\t<div class=\"elementor-element elementor-element-733c2db elementor-widget elementor-widget-text-editor\" data-id=\"733c2db\" data-element_type=\"widget\" data-e-type=\"widget\" data-widget_type=\"text-editor.default\">\n\t\t\t\t<div class=\"elementor-widget-container\">\n\t\t\t\t\t\t\t\t\t<p><span style=\"font-weight: 400;\">La s\u00e9curit\u00e9 avant tout. Pour encourager l\u2019utilisation du casque et prot\u00e9ger des vies, nous avons parcouru plusieurs villes en distribuant plus de 10 000 casques aux motards locaux. Une initiative qui sensibilise, promeut la responsabilit\u00e9 routi\u00e8re et contribue \u00e0 rendre chaque trajet plus s\u00fbr.<\/span><\/p>\t\t\t\t\t\t\t\t<\/div>\n\t\t\t\t<\/div>\n\t\t\t\t<\/div>\n\t\t\t\t\t<\/div>\n\t\t\t\t<\/div>\n\t\t\t\t<\/div>\n\t\t","protected":false},"excerpt":{"rendered":"<p>des Marques \u00e0 impact des Marques\u00e0 impact Descubre nuestras principales marcas de bebidas y l\u00e1cteos, reconocidas en m\u00e1s de 100 pa\u00edses por su calidad y por el impulso que les damos para llegar a cada rinc\u00f3n del mundo. R\u00c9SERVOIRS D\u2019EAU Nous apportons de l\u2019espoir l\u00e0 o\u00f9 il est le plus n\u00e9cessaire. Nous installons des r\u00e9servoirs [&hellip;]<\/p>\n","protected":false},"author":10,"featured_media":0,"parent":0,"menu_order":0,"comment_status":"closed","ping_status":"closed","template":"elementor_header_footer","meta":{"ocean_post_layout":"full-width","ocean_both_sidebars_style":"","ocean_both_sidebars_content_width":0,"ocean_both_sidebars_sidebars_width":0,"ocean_sidebar":"0","ocean_second_sidebar":"0","ocean_disable_margins":"enable","ocean_add_body_class":"","ocean_shortcode_before_top_bar":"","ocean_shortcode_after_top_bar":"","ocean_shortcode_before_header":"","ocean_shortcode_after_header":"","ocean_has_shortcode":"","ocean_shortcode_after_title":"","ocean_shortcode_before_footer_widgets":"","ocean_shortcode_after_footer_widgets":"","ocean_shortcode_before_footer_bottom":"","ocean_shortcode_after_footer_bottom":"","ocean_display_top_bar":"default","ocean_display_header":"default","ocean_header_style":"","ocean_center_header_left_menu":"0","ocean_custom_header_template":"0","ocean_custom_logo":0,"ocean_custom_retina_logo":0,"ocean_custom_logo_max_width":0,"ocean_custom_logo_tablet_max_width":0,"ocean_custom_logo_mobile_max_width":0,"ocean_custom_logo_max_height":0,"ocean_custom_logo_tablet_max_height":0,"ocean_custom_logo_mobile_max_height":0,"ocean_header_custom_menu":"0","ocean_menu_typo_font_family":"0","ocean_menu_typo_font_subset":"","ocean_menu_typo_font_size":0,"ocean_menu_typo_font_size_tablet":0,"ocean_menu_typo_font_size_mobile":0,"ocean_menu_typo_font_size_unit":"px","ocean_menu_typo_font_weight":"","ocean_menu_typo_font_weight_tablet":"","ocean_menu_typo_font_weight_mobile":"","ocean_menu_typo_transform":"","ocean_menu_typo_transform_tablet":"","ocean_menu_typo_transform_mobile":"","ocean_menu_typo_line_height":0,"ocean_menu_typo_line_height_tablet":0,"ocean_menu_typo_line_height_mobile":0,"ocean_menu_typo_line_height_unit":"","ocean_menu_typo_spacing":0,"ocean_menu_typo_spacing_tablet":0,"ocean_menu_typo_spacing_mobile":0,"ocean_menu_typo_spacing_unit":"","ocean_menu_link_color":"","ocean_menu_link_color_hover":"","ocean_menu_link_color_active":"","ocean_menu_link_background":"","ocean_menu_link_hover_background":"","ocean_menu_link_active_background":"","ocean_menu_social_links_bg":"","ocean_menu_social_hover_links_bg":"","ocean_menu_social_links_color":"","ocean_menu_social_hover_links_color":"","ocean_disable_title":"on","ocean_disable_heading":"default","ocean_post_title":"","ocean_post_subheading":"","ocean_post_title_style":"","ocean_post_title_background_color":"","ocean_post_title_background":0,"ocean_post_title_bg_image_position":"","ocean_post_title_bg_image_attachment":"","ocean_post_title_bg_image_repeat":"","ocean_post_title_bg_image_size":"","ocean_post_title_height":0,"ocean_post_title_bg_overlay":0.5,"ocean_post_title_bg_overlay_color":"","ocean_disable_breadcrumbs":"default","ocean_breadcrumbs_color":"","ocean_breadcrumbs_separator_color":"","ocean_breadcrumbs_links_color":"","ocean_breadcrumbs_links_hover_color":"","ocean_display_footer_widgets":"default","ocean_display_footer_bottom":"default","ocean_custom_footer_template":"0","osh_disable_topbar_sticky":"default","osh_disable_header_sticky":"default","osh_sticky_header_style":"default","osh_sticky_header_effect":"","osh_custom_sticky_logo":0,"osh_custom_retina_sticky_logo":0,"osh_custom_sticky_logo_height":0,"osh_background_color":"","osh_links_color":"","osh_links_hover_color":"","osh_links_active_color":"","osh_links_bg_color":"","osh_links_hover_bg_color":"","osh_links_active_bg_color":"","osh_menu_social_links_color":"","osh_menu_social_hover_links_color":"","footnotes":""},"class_list":["post-1355","page","type-page","status-publish","hentry","entry"],"_links":{"self":[{"href":"https:\/\/foodibev.com\/fr\/wp-json\/wp\/v2\/pages\/1355","targetHints":{"allow":["GET"]}}],"collection":[{"href":"https:\/\/foodibev.com\/fr\/wp-json\/wp\/v2\/pages"}],"about":[{"href":"https:\/\/foodibev.com\/fr\/wp-json\/wp\/v2\/types\/page"}],"author":[{"embeddable":true,"href":"https:\/\/foodibev.com\/fr\/wp-json\/wp\/v2\/users\/10"}],"replies":[{"embeddable":true,"href":"https:\/\/foodibev.com\/fr\/wp-json\/wp\/v2\/comments?post=1355"}],"version-history":[{"count":14,"href":"https:\/\/foodibev.com\/fr\/wp-json\/wp\/v2\/pages\/1355\/revisions"}],"predecessor-version":[{"id":1592,"href":"https:\/\/foodibev.com\/fr\/wp-json\/wp\/v2\/pages\/1355\/revisions\/1592"}],"wp:attachment":[{"href":"https:\/\/foodibev.com\/fr\/wp-json\/wp\/v2\/media?parent=1355"}],"curies":[{"name":"wp","href":"https:\/\/api.w.org\/{rel}","templated":true}]}}