{"id":10037,"date":"2025-05-09T13:38:05","date_gmt":"2025-05-09T13:38:05","guid":{"rendered":"https:\/\/foodibev.com\/?page_id=10037"},"modified":"2025-10-22T13:52:46","modified_gmt":"2025-10-22T13:52:46","slug":"david-lopez","status":"publish","type":"page","link":"https:\/\/foodibev.com\/fr\/david-lopez\/","title":{"rendered":"David L\u00f3pez"},"content":{"rendered":"<div data-elementor-type=\"wp-page\" data-elementor-id=\"10037\" class=\"elementor elementor-10037\">\n\t\t\t\t\t\t<section class=\"elementor-section elementor-top-section elementor-element elementor-element-bca101a elementor-section-stretched elementor-hidden-phone elementor-section-boxed elementor-section-height-default elementor-section-height-default\" data-id=\"bca101a\" data-element_type=\"section\" data-e-type=\"section\" data-settings=\"{&quot;stretch_section&quot;:&quot;section-stretched&quot;,&quot;background_background&quot;:&quot;classic&quot;}\">\n\t\t\t\t\t\t<div class=\"elementor-container elementor-column-gap-no\">\n\t\t\t\t\t<div class=\"elementor-column elementor-col-33 elementor-top-column elementor-element elementor-element-ed374da\" data-id=\"ed374da\" data-element_type=\"column\" data-e-type=\"column\">\n\t\t\t<div class=\"elementor-widget-wrap elementor-element-populated\">\n\t\t\t\t\t\t<div class=\"elementor-element elementor-element-d1abbc0 elementor-widget elementor-widget-spacer\" data-id=\"d1abbc0\" data-element_type=\"widget\" data-e-type=\"widget\" data-widget_type=\"spacer.default\">\n\t\t\t\t<div class=\"elementor-widget-container\">\n\t\t\t\t\t\t\t<div class=\"elementor-spacer\">\n\t\t\t<div class=\"elementor-spacer-inner\"><\/div>\n\t\t<\/div>\n\t\t\t\t\t\t<\/div>\n\t\t\t\t<\/div>\n\t\t\t\t<div class=\"elementor-element elementor-element-c91e610 elementor-widget elementor-widget-heading\" data-id=\"c91e610\" data-element_type=\"widget\" data-e-type=\"widget\" data-widget_type=\"heading.default\">\n\t\t\t\t<div class=\"elementor-widget-container\">\n\t\t\t\t\t<h2 class=\"elementor-heading-title elementor-size-default\">David L\u00f3pez<\/h2>\t\t\t\t<\/div>\n\t\t\t\t<\/div>\n\t\t\t\t<div class=\"elementor-element elementor-element-ce142e8 elementor-widget elementor-widget-heading\" data-id=\"ce142e8\" data-element_type=\"widget\" data-e-type=\"widget\" data-no-translation=\"\" data-widget_type=\"heading.default\">\n\t\t\t\t<div class=\"elementor-widget-container\">\n\t\t\t\t\t<style>.elementor-element-ce142e8{display:none !important}<\/style>\t\t\t\t<\/div>\n\t\t\t\t<\/div>\n\t\t\t\t<div class=\"elementor-element elementor-element-cd8e61c elementor-widget elementor-widget-heading\" data-id=\"cd8e61c\" data-element_type=\"widget\" data-e-type=\"widget\" data-no-translation=\"\" data-widget_type=\"heading.default\">\n\t\t\t\t<div class=\"elementor-widget-container\">\n\t\t\t\t\t<style>.elementor-element-cd8e61c{display:none !important}<\/style>\t\t\t\t<\/div>\n\t\t\t\t<\/div>\n\t\t\t\t<div class=\"elementor-element elementor-element-b7e3ff5 elementor-widget elementor-widget-heading\" data-id=\"b7e3ff5\" data-element_type=\"widget\" data-e-type=\"widget\" data-no-translation=\"\" data-widget_type=\"heading.default\">\n\t\t\t\t<div class=\"elementor-widget-container\">\n\t\t\t\t\t<h3 class=\"elementor-heading-title elementor-size-default\">Coordinateur du Service \u00e0 la Client\u00e8le et de la Logistique<\/h3>\t\t\t\t<\/div>\n\t\t\t\t<\/div>\n\t\t\t\t<div class=\"elementor-element elementor-element-c00c598 elementor-widget-divider--view-line elementor-widget elementor-widget-divider\" data-id=\"c00c598\" data-element_type=\"widget\" data-e-type=\"widget\" data-widget_type=\"divider.default\">\n\t\t\t\t<div class=\"elementor-widget-container\">\n\t\t\t\t\t\t\t<div class=\"elementor-divider\">\n\t\t\t<span class=\"elementor-divider-separator\">\n\t\t\t\t\t\t<\/span>\n\t\t<\/div>\n\t\t\t\t\t\t<\/div>\n\t\t\t\t<\/div>\n\t\t\t\t<div class=\"elementor-element elementor-element-21f931a elementor-widget elementor-widget-text-editor\" data-id=\"21f931a\" data-element_type=\"widget\" data-e-type=\"widget\" data-widget_type=\"text-editor.default\">\n\t\t\t\t<div class=\"elementor-widget-container\">\n\t\t\t\t\t\t\t\t\t<p style=\"font-size: 16px;\">d.lopez@foodibev.com<\/p><p style=\"font-size: 16px;\">tel.: +34 671 701 723<\/p>\t\t\t\t\t\t\t\t<\/div>\n\t\t\t\t<\/div>\n\t\t\t\t<div class=\"elementor-element elementor-element-71095d4 elementor-widget elementor-widget-text-editor\" data-id=\"71095d4\" data-element_type=\"widget\" data-e-type=\"widget\" data-no-translation=\"\" data-widget_type=\"text-editor.default\">\n\t\t\t\t<div class=\"elementor-widget-container\">\n\t\t\t\t\t<style>.elementor-element-71095d4{display:none !important}<\/style>\t\t\t\t<\/div>\n\t\t\t\t<\/div>\n\t\t\t\t<div class=\"elementor-element elementor-element-d7c7b52 elementor-widget elementor-widget-text-editor\" data-id=\"d7c7b52\" data-element_type=\"widget\" data-e-type=\"widget\" data-no-translation=\"\" data-widget_type=\"text-editor.default\">\n\t\t\t\t<div class=\"elementor-widget-container\">\n\t\t\t\t\t<style>.elementor-element-d7c7b52{display:none !important}<\/style>\t\t\t\t<\/div>\n\t\t\t\t<\/div>\n\t\t\t\t<div class=\"elementor-element elementor-element-3f3ca17 elementor-widget elementor-widget-text-editor\" data-id=\"3f3ca17\" data-element_type=\"widget\" data-e-type=\"widget\" data-no-translation=\"\" data-widget_type=\"text-editor.default\">\n\t\t\t\t<div class=\"elementor-widget-container\">\n\t\t\t\t\t\t\t\t\t<p>Bonjour ! je m&#8217;appelle David et je m&#8217;occupe de la gestion administrative des commandes li\u00e9es aux fournisseurs et aux clients dans un environnement international, en r\u00e9solvant les incidents et en garantissant la qualit\u00e9 du service. En outre, je coordonne le transport et la distribution, dans le but d&#8217;optimiser le processus : r\u00e9duction des co\u00fbts, des d\u00e9lais de livraison et des itin\u00e9raires.<\/p>\t\t\t\t\t\t\t\t<\/div>\n\t\t\t\t<\/div>\n\t\t\t\t\t<\/div>\n\t\t<\/div>\n\t\t\t\t<div class=\"elementor-column elementor-col-66 elementor-top-column elementor-element elementor-element-e4f24b6\" data-id=\"e4f24b6\" data-element_type=\"column\" data-e-type=\"column\">\n\t\t\t<div class=\"elementor-widget-wrap elementor-element-populated\">\n\t\t\t\t\t\t<div class=\"elementor-element elementor-element-8a5cc10 elementor-widget elementor-widget-image\" data-id=\"8a5cc10\" data-element_type=\"widget\" data-e-type=\"widget\" data-widget_type=\"image.default\">\n\t\t\t\t<div class=\"elementor-widget-container\">\n\t\t\t\t\t\t\t\t\t\t\t\t\t\t\t<img fetchpriority=\"high\" decoding=\"async\" width=\"1024\" height=\"967\" src=\"https:\/\/foodibev.com\/wp-content\/uploads\/2025\/05\/David-Lopez-1-1024x967.webp\" class=\"attachment-large size-large wp-image-10052\" alt=\"\" srcset=\"https:\/\/foodibev.com\/wp-content\/uploads\/2025\/05\/David-Lopez-1-1024x967.webp 1024w, https:\/\/foodibev.com\/wp-content\/uploads\/2025\/05\/David-Lopez-1-300x283.webp 300w, https:\/\/foodibev.com\/wp-content\/uploads\/2025\/05\/David-Lopez-1-768x725.webp 768w, https:\/\/foodibev.com\/wp-content\/uploads\/2025\/05\/David-Lopez-1-1536x1451.webp 1536w, https:\/\/foodibev.com\/wp-content\/uploads\/2025\/05\/David-Lopez-1-2048x1934.webp 2048w, https:\/\/foodibev.com\/wp-content\/uploads\/2025\/05\/David-Lopez-1-13x12.webp 13w\" sizes=\"(max-width: 1024px) 100vw, 1024px\" \/>\t\t\t\t\t\t\t\t\t\t\t\t\t\t\t<\/div>\n\t\t\t\t<\/div>\n\t\t\t\t\t<\/div>\n\t\t<\/div>\n\t\t\t\t\t<\/div>\n\t\t<\/section>\n\t\t\t\t<section class=\"elementor-section elementor-top-section elementor-element elementor-element-906ebb8 elementor-section-stretched elementor-hidden-desktop elementor-hidden-tablet elementor-section-boxed elementor-section-height-default elementor-section-height-default\" data-id=\"906ebb8\" data-element_type=\"section\" data-e-type=\"section\" data-settings=\"{&quot;stretch_section&quot;:&quot;section-stretched&quot;,&quot;background_background&quot;:&quot;classic&quot;}\">\n\t\t\t\t\t\t<div class=\"elementor-container elementor-column-gap-no\">\n\t\t\t\t\t<div class=\"elementor-column elementor-col-33 elementor-top-column elementor-element elementor-element-cc14892\" data-id=\"cc14892\" data-element_type=\"column\" data-e-type=\"column\">\n\t\t\t<div class=\"elementor-widget-wrap elementor-element-populated\">\n\t\t\t\t\t\t<div class=\"elementor-element elementor-element-7ad8f64 elementor-widget elementor-widget-spacer\" data-id=\"7ad8f64\" data-element_type=\"widget\" data-e-type=\"widget\" data-widget_type=\"spacer.default\">\n\t\t\t\t<div class=\"elementor-widget-container\">\n\t\t\t\t\t\t\t<div class=\"elementor-spacer\">\n\t\t\t<div class=\"elementor-spacer-inner\"><\/div>\n\t\t<\/div>\n\t\t\t\t\t\t<\/div>\n\t\t\t\t<\/div>\n\t\t\t\t<div class=\"elementor-element elementor-element-fbeee41 elementor-widget elementor-widget-image\" data-id=\"fbeee41\" data-element_type=\"widget\" data-e-type=\"widget\" data-widget_type=\"image.default\">\n\t\t\t\t<div class=\"elementor-widget-container\">\n\t\t\t\t\t\t\t\t\t\t\t\t\t\t\t<img fetchpriority=\"high\" decoding=\"async\" width=\"1024\" height=\"967\" src=\"https:\/\/foodibev.com\/wp-content\/uploads\/2025\/05\/David-Lopez-1-1024x967.webp\" class=\"attachment-large size-large wp-image-10052\" alt=\"\" srcset=\"https:\/\/foodibev.com\/wp-content\/uploads\/2025\/05\/David-Lopez-1-1024x967.webp 1024w, https:\/\/foodibev.com\/wp-content\/uploads\/2025\/05\/David-Lopez-1-300x283.webp 300w, https:\/\/foodibev.com\/wp-content\/uploads\/2025\/05\/David-Lopez-1-768x725.webp 768w, https:\/\/foodibev.com\/wp-content\/uploads\/2025\/05\/David-Lopez-1-1536x1451.webp 1536w, https:\/\/foodibev.com\/wp-content\/uploads\/2025\/05\/David-Lopez-1-2048x1934.webp 2048w, https:\/\/foodibev.com\/wp-content\/uploads\/2025\/05\/David-Lopez-1-13x12.webp 13w\" sizes=\"(max-width: 1024px) 100vw, 1024px\" \/>\t\t\t\t\t\t\t\t\t\t\t\t\t\t\t<\/div>\n\t\t\t\t<\/div>\n\t\t\t\t<div class=\"elementor-element elementor-element-7312ab8 elementor-widget elementor-widget-heading\" data-id=\"7312ab8\" data-element_type=\"widget\" data-e-type=\"widget\" data-widget_type=\"heading.default\">\n\t\t\t\t<div class=\"elementor-widget-container\">\n\t\t\t\t\t<h2 class=\"elementor-heading-title elementor-size-default\">David L\u00f3pez<\/h2>\t\t\t\t<\/div>\n\t\t\t\t<\/div>\n\t\t\t\t<div class=\"elementor-element elementor-element-75a4e6f elementor-widget elementor-widget-heading\" data-id=\"75a4e6f\" data-element_type=\"widget\" data-e-type=\"widget\" data-no-translation=\"\" data-widget_type=\"heading.default\">\n\t\t\t\t<div class=\"elementor-widget-container\">\n\t\t\t\t\t<style>.elementor-element-75a4e6f{display:none !important}<\/style>\t\t\t\t<\/div>\n\t\t\t\t<\/div>\n\t\t\t\t<div class=\"elementor-element elementor-element-86e37bb elementor-widget elementor-widget-heading\" data-id=\"86e37bb\" data-element_type=\"widget\" data-e-type=\"widget\" data-no-translation=\"\" data-widget_type=\"heading.default\">\n\t\t\t\t<div class=\"elementor-widget-container\">\n\t\t\t\t\t<style>.elementor-element-86e37bb{display:none !important}<\/style>\t\t\t\t<\/div>\n\t\t\t\t<\/div>\n\t\t\t\t<div class=\"elementor-element elementor-element-84506a5 elementor-widget elementor-widget-heading\" data-id=\"84506a5\" data-element_type=\"widget\" data-e-type=\"widget\" data-no-translation=\"\" data-widget_type=\"heading.default\">\n\t\t\t\t<div class=\"elementor-widget-container\">\n\t\t\t\t\t<h3 class=\"elementor-heading-title elementor-size-default\">Coordinateur du Service \u00e0 la Client\u00e8le et de la Logistique<\/h3>\t\t\t\t<\/div>\n\t\t\t\t<\/div>\n\t\t\t\t<div class=\"elementor-element elementor-element-fbceeff elementor-widget-divider--view-line elementor-widget elementor-widget-divider\" data-id=\"fbceeff\" data-element_type=\"widget\" data-e-type=\"widget\" data-widget_type=\"divider.default\">\n\t\t\t\t<div class=\"elementor-widget-container\">\n\t\t\t\t\t\t\t<div class=\"elementor-divider\">\n\t\t\t<span class=\"elementor-divider-separator\">\n\t\t\t\t\t\t<\/span>\n\t\t<\/div>\n\t\t\t\t\t\t<\/div>\n\t\t\t\t<\/div>\n\t\t\t\t<div class=\"elementor-element elementor-element-4e200f8 elementor-widget elementor-widget-text-editor\" data-id=\"4e200f8\" data-element_type=\"widget\" data-e-type=\"widget\" data-widget_type=\"text-editor.default\">\n\t\t\t\t<div class=\"elementor-widget-container\">\n\t\t\t\t\t\t\t\t\t<p>d.lopez@foodibev.com<\/p><p>tel.: +34 671 701 723<\/p>\t\t\t\t\t\t\t\t<\/div>\n\t\t\t\t<\/div>\n\t\t\t\t<div class=\"elementor-element elementor-element-f7f7bc8 elementor-widget elementor-widget-text-editor\" data-id=\"f7f7bc8\" data-element_type=\"widget\" data-e-type=\"widget\" data-no-translation=\"\" data-widget_type=\"text-editor.default\">\n\t\t\t\t<div class=\"elementor-widget-container\">\n\t\t\t\t\t<style>.elementor-element-f7f7bc8{display:none !important}<\/style>\t\t\t\t<\/div>\n\t\t\t\t<\/div>\n\t\t\t\t<div class=\"elementor-element elementor-element-43828b3 elementor-widget elementor-widget-text-editor\" data-id=\"43828b3\" data-element_type=\"widget\" data-e-type=\"widget\" data-no-translation=\"\" data-widget_type=\"text-editor.default\">\n\t\t\t\t<div class=\"elementor-widget-container\">\n\t\t\t\t\t<style>.elementor-element-43828b3{display:none !important}<\/style>\t\t\t\t<\/div>\n\t\t\t\t<\/div>\n\t\t\t\t<div class=\"elementor-element elementor-element-0f3063b elementor-widget elementor-widget-text-editor\" data-id=\"0f3063b\" data-element_type=\"widget\" data-e-type=\"widget\" data-no-translation=\"\" data-widget_type=\"text-editor.default\">\n\t\t\t\t<div class=\"elementor-widget-container\">\n\t\t\t\t\t\t\t\t\t<p>Bonjour ! je m\u2019appelle David et je m\u2019occupe de la gestion administrative des commandes li\u00e9es aux fournisseurs et aux clients dans un environnement international, en r\u00e9solvant les incidents et en garantissant la qualit\u00e9 du service. En outre, je coordonne le transport et la distribution, dans le but d\u2019optimiser le processus : r\u00e9duction des co\u00fbts, des d\u00e9lais de livraison et des itin\u00e9raires.<\/p>\t\t\t\t\t\t\t\t<\/div>\n\t\t\t\t<\/div>\n\t\t\t\t\t<\/div>\n\t\t<\/div>\n\t\t\t\t<div class=\"elementor-column elementor-col-66 elementor-top-column elementor-element elementor-element-04a4eb7\" data-id=\"04a4eb7\" data-element_type=\"column\" data-e-type=\"column\">\n\t\t\t<div class=\"elementor-widget-wrap\">\n\t\t\t\t\t\t\t<\/div>\n\t\t<\/div>\n\t\t\t\t\t<\/div>\n\t\t<\/section>\n\t\t\t\t<\/div>","protected":false},"excerpt":{"rendered":"<p>David L\u00f3pez Coordinador de Atenci\u00f3n al Cliente y Log\u00edstica d.lopez@foodibev.com tel.: +34 671 701 723 \u00a1Hola! Soy David y realizo la gesti\u00f3n administrativa de pedidos relacionado con proveedores y clientes en un entorno internacional, resolviendo incidencias y asegurando la calidad del servicio. Adem\u00e1s, tambi\u00e9n coordino el transporte y la distribuci\u00f3n, con el objetivo de optimizar&hellip;<\/p>","protected":false},"author":1,"featured_media":0,"parent":0,"menu_order":0,"comment_status":"closed","ping_status":"closed","template":"elementor_header_footer","meta":{"footnotes":""},"class_list":["post-10037","page","type-page","status-publish","hentry"],"yoast_head":"<!-- This site is optimized with the Yoast SEO plugin v27.4 - https:\/\/yoast.com\/product\/yoast-seo-wordpress\/ -->\n<title>David L\u00f3pez - Foodibev<\/title>\n<meta name=\"robots\" content=\"index, follow, max-snippet:-1, max-image-preview:large, max-video-preview:-1\" \/>\n<link rel=\"canonical\" href=\"https:\/\/foodibev.com\/fr\/david-lopez\/\" \/>\n<meta property=\"og:locale\" content=\"fr_FR\" \/>\n<meta property=\"og:type\" content=\"article\" \/>\n<meta property=\"og:title\" content=\"David L\u00f3pez - Foodibev\" \/>\n<meta property=\"og:description\" content=\"David L\u00f3pez Coordinador de Atenci\u00f3n al Cliente y Log\u00edstica d.lopez@foodibev.com tel.: +34 671 701 723 \u00a1Hola! Soy David y realizo la gesti\u00f3n administrativa de pedidos relacionado con proveedores y clientes en un entorno internacional, resolviendo incidencias y asegurando la calidad del servicio. Adem\u00e1s, tambi\u00e9n coordino el transporte y la distribuci\u00f3n, con el objetivo de optimizar&hellip;\" \/>\n<meta property=\"og:url\" content=\"https:\/\/foodibev.com\/fr\/david-lopez\/\" \/>\n<meta property=\"og:site_name\" content=\"Foodibev\" \/>\n<meta property=\"article:modified_time\" content=\"2025-10-22T13:52:46+00:00\" \/>\n<meta property=\"og:image\" content=\"https:\/\/foodibev.com\/wp-content\/uploads\/2025\/05\/David-Lopez-1-scaled.webp\" \/>\n\t<meta property=\"og:image:width\" content=\"2560\" \/>\n\t<meta property=\"og:image:height\" content=\"2418\" \/>\n\t<meta property=\"og:image:type\" content=\"image\/webp\" \/>\n<meta name=\"twitter:card\" content=\"summary_large_image\" \/>\n<meta name=\"twitter:label1\" content=\"Dur\u00e9e de lecture estim\u00e9e\" \/>\n\t<meta name=\"twitter:data1\" content=\"3 minutes\" \/>\n<script type=\"application\/ld+json\" class=\"yoast-schema-graph\">{\"@context\":\"https:\\\/\\\/schema.org\",\"@graph\":[{\"@type\":\"WebPage\",\"@id\":\"https:\\\/\\\/foodibev.com\\\/david-lopez\\\/\",\"url\":\"https:\\\/\\\/foodibev.com\\\/david-lopez\\\/\",\"name\":\"David L\u00f3pez - Foodibev\",\"isPartOf\":{\"@id\":\"https:\\\/\\\/foodibev.com\\\/#website\"},\"primaryImageOfPage\":{\"@id\":\"https:\\\/\\\/foodibev.com\\\/david-lopez\\\/#primaryimage\"},\"image\":{\"@id\":\"https:\\\/\\\/foodibev.com\\\/david-lopez\\\/#primaryimage\"},\"thumbnailUrl\":\"https:\\\/\\\/foodibev.com\\\/wp-content\\\/uploads\\\/2025\\\/05\\\/David-Lopez-1-1024x967.webp\",\"datePublished\":\"2025-05-09T13:38:05+00:00\",\"dateModified\":\"2025-10-22T13:52:46+00:00\",\"breadcrumb\":{\"@id\":\"https:\\\/\\\/foodibev.com\\\/david-lopez\\\/#breadcrumb\"},\"inLanguage\":\"fr-FR\",\"potentialAction\":[{\"@type\":\"ReadAction\",\"target\":[\"https:\\\/\\\/foodibev.com\\\/david-lopez\\\/\"]}]},{\"@type\":\"ImageObject\",\"inLanguage\":\"fr-FR\",\"@id\":\"https:\\\/\\\/foodibev.com\\\/david-lopez\\\/#primaryimage\",\"url\":\"https:\\\/\\\/foodibev.com\\\/wp-content\\\/uploads\\\/2025\\\/05\\\/David-Lopez-1-1024x967.webp\",\"contentUrl\":\"https:\\\/\\\/foodibev.com\\\/wp-content\\\/uploads\\\/2025\\\/05\\\/David-Lopez-1-1024x967.webp\"},{\"@type\":\"BreadcrumbList\",\"@id\":\"https:\\\/\\\/foodibev.com\\\/david-lopez\\\/#breadcrumb\",\"itemListElement\":[{\"@type\":\"ListItem\",\"position\":1,\"name\":\"Portada\",\"item\":\"https:\\\/\\\/foodibev.com\\\/\"},{\"@type\":\"ListItem\",\"position\":2,\"name\":\"David L\u00f3pez\"}]},{\"@type\":\"WebSite\",\"@id\":\"https:\\\/\\\/foodibev.com\\\/#website\",\"url\":\"https:\\\/\\\/foodibev.com\\\/\",\"name\":\"Foodibev\",\"description\":\"Otro sitio realizado con WordPress\",\"publisher\":{\"@id\":\"https:\\\/\\\/foodibev.com\\\/#organization\"},\"potentialAction\":[{\"@type\":\"SearchAction\",\"target\":{\"@type\":\"EntryPoint\",\"urlTemplate\":\"https:\\\/\\\/foodibev.com\\\/?s={search_term_string}\"},\"query-input\":{\"@type\":\"PropertyValueSpecification\",\"valueRequired\":true,\"valueName\":\"search_term_string\"}}],\"inLanguage\":\"fr-FR\"},{\"@type\":\"Organization\",\"@id\":\"https:\\\/\\\/foodibev.com\\\/#organization\",\"name\":\"Foodibev\",\"url\":\"https:\\\/\\\/foodibev.com\\\/\",\"logo\":{\"@type\":\"ImageObject\",\"inLanguage\":\"fr-FR\",\"@id\":\"https:\\\/\\\/foodibev.com\\\/#\\\/schema\\\/logo\\\/image\\\/\",\"url\":\"https:\\\/\\\/foodibev.com\\\/wp-content\\\/uploads\\\/2021\\\/04\\\/Logotipo-Foodibev-2018-scaled.jpg\",\"contentUrl\":\"https:\\\/\\\/foodibev.com\\\/wp-content\\\/uploads\\\/2021\\\/04\\\/Logotipo-Foodibev-2018-scaled.jpg\",\"width\":2560,\"height\":669,\"caption\":\"Foodibev\"},\"image\":{\"@id\":\"https:\\\/\\\/foodibev.com\\\/#\\\/schema\\\/logo\\\/image\\\/\"}}]}<\/script>\n<!-- \/ Yoast SEO plugin. -->","yoast_head_json":{"title":"David L\u00f3pez - Foodibev","robots":{"index":"index","follow":"follow","max-snippet":"max-snippet:-1","max-image-preview":"max-image-preview:large","max-video-preview":"max-video-preview:-1"},"canonical":"https:\/\/foodibev.com\/fr\/david-lopez\/","og_locale":"fr_FR","og_type":"article","og_title":"David L\u00f3pez - Foodibev","og_description":"David L\u00f3pez Coordinador de Atenci\u00f3n al Cliente y Log\u00edstica d.lopez@foodibev.com tel.: +34 671 701 723 \u00a1Hola! Soy David y realizo la gesti\u00f3n administrativa de pedidos relacionado con proveedores y clientes en un entorno internacional, resolviendo incidencias y asegurando la calidad del servicio. Adem\u00e1s, tambi\u00e9n coordino el transporte y la distribuci\u00f3n, con el objetivo de optimizar&hellip;","og_url":"https:\/\/foodibev.com\/fr\/david-lopez\/","og_site_name":"Foodibev","article_modified_time":"2025-10-22T13:52:46+00:00","og_image":[{"width":2560,"height":2418,"url":"https:\/\/foodibev.com\/wp-content\/uploads\/2025\/05\/David-Lopez-1-scaled.webp","type":"image\/webp"}],"twitter_card":"summary_large_image","twitter_misc":{"Dur\u00e9e de lecture estim\u00e9e":"3 minutes"},"schema":{"@context":"https:\/\/schema.org","@graph":[{"@type":"WebPage","@id":"https:\/\/foodibev.com\/david-lopez\/","url":"https:\/\/foodibev.com\/david-lopez\/","name":"David L\u00f3pez - Foodibev","isPartOf":{"@id":"https:\/\/foodibev.com\/#website"},"primaryImageOfPage":{"@id":"https:\/\/foodibev.com\/david-lopez\/#primaryimage"},"image":{"@id":"https:\/\/foodibev.com\/david-lopez\/#primaryimage"},"thumbnailUrl":"https:\/\/foodibev.com\/wp-content\/uploads\/2025\/05\/David-Lopez-1-1024x967.webp","datePublished":"2025-05-09T13:38:05+00:00","dateModified":"2025-10-22T13:52:46+00:00","breadcrumb":{"@id":"https:\/\/foodibev.com\/david-lopez\/#breadcrumb"},"inLanguage":"fr-FR","potentialAction":[{"@type":"ReadAction","target":["https:\/\/foodibev.com\/david-lopez\/"]}]},{"@type":"ImageObject","inLanguage":"fr-FR","@id":"https:\/\/foodibev.com\/david-lopez\/#primaryimage","url":"https:\/\/foodibev.com\/wp-content\/uploads\/2025\/05\/David-Lopez-1-1024x967.webp","contentUrl":"https:\/\/foodibev.com\/wp-content\/uploads\/2025\/05\/David-Lopez-1-1024x967.webp"},{"@type":"BreadcrumbList","@id":"https:\/\/foodibev.com\/david-lopez\/#breadcrumb","itemListElement":[{"@type":"ListItem","position":1,"name":"Portada","item":"https:\/\/foodibev.com\/"},{"@type":"ListItem","position":2,"name":"David L\u00f3pez"}]},{"@type":"WebSite","@id":"https:\/\/foodibev.com\/#website","url":"https:\/\/foodibev.com\/","name":"Foodibev","description":"Otro sitio realizado con WordPress","publisher":{"@id":"https:\/\/foodibev.com\/#organization"},"potentialAction":[{"@type":"SearchAction","target":{"@type":"EntryPoint","urlTemplate":"https:\/\/foodibev.com\/?s={search_term_string}"},"query-input":{"@type":"PropertyValueSpecification","valueRequired":true,"valueName":"search_term_string"}}],"inLanguage":"fr-FR"},{"@type":"Organization","@id":"https:\/\/foodibev.com\/#organization","name":"Foodibev","url":"https:\/\/foodibev.com\/","logo":{"@type":"ImageObject","inLanguage":"fr-FR","@id":"https:\/\/foodibev.com\/#\/schema\/logo\/image\/","url":"https:\/\/foodibev.com\/wp-content\/uploads\/2021\/04\/Logotipo-Foodibev-2018-scaled.jpg","contentUrl":"https:\/\/foodibev.com\/wp-content\/uploads\/2021\/04\/Logotipo-Foodibev-2018-scaled.jpg","width":2560,"height":669,"caption":"Foodibev"},"image":{"@id":"https:\/\/foodibev.com\/#\/schema\/logo\/image\/"}}]}},"_links":{"self":[{"href":"https:\/\/foodibev.com\/fr\/wp-json\/wp\/v2\/pages\/10037","targetHints":{"allow":["GET"]}}],"collection":[{"href":"https:\/\/foodibev.com\/fr\/wp-json\/wp\/v2\/pages"}],"about":[{"href":"https:\/\/foodibev.com\/fr\/wp-json\/wp\/v2\/types\/page"}],"author":[{"embeddable":true,"href":"https:\/\/foodibev.com\/fr\/wp-json\/wp\/v2\/users\/1"}],"replies":[{"embeddable":true,"href":"https:\/\/foodibev.com\/fr\/wp-json\/wp\/v2\/comments?post=10037"}],"version-history":[{"count":22,"href":"https:\/\/foodibev.com\/fr\/wp-json\/wp\/v2\/pages\/10037\/revisions"}],"predecessor-version":[{"id":10538,"href":"https:\/\/foodibev.com\/fr\/wp-json\/wp\/v2\/pages\/10037\/revisions\/10538"}],"wp:attachment":[{"href":"https:\/\/foodibev.com\/fr\/wp-json\/wp\/v2\/media?parent=10037"}],"curies":[{"name":"wp","href":"https:\/\/api.w.org\/{rel}","templated":true}]}}