{"id":7485,"date":"2022-03-31T07:32:26","date_gmt":"2022-03-31T07:32:26","guid":{"rendered":"https:\/\/foodibev.com\/?page_id=7485"},"modified":"2023-02-03T13:14:42","modified_gmt":"2023-02-03T13:14:42","slug":"aviso-legal","status":"publish","type":"page","link":"https:\/\/foodibev.com\/en\/aviso-legal\/","title":{"rendered":"Legal notice"},"content":{"rendered":"<div data-elementor-type=\"wp-page\" data-elementor-id=\"7485\" class=\"elementor elementor-7485\">\n\t\t\t\t\t\t<section class=\"elementor-section elementor-top-section elementor-element elementor-element-753e570 elementor-section-stretched elementor-section-boxed elementor-section-height-default elementor-section-height-default\" data-id=\"753e570\" data-element_type=\"section\" data-e-type=\"section\" data-settings=\"{&quot;stretch_section&quot;:&quot;section-stretched&quot;}\">\n\t\t\t\t\t\t<div class=\"elementor-container elementor-column-gap-default\">\n\t\t\t\t\t<div class=\"elementor-column elementor-col-100 elementor-top-column elementor-element elementor-element-3f731ac\" data-id=\"3f731ac\" data-element_type=\"column\" data-e-type=\"column\">\n\t\t\t<div class=\"elementor-widget-wrap elementor-element-populated\">\n\t\t\t\t\t\t<div class=\"elementor-element elementor-element-030ffc9 elementor-widget elementor-widget-heading\" data-id=\"030ffc9\" data-element_type=\"widget\" data-e-type=\"widget\" data-no-translation=\"\" data-widget_type=\"heading.default\">\n\t\t\t\t<div class=\"elementor-widget-container\">\n\t\t\t\t\t<style>.elementor-element-030ffc9{display:none !important}<\/style>\t\t\t\t<\/div>\n\t\t\t\t<\/div>\n\t\t\t\t<div class=\"elementor-element elementor-element-32f89a5 elementor-widget elementor-widget-heading\" data-id=\"32f89a5\" data-element_type=\"widget\" data-e-type=\"widget\" data-no-translation=\"\" data-widget_type=\"heading.default\">\n\t\t\t\t<div class=\"elementor-widget-container\">\n\t\t\t\t\t<h2 class=\"elementor-heading-title elementor-size-default\">Legal notice<\/h2>\t\t\t\t<\/div>\n\t\t\t\t<\/div>\n\t\t\t\t<div class=\"elementor-element elementor-element-a5d88f9 elementor-widget elementor-widget-heading\" data-id=\"a5d88f9\" data-element_type=\"widget\" data-e-type=\"widget\" data-no-translation=\"\" data-widget_type=\"heading.default\">\n\t\t\t\t<div class=\"elementor-widget-container\">\n\t\t\t\t\t<style>.elementor-element-a5d88f9{display:none !important}<\/style>\t\t\t\t<\/div>\n\t\t\t\t<\/div>\n\t\t\t\t<div class=\"elementor-element elementor-element-37411e1 elementor-widget elementor-widget-text-editor\" data-id=\"37411e1\" data-element_type=\"widget\" data-e-type=\"widget\" data-no-translation=\"\" data-widget_type=\"text-editor.default\">\n\t\t\t\t<div class=\"elementor-widget-container\">\n\t\t\t\t\t<style>.elementor-element-37411e1{display:none !important}<\/style>\t\t\t\t<\/div>\n\t\t\t\t<\/div>\n\t\t\t\t<div class=\"elementor-element elementor-element-76b5cd0 elementor-widget elementor-widget-text-editor\" data-id=\"76b5cd0\" data-element_type=\"widget\" data-e-type=\"widget\" data-no-translation=\"\" data-widget_type=\"text-editor.default\">\n\t\t\t\t<div class=\"elementor-widget-container\">\n\t\t\t\t\t\t\t\t\t<strong>AVISO LEGAL<\/strong>\n<ol>\n \t<li><strong> OBJETO<\/strong><\/li>\n<\/ol>\nEl presente aviso legal regula el uso y utilizaci\u00f3n del sitio web\u00a0 www.foodibev.com\u00a0del que es titular FOODIBEV INTERNATIONAL, S.L. (en adelante FOODIBEV).\n\nLa navegaci\u00f3n por el sitio web de FOODIBEV le atribuye la condici\u00f3n de USUARIO del mismo y conlleva su aceptaci\u00f3n plena y sin reservas de todas y cada una de las condiciones publicadas en este aviso legal, advirtiendo de que dichas condiciones podr\u00e1n ser modificadas sin notificaci\u00f3n previa por parte de FOODIBEV , en cuyo caso se proceder\u00e1 a su publicaci\u00f3n y aviso con la m\u00e1xima antelaci\u00f3n posible.\n\nPor ello es recomendable leer atentamente su contenido en caso de desear acceder y hacer uso de la informaci\u00f3n y de los servicios ofrecidos desde este sitio web.\n\nEl usuario adem\u00e1s, se obliga a hacer un uso correcto del sitio web de conformidad con las leyes, la buena fe, el orden p\u00fablico, los usos del tr\u00e1fico y el presente Aviso Legal, y responder\u00e1 frente a FOODIBEV o frente a terceros, de cualesquiera da\u00f1os y perjuicios que pudieran causarse como consecuencia del incumplimiento de dicha obligaci\u00f3n.\n\nCualquier utilizaci\u00f3n distinta a la autorizada est\u00e1 expresamente prohibida, pudiendo FOODIBEV denegar o retirar el acceso y su uso en cualquier momento.\n<ol start=\"2\">\n \t<li><strong> IDENTIFICACI\u00d3N<\/strong><\/li>\n<\/ol>\nFOODIBEV , en cumplimiento de la Ley 34\/2002, de 11 de julio, de Servicios de la Sociedad de la Informaci\u00f3n y de Comercio Electr\u00f3nico, le informa de que:\n<ul>\n \t<li>Su denominaci\u00f3n social es : FOODIBEV INTERNATIONAL, S.L.<\/li>\n \t<li>Su nombre comercial es: FOODIBEV<\/li>\n \t<li>Su CIF es: B99351207<\/li>\n \t<li>Su domicilio social est\u00e1 en c\/ Teniente Coronel Valenzuela, 5, 1, 50004, Zaragoza (Espa\u00f1a)<\/li>\n \t<li>Est\u00e1 inscrita en el Registro Mercantil de Zaragoza, Tomo 3924, Folio 86, Hoja Z-53857<\/li>\n<\/ul>\n<ol start=\"3\">\n \t<li><strong> COMUNICACIONES<\/strong><\/li>\n<\/ol>\nPara comunicarse con nosotros, ponemos a su disposici\u00f3n diferentes medios de contacto que detallamos a continuaci\u00f3n:\n<ul>\n \t<li>Tel\u00e9fono: 976 38 05 58<\/li>\n \t<li>Email: info@foodibev.com<\/li>\n \t<li>Direcci\u00f3n postal: c\/ Teniente Coronel Valenzuela, 5, 1, 50004, Zaragoza (Espa\u00f1a)<\/li>\n<\/ul>\nTodas las notificaciones y comunicaciones entre los usuarios y FOODIBEV se considerar\u00e1n eficaces, a todos los efectos, cuando se realicen a trav\u00e9s de cualquier medio de los detallados anteriormente.\n<ol start=\"4\">\n \t<li><strong> CONDICIONES DE ACCESO Y UTILIZACI\u00d3N<\/strong><\/li>\n<\/ol>\nEl sitio web y sus servicios son de acceso libre y gratuito. No obstante, FOODIBEV puede condicionar la utilizaci\u00f3n de algunos de los servicios ofrecidos en su web a la previa cumplimentaci\u00f3n del correspondiente formulario.\n\nEl usuario garantiza la autenticidad y actualidad de todos aquellos datos que comunique a FOODIBEV y ser\u00e1 el \u00fanico responsable de las manifestaciones falsas o inexactas que realice.\n\nEl usuario se compromete expresamente a hacer un uso adecuado de los contenidos y servicios de FOODIBEV y a no emplearlos para, entre otros:\n<ul>\n \t<li>Difundir contenidos delictivos, violentos, pornogr\u00e1ficos, racistas, xen\u00f3fobos, ofensivos, de apolog\u00eda del terrorismo o, en general, contrarios a la ley o al orden p\u00fablico.<\/li>\n \t<li>Introducir en la red virus inform\u00e1ticos o realizar actuaciones susceptibles de alterar, estropear, interrumpir o generar errores o da\u00f1os en los documentos electr\u00f3nicos, datos o sistemas f\u00edsicos y l\u00f3gicos de FOODIBEV \u00a0o de terceras personas; as\u00ed como obstaculizar el acceso de otros usuarios al sitio web y a sus servicios mediante el consumo masivo de los recursos inform\u00e1ticos a trav\u00e9s de los cuales FOODIBEV \u00a0presta sus servicios.<\/li>\n \t<li>Intentar acceder a las cuentas de correo electr\u00f3nico de otros usuarios o a \u00e1reas restringidas de los sistemas inform\u00e1ticos de FOODIBEV \u00a0o de terceros y, en su caso, extraer informaci\u00f3n.<\/li>\n \t<li>Vulnerar los derechos de propiedad intelectual o industrial, as\u00ed como violar la confidencialidad de la informaci\u00f3n de FOODIBEV \u00a0o de terceros.<\/li>\n \t<li>Suplantar la identidad de cualquier otro usuario.<\/li>\n \t<li>Reproducir, copiar, distribuir, poner a disposici\u00f3n de, o cualquier otra forma de comunicaci\u00f3n p\u00fablica, transformar o modificar los contenidos, a menos que se cuente con la autorizaci\u00f3n del titular de los correspondientes derechos o ello resulte legalmente permitido.<\/li>\n \t<li>Recabar datos con finalidad publicitaria y de remitir publicidad de cualquier clase y comunicaciones con fines de venta u otras de naturaleza comercial sin que medie su previa solicitud o consentimiento.<\/li>\n<\/ul>\nTodos los contenidos del sitio web, como textos, fotograf\u00edas, gr\u00e1ficos, im\u00e1genes, iconos, tecnolog\u00eda, software, as\u00ed como su dise\u00f1o gr\u00e1fico y c\u00f3digos fuente, constituyen una obra cuya propiedad pertenece a FOODIBEV , sin que puedan entenderse cedidos al usuario ninguno de los derechos de explotaci\u00f3n sobre los mismos m\u00e1s all\u00e1 de lo estrictamente necesario para el correcto uso de la web.\n\nEn definitiva, los usuarios que accedan a este sitio web pueden visualizar los contenidos y efectuar, en su caso, copias privadas autorizadas siempre que los elementos reproducidos no sean cedidos posteriormente a terceros, ni se instalen a servidores conectados a redes, ni sean objeto de ning\u00fan tipo de explotaci\u00f3n.\n\nAsimismo, todas las marcas, nombres comerciales o signos distintivos de cualquier clase que aparecen en el sitio web son propiedad de FOODIBEV , sin que pueda entenderse que el uso o acceso al mismo atribuya al usuario derecho alguno sobre los mismos.\n\nLa distribuci\u00f3n, modificaci\u00f3n, cesi\u00f3n o comunicaci\u00f3n p\u00fablica de los contenidos y cualquier otro acto que no haya sido expresamente autorizado por el titular de los derechos de explotaci\u00f3n quedan prohibidos.\n\nEl establecimiento de un hiperenlace no implica en ning\u00fan caso la existencia de relaciones entre FOODIBEV \u00a0y el propietario del sitio web en la que se establezca, ni la aceptaci\u00f3n y aprobaci\u00f3n por parte de FOODIBEV \u00a0de sus contenidos o servicios.\n\nFOODIBEV no se responsabiliza del uso que cada usuario le d\u00e9 a los materiales puestos a disposici\u00f3n en este sitio web ni de las actuaciones que realice en base a los mismos.\n\n4.1 EXCLUSI\u00d3N DE GARANT\u00cdAS Y DE RESPONSABILIDAD EN EL ACCESO Y LA UTILIZACI\u00d3N\n\nEl presente apartado no pretende limitar la responsabilidad de FOODIBEV de forma contraria a lo dispuesto en las normativas nacionales aplicables, ni excluir su responsabilidad en casos en los que, en virtud de dichas normativas, no pueda declinarla.\nFOODIBEV excluye, hasta donde permite el ordenamiento jur\u00eddico, cualquier responsabilidad por los da\u00f1os y perjuicios de toda naturaleza derivados de:\n<ul>\n \t<li>La imposibilidad de acceso al sitio web.<\/li>\n \t<li>El incumplimiento de las leyes, la buena fe, el orden p\u00fablico, los usos del tr\u00e1fico y el presente aviso legal como consecuencia del uso incorrecto del sitio web. En particular, y a modo ejemplificativo, FOODIBEV \u00a0no se hace responsable de las actuaciones de terceros que vulneren derechos de propiedad intelectual e industrial, secretos empresariales, derechos al honor, a la intimidad personal y familiar y a la propia imagen, as\u00ed como la normativa en materia de competencia desleal y publicidad il\u00edcita.<\/li>\n<\/ul>\nAsimismo, FOODIBEV \u00a0declina cualquier responsabilidad respecto a la informaci\u00f3n que se halle fuera de esta web y no sea gestionada directamente por nuestro webmaster. La funci\u00f3n de los links que aparecen en esta web es exclusivamente la de informar al usuario sobre la existencia de otras fuentes susceptibles de ampliar los contenidos que ofrece este sitio web. FOODIBEV no garantiza ni se responsabiliza del funcionamiento o accesibilidad de los sitios enlazados; ni sugiere, invita o recomienda la visita a los mismos, por lo que tampoco ser\u00e1 responsable del resultado obtenido. FOODIBEV no se responsabiliza del establecimiento de hiperv\u00ednculos por parte de terceros.\n\n4.2 PROCEDIMIENTO EN CASO DE REALIZACI\u00d3N DE ACTIVIDADES DE CAR\u00c1CTER IL\u00cdCITO\n\nEn el caso de que cualquier usuario o un tercero considere que existen hechos o circunstancias que revelen el car\u00e1cter il\u00edcito de la utilizaci\u00f3n de cualquier contenido y\/o de la realizaci\u00f3n de cualquier actividad en las p\u00e1ginas web incluidas o accesibles a trav\u00e9s del sitio web, deber\u00e1 enviar una notificaci\u00f3n a FOODIBEV identific\u00e1ndose debidamente y especificando las supuestas infracciones.\n\n4.3 PUBLICACIONES\n\nLa informaci\u00f3n administrativa facilitada a trav\u00e9s del sitio web no sustituye la publicidad legal de las leyes, normativas, planes, disposiciones generales y actos que tengan que ser publicados formalmente a los diarios oficiales de las administraciones p\u00fablicas, que constituyen el \u00fanico instrumento que da fe de su autenticidad y contenido. La informaci\u00f3n disponible en este sitio web debe entenderse como una gu\u00eda sin prop\u00f3sito de validez legal.\n<ol start=\"5\">\n \t<li><strong> LEGISLACI\u00d3N APLICABLE<\/strong><\/li>\n<\/ol>\nLas condiciones presentes se regir\u00e1n por la legislaci\u00f3n espa\u00f1ola vigente.\n\nLa lengua utilizada ser\u00e1 el Castellano.\t\t\t\t\t\t\t\t<\/div>\n\t\t\t\t<\/div>\n\t\t\t\t<div class=\"elementor-element elementor-element-124b1c7 elementor-widget elementor-widget-text-editor\" data-id=\"124b1c7\" data-element_type=\"widget\" data-e-type=\"widget\" data-no-translation=\"\" data-widget_type=\"text-editor.default\">\n\t\t\t\t<div class=\"elementor-widget-container\">\n\t\t\t\t\t<style>.elementor-element-124b1c7{display:none !important}<\/style>\t\t\t\t<\/div>\n\t\t\t\t<\/div>\n\t\t\t\t\t<\/div>\n\t\t<\/div>\n\t\t\t\t\t<\/div>\n\t\t<\/section>\n\t\t\t\t<section class=\"elementor-section elementor-top-section elementor-element elementor-element-343e8ca elementor-section-boxed elementor-section-height-default elementor-section-height-default\" data-id=\"343e8ca\" data-element_type=\"section\" data-e-type=\"section\">\n\t\t\t\t\t\t<div class=\"elementor-container elementor-column-gap-default\">\n\t\t\t\t\t<div class=\"elementor-column elementor-col-100 elementor-top-column elementor-element elementor-element-fae2657\" data-id=\"fae2657\" data-element_type=\"column\" data-e-type=\"column\">\n\t\t\t<div class=\"elementor-widget-wrap\">\n\t\t\t\t\t\t\t<\/div>\n\t\t<\/div>\n\t\t\t\t\t<\/div>\n\t\t<\/section>\n\t\t\t\t<\/div>","protected":false},"excerpt":{"rendered":"<p>Aviso legal AVISO LEGAL OBJETO El presente aviso legal regula el uso y utilizaci\u00f3n del sitio web\u00a0 www.foodibev.com\u00a0del que es titular FOODIBEV INTERNATIONAL, S.L. (en adelante FOODIBEV). La navegaci\u00f3n por el sitio web de FOODIBEV le atribuye la condici\u00f3n de USUARIO del mismo y conlleva su aceptaci\u00f3n plena y sin reservas de todas y cada&hellip;<\/p>","protected":false},"author":1,"featured_media":0,"parent":0,"menu_order":0,"comment_status":"closed","ping_status":"closed","template":"","meta":{"footnotes":""},"class_list":["post-7485","page","type-page","status-publish","hentry"],"yoast_head":"<!-- This site is optimized with the Yoast SEO plugin v26.9 - https:\/\/yoast.com\/product\/yoast-seo-wordpress\/ -->\n<title>Aviso legal - Foodibev<\/title>\n<meta name=\"robots\" content=\"index, follow, max-snippet:-1, max-image-preview:large, max-video-preview:-1\" \/>\n<link rel=\"canonical\" href=\"https:\/\/foodibev.com\/en\/aviso-legal\/\" \/>\n<meta property=\"og:locale\" content=\"en_GB\" \/>\n<meta property=\"og:type\" content=\"article\" \/>\n<meta property=\"og:title\" content=\"Aviso legal - Foodibev\" \/>\n<meta property=\"og:description\" content=\"Aviso legal AVISO LEGAL OBJETO El presente aviso legal regula el uso y utilizaci\u00f3n del sitio web\u00a0 www.foodibev.com\u00a0del que es titular FOODIBEV INTERNATIONAL, S.L. (en adelante FOODIBEV). La navegaci\u00f3n por el sitio web de FOODIBEV le atribuye la condici\u00f3n de USUARIO del mismo y conlleva su aceptaci\u00f3n plena y sin reservas de todas y cada&hellip;\" \/>\n<meta property=\"og:url\" content=\"https:\/\/foodibev.com\/en\/aviso-legal\/\" \/>\n<meta property=\"og:site_name\" content=\"Foodibev\" \/>\n<meta property=\"article:modified_time\" content=\"2023-02-03T13:14:42+00:00\" \/>\n<meta name=\"twitter:card\" content=\"summary_large_image\" \/>\n<meta name=\"twitter:label1\" content=\"Estimated reading time\" \/>\n\t<meta name=\"twitter:data1\" content=\"19 minutes\" \/>\n<script type=\"application\/ld+json\" class=\"yoast-schema-graph\">{\"@context\":\"https:\/\/schema.org\",\"@graph\":[{\"@type\":\"WebPage\",\"@id\":\"https:\/\/foodibev.com\/aviso-legal\/\",\"url\":\"https:\/\/foodibev.com\/aviso-legal\/\",\"name\":\"Aviso legal - Foodibev\",\"isPartOf\":{\"@id\":\"https:\/\/foodibev.com\/#website\"},\"datePublished\":\"2022-03-31T07:32:26+00:00\",\"dateModified\":\"2023-02-03T13:14:42+00:00\",\"breadcrumb\":{\"@id\":\"https:\/\/foodibev.com\/aviso-legal\/#breadcrumb\"},\"inLanguage\":\"en-GB\",\"potentialAction\":[{\"@type\":\"ReadAction\",\"target\":[\"https:\/\/foodibev.com\/aviso-legal\/\"]}]},{\"@type\":\"BreadcrumbList\",\"@id\":\"https:\/\/foodibev.com\/aviso-legal\/#breadcrumb\",\"itemListElement\":[{\"@type\":\"ListItem\",\"position\":1,\"name\":\"Portada\",\"item\":\"https:\/\/foodibev.com\/\"},{\"@type\":\"ListItem\",\"position\":2,\"name\":\"Aviso legal\"}]},{\"@type\":\"WebSite\",\"@id\":\"https:\/\/foodibev.com\/#website\",\"url\":\"https:\/\/foodibev.com\/\",\"name\":\"Foodibev\",\"description\":\"Otro sitio realizado con WordPress\",\"publisher\":{\"@id\":\"https:\/\/foodibev.com\/#organization\"},\"potentialAction\":[{\"@type\":\"SearchAction\",\"target\":{\"@type\":\"EntryPoint\",\"urlTemplate\":\"https:\/\/foodibev.com\/?s={search_term_string}\"},\"query-input\":{\"@type\":\"PropertyValueSpecification\",\"valueRequired\":true,\"valueName\":\"search_term_string\"}}],\"inLanguage\":\"en-GB\"},{\"@type\":\"Organization\",\"@id\":\"https:\/\/foodibev.com\/#organization\",\"name\":\"Foodibev\",\"url\":\"https:\/\/foodibev.com\/\",\"logo\":{\"@type\":\"ImageObject\",\"inLanguage\":\"en-GB\",\"@id\":\"https:\/\/foodibev.com\/#\/schema\/logo\/image\/\",\"url\":\"https:\/\/foodibev.com\/wp-content\/uploads\/2021\/04\/Logotipo-Foodibev-2018-scaled.jpg\",\"contentUrl\":\"https:\/\/foodibev.com\/wp-content\/uploads\/2021\/04\/Logotipo-Foodibev-2018-scaled.jpg\",\"width\":2560,\"height\":669,\"caption\":\"Foodibev\"},\"image\":{\"@id\":\"https:\/\/foodibev.com\/#\/schema\/logo\/image\/\"}}]}<\/script>\n<!-- \/ Yoast SEO plugin. -->","yoast_head_json":{"title":"Aviso legal - Foodibev","robots":{"index":"index","follow":"follow","max-snippet":"max-snippet:-1","max-image-preview":"max-image-preview:large","max-video-preview":"max-video-preview:-1"},"canonical":"https:\/\/foodibev.com\/en\/aviso-legal\/","og_locale":"en_GB","og_type":"article","og_title":"Aviso legal - Foodibev","og_description":"Aviso legal AVISO LEGAL OBJETO El presente aviso legal regula el uso y utilizaci\u00f3n del sitio web\u00a0 www.foodibev.com\u00a0del que es titular FOODIBEV INTERNATIONAL, S.L. (en adelante FOODIBEV). La navegaci\u00f3n por el sitio web de FOODIBEV le atribuye la condici\u00f3n de USUARIO del mismo y conlleva su aceptaci\u00f3n plena y sin reservas de todas y cada&hellip;","og_url":"https:\/\/foodibev.com\/en\/aviso-legal\/","og_site_name":"Foodibev","article_modified_time":"2023-02-03T13:14:42+00:00","twitter_card":"summary_large_image","twitter_misc":{"Estimated reading time":"19 minutes"},"schema":{"@context":"https:\/\/schema.org","@graph":[{"@type":"WebPage","@id":"https:\/\/foodibev.com\/aviso-legal\/","url":"https:\/\/foodibev.com\/aviso-legal\/","name":"Aviso legal - Foodibev","isPartOf":{"@id":"https:\/\/foodibev.com\/#website"},"datePublished":"2022-03-31T07:32:26+00:00","dateModified":"2023-02-03T13:14:42+00:00","breadcrumb":{"@id":"https:\/\/foodibev.com\/aviso-legal\/#breadcrumb"},"inLanguage":"en-GB","potentialAction":[{"@type":"ReadAction","target":["https:\/\/foodibev.com\/aviso-legal\/"]}]},{"@type":"BreadcrumbList","@id":"https:\/\/foodibev.com\/aviso-legal\/#breadcrumb","itemListElement":[{"@type":"ListItem","position":1,"name":"Portada","item":"https:\/\/foodibev.com\/"},{"@type":"ListItem","position":2,"name":"Aviso legal"}]},{"@type":"WebSite","@id":"https:\/\/foodibev.com\/#website","url":"https:\/\/foodibev.com\/","name":"Foodibev","description":"Otro sitio realizado con WordPress","publisher":{"@id":"https:\/\/foodibev.com\/#organization"},"potentialAction":[{"@type":"SearchAction","target":{"@type":"EntryPoint","urlTemplate":"https:\/\/foodibev.com\/?s={search_term_string}"},"query-input":{"@type":"PropertyValueSpecification","valueRequired":true,"valueName":"search_term_string"}}],"inLanguage":"en-GB"},{"@type":"Organization","@id":"https:\/\/foodibev.com\/#organization","name":"Foodibev","url":"https:\/\/foodibev.com\/","logo":{"@type":"ImageObject","inLanguage":"en-GB","@id":"https:\/\/foodibev.com\/#\/schema\/logo\/image\/","url":"https:\/\/foodibev.com\/wp-content\/uploads\/2021\/04\/Logotipo-Foodibev-2018-scaled.jpg","contentUrl":"https:\/\/foodibev.com\/wp-content\/uploads\/2021\/04\/Logotipo-Foodibev-2018-scaled.jpg","width":2560,"height":669,"caption":"Foodibev"},"image":{"@id":"https:\/\/foodibev.com\/#\/schema\/logo\/image\/"}}]}},"_links":{"self":[{"href":"https:\/\/foodibev.com\/en\/wp-json\/wp\/v2\/pages\/7485","targetHints":{"allow":["GET"]}}],"collection":[{"href":"https:\/\/foodibev.com\/en\/wp-json\/wp\/v2\/pages"}],"about":[{"href":"https:\/\/foodibev.com\/en\/wp-json\/wp\/v2\/types\/page"}],"author":[{"embeddable":true,"href":"https:\/\/foodibev.com\/en\/wp-json\/wp\/v2\/users\/1"}],"replies":[{"embeddable":true,"href":"https:\/\/foodibev.com\/en\/wp-json\/wp\/v2\/comments?post=7485"}],"version-history":[{"count":16,"href":"https:\/\/foodibev.com\/en\/wp-json\/wp\/v2\/pages\/7485\/revisions"}],"predecessor-version":[{"id":8185,"href":"https:\/\/foodibev.com\/en\/wp-json\/wp\/v2\/pages\/7485\/revisions\/8185"}],"wp:attachment":[{"href":"https:\/\/foodibev.com\/en\/wp-json\/wp\/v2\/media?parent=7485"}],"curies":[{"name":"wp","href":"https:\/\/api.w.org\/{rel}","templated":true}]}}