{"id":6526,"date":"2021-06-01T08:49:02","date_gmt":"2021-06-01T08:49:02","guid":{"rendered":"https:\/\/foodibev.com\/?page_id=6526"},"modified":"2025-07-25T14:14:14","modified_gmt":"2025-07-25T14:14:14","slug":"elena-sanz","status":"publish","type":"page","link":"https:\/\/foodibev.com\/en\/elena-sanz\/","title":{"rendered":"Elena Sanz"},"content":{"rendered":"<div data-elementor-type=\"wp-page\" data-elementor-id=\"6526\" class=\"elementor elementor-6526\">\n\t\t\t\t\t\t<section class=\"elementor-section elementor-top-section elementor-element elementor-element-bca101a elementor-section-stretched elementor-hidden-phone elementor-section-boxed elementor-section-height-default elementor-section-height-default\" data-id=\"bca101a\" data-element_type=\"section\" data-e-type=\"section\" data-settings=\"{&quot;stretch_section&quot;:&quot;section-stretched&quot;,&quot;background_background&quot;:&quot;classic&quot;}\">\n\t\t\t\t\t\t<div class=\"elementor-container elementor-column-gap-no\">\n\t\t\t\t\t<div class=\"elementor-column elementor-col-33 elementor-top-column elementor-element elementor-element-ed374da\" data-id=\"ed374da\" data-element_type=\"column\" data-e-type=\"column\">\n\t\t\t<div class=\"elementor-widget-wrap elementor-element-populated\">\n\t\t\t\t\t\t<div class=\"elementor-element elementor-element-d1abbc0 elementor-widget elementor-widget-spacer\" data-id=\"d1abbc0\" data-element_type=\"widget\" data-e-type=\"widget\" data-widget_type=\"spacer.default\">\n\t\t\t\t<div class=\"elementor-widget-container\">\n\t\t\t\t\t\t\t<div class=\"elementor-spacer\">\n\t\t\t<div class=\"elementor-spacer-inner\"><\/div>\n\t\t<\/div>\n\t\t\t\t\t\t<\/div>\n\t\t\t\t<\/div>\n\t\t\t\t<div class=\"elementor-element elementor-element-c91e610 elementor-widget elementor-widget-heading\" data-id=\"c91e610\" data-element_type=\"widget\" data-e-type=\"widget\" data-widget_type=\"heading.default\">\n\t\t\t\t<div class=\"elementor-widget-container\">\n\t\t\t\t\t<h2 class=\"elementor-heading-title elementor-size-default\">Elena Sanz<\/h2>\t\t\t\t<\/div>\n\t\t\t\t<\/div>\n\t\t\t\t<div class=\"elementor-element elementor-element-ce142e8 elementor-widget elementor-widget-heading\" data-id=\"ce142e8\" data-element_type=\"widget\" data-e-type=\"widget\" data-no-translation=\"\" data-widget_type=\"heading.default\">\n\t\t\t\t<div class=\"elementor-widget-container\">\n\t\t\t\t\t<style>.elementor-element-ce142e8{display:none !important}<\/style>\t\t\t\t<\/div>\n\t\t\t\t<\/div>\n\t\t\t\t<div class=\"elementor-element elementor-element-cd8e61c elementor-widget elementor-widget-heading\" data-id=\"cd8e61c\" data-element_type=\"widget\" data-e-type=\"widget\" data-no-translation=\"\" data-widget_type=\"heading.default\">\n\t\t\t\t<div class=\"elementor-widget-container\">\n\t\t\t\t\t<h3 class=\"elementor-heading-title elementor-size-default\">Area Sales Manager\n<\/h3>\t\t\t\t<\/div>\n\t\t\t\t<\/div>\n\t\t\t\t<div class=\"elementor-element elementor-element-b7e3ff5 elementor-widget elementor-widget-heading\" data-id=\"b7e3ff5\" data-element_type=\"widget\" data-e-type=\"widget\" data-no-translation=\"\" data-widget_type=\"heading.default\">\n\t\t\t\t<div class=\"elementor-widget-container\">\n\t\t\t\t\t<style>.elementor-element-b7e3ff5{display:none !important}<\/style>\t\t\t\t<\/div>\n\t\t\t\t<\/div>\n\t\t\t\t<div class=\"elementor-element elementor-element-c00c598 elementor-widget-divider--view-line elementor-widget elementor-widget-divider\" data-id=\"c00c598\" data-element_type=\"widget\" data-e-type=\"widget\" data-widget_type=\"divider.default\">\n\t\t\t\t<div class=\"elementor-widget-container\">\n\t\t\t\t\t\t\t<div class=\"elementor-divider\">\n\t\t\t<span class=\"elementor-divider-separator\">\n\t\t\t\t\t\t<\/span>\n\t\t<\/div>\n\t\t\t\t\t\t<\/div>\n\t\t\t\t<\/div>\n\t\t\t\t<div class=\"elementor-element elementor-element-21f931a elementor-widget elementor-widget-text-editor\" data-id=\"21f931a\" data-element_type=\"widget\" data-e-type=\"widget\" data-widget_type=\"text-editor.default\">\n\t\t\t\t<div class=\"elementor-widget-container\">\n\t\t\t\t\t\t\t\t\t<p style=\"font-size: 16px;\">e.sanz@foodibev.com<\/p>\n<p style=\"font-size: 16px;\">tel.: +34 685 333 271<\/p>\t\t\t\t\t\t\t\t<\/div>\n\t\t\t\t<\/div>\n\t\t\t\t<div class=\"elementor-element elementor-element-71095d4 elementor-widget elementor-widget-text-editor\" data-id=\"71095d4\" data-element_type=\"widget\" data-e-type=\"widget\" data-no-translation=\"\" data-widget_type=\"text-editor.default\">\n\t\t\t\t<div class=\"elementor-widget-container\">\n\t\t\t\t\t<style>.elementor-element-71095d4{display:none !important}<\/style>\t\t\t\t<\/div>\n\t\t\t\t<\/div>\n\t\t\t\t<div class=\"elementor-element elementor-element-d7c7b52 elementor-widget elementor-widget-text-editor\" data-id=\"d7c7b52\" data-element_type=\"widget\" data-e-type=\"widget\" data-no-translation=\"\" data-widget_type=\"text-editor.default\">\n\t\t\t\t<div class=\"elementor-widget-container\">\n\t\t\t\t\t\t\t\t\t<div>Hello! My name is Elena. I&#8217;m the sales representative responsible for the Indian Ocean, Southeast Asia, and Equatorial Guinea markets.<\/div><div>\u00a0<\/div><div>Direct contact with clients and market visits are the cornerstone of my work.<\/div>\t\t\t\t\t\t\t\t<\/div>\n\t\t\t\t<\/div>\n\t\t\t\t<div class=\"elementor-element elementor-element-3f3ca17 elementor-widget elementor-widget-text-editor\" data-id=\"3f3ca17\" data-element_type=\"widget\" data-e-type=\"widget\" data-no-translation=\"\" data-widget_type=\"text-editor.default\">\n\t\t\t\t<div class=\"elementor-widget-container\">\n\t\t\t\t\t<style>.elementor-element-3f3ca17{display:none !important}<\/style>\t\t\t\t<\/div>\n\t\t\t\t<\/div>\n\t\t\t\t\t<\/div>\n\t\t<\/div>\n\t\t\t\t<div class=\"elementor-column elementor-col-66 elementor-top-column elementor-element elementor-element-e4f24b6\" data-id=\"e4f24b6\" data-element_type=\"column\" data-e-type=\"column\">\n\t\t\t<div class=\"elementor-widget-wrap elementor-element-populated\">\n\t\t\t\t\t\t<div class=\"elementor-element elementor-element-8a5cc10 elementor-widget elementor-widget-image\" data-id=\"8a5cc10\" data-element_type=\"widget\" data-e-type=\"widget\" data-widget_type=\"image.default\">\n\t\t\t\t<div class=\"elementor-widget-container\">\n\t\t\t\t\t\t\t\t\t\t\t\t\t\t\t<img fetchpriority=\"high\" decoding=\"async\" width=\"1024\" height=\"1024\" src=\"https:\/\/foodibev.com\/wp-content\/uploads\/2021\/05\/Elena-1024x1024.jpg\" class=\"attachment-large size-large wp-image-5984\" alt=\"\" srcset=\"https:\/\/foodibev.com\/wp-content\/uploads\/2021\/05\/Elena-1024x1024.jpg 1024w, https:\/\/foodibev.com\/wp-content\/uploads\/2021\/05\/Elena-300x300.jpg 300w, https:\/\/foodibev.com\/wp-content\/uploads\/2021\/05\/Elena-200x200.jpg 200w, https:\/\/foodibev.com\/wp-content\/uploads\/2021\/05\/Elena-600x600.jpg 600w, https:\/\/foodibev.com\/wp-content\/uploads\/2021\/05\/Elena-150x150.jpg 150w, https:\/\/foodibev.com\/wp-content\/uploads\/2021\/05\/Elena-768x768.jpg 768w, https:\/\/foodibev.com\/wp-content\/uploads\/2021\/05\/Elena-1536x1536.jpg 1536w, https:\/\/foodibev.com\/wp-content\/uploads\/2021\/05\/Elena.jpg 1920w\" sizes=\"(max-width: 1024px) 100vw, 1024px\" \/>\t\t\t\t\t\t\t\t\t\t\t\t\t\t\t<\/div>\n\t\t\t\t<\/div>\n\t\t\t\t\t<\/div>\n\t\t<\/div>\n\t\t\t\t\t<\/div>\n\t\t<\/section>\n\t\t\t\t<section class=\"elementor-section elementor-top-section elementor-element elementor-element-906ebb8 elementor-section-stretched elementor-hidden-desktop elementor-hidden-tablet elementor-section-boxed elementor-section-height-default elementor-section-height-default\" data-id=\"906ebb8\" data-element_type=\"section\" data-e-type=\"section\" data-settings=\"{&quot;stretch_section&quot;:&quot;section-stretched&quot;,&quot;background_background&quot;:&quot;classic&quot;}\">\n\t\t\t\t\t\t<div class=\"elementor-container elementor-column-gap-no\">\n\t\t\t\t\t<div class=\"elementor-column elementor-col-33 elementor-top-column elementor-element elementor-element-cc14892\" data-id=\"cc14892\" data-element_type=\"column\" data-e-type=\"column\">\n\t\t\t<div class=\"elementor-widget-wrap elementor-element-populated\">\n\t\t\t\t\t\t<div class=\"elementor-element elementor-element-7ad8f64 elementor-widget elementor-widget-spacer\" data-id=\"7ad8f64\" data-element_type=\"widget\" data-e-type=\"widget\" data-widget_type=\"spacer.default\">\n\t\t\t\t<div class=\"elementor-widget-container\">\n\t\t\t\t\t\t\t<div class=\"elementor-spacer\">\n\t\t\t<div class=\"elementor-spacer-inner\"><\/div>\n\t\t<\/div>\n\t\t\t\t\t\t<\/div>\n\t\t\t\t<\/div>\n\t\t\t\t<div class=\"elementor-element elementor-element-fbeee41 elementor-widget elementor-widget-image\" data-id=\"fbeee41\" data-element_type=\"widget\" data-e-type=\"widget\" data-widget_type=\"image.default\">\n\t\t\t\t<div class=\"elementor-widget-container\">\n\t\t\t\t\t\t\t\t\t\t\t\t\t\t\t<img fetchpriority=\"high\" decoding=\"async\" width=\"1024\" height=\"1024\" src=\"https:\/\/foodibev.com\/wp-content\/uploads\/2021\/05\/Elena-1024x1024.jpg\" class=\"attachment-large size-large wp-image-5984\" alt=\"\" srcset=\"https:\/\/foodibev.com\/wp-content\/uploads\/2021\/05\/Elena-1024x1024.jpg 1024w, https:\/\/foodibev.com\/wp-content\/uploads\/2021\/05\/Elena-300x300.jpg 300w, https:\/\/foodibev.com\/wp-content\/uploads\/2021\/05\/Elena-200x200.jpg 200w, https:\/\/foodibev.com\/wp-content\/uploads\/2021\/05\/Elena-600x600.jpg 600w, https:\/\/foodibev.com\/wp-content\/uploads\/2021\/05\/Elena-150x150.jpg 150w, https:\/\/foodibev.com\/wp-content\/uploads\/2021\/05\/Elena-768x768.jpg 768w, https:\/\/foodibev.com\/wp-content\/uploads\/2021\/05\/Elena-1536x1536.jpg 1536w, https:\/\/foodibev.com\/wp-content\/uploads\/2021\/05\/Elena.jpg 1920w\" sizes=\"(max-width: 1024px) 100vw, 1024px\" \/>\t\t\t\t\t\t\t\t\t\t\t\t\t\t\t<\/div>\n\t\t\t\t<\/div>\n\t\t\t\t<div class=\"elementor-element elementor-element-7312ab8 elementor-widget elementor-widget-heading\" data-id=\"7312ab8\" data-element_type=\"widget\" data-e-type=\"widget\" data-widget_type=\"heading.default\">\n\t\t\t\t<div class=\"elementor-widget-container\">\n\t\t\t\t\t<h2 class=\"elementor-heading-title elementor-size-default\">Elena Sanz<\/h2>\t\t\t\t<\/div>\n\t\t\t\t<\/div>\n\t\t\t\t<div class=\"elementor-element elementor-element-75a4e6f elementor-widget elementor-widget-heading\" data-id=\"75a4e6f\" data-element_type=\"widget\" data-e-type=\"widget\" data-no-translation=\"\" data-widget_type=\"heading.default\">\n\t\t\t\t<div class=\"elementor-widget-container\">\n\t\t\t\t\t<style>.elementor-element-75a4e6f{display:none !important}<\/style>\t\t\t\t<\/div>\n\t\t\t\t<\/div>\n\t\t\t\t<div class=\"elementor-element elementor-element-86e37bb elementor-widget elementor-widget-heading\" data-id=\"86e37bb\" data-element_type=\"widget\" data-e-type=\"widget\" data-no-translation=\"\" data-widget_type=\"heading.default\">\n\t\t\t\t<div class=\"elementor-widget-container\">\n\t\t\t\t\t<h3 class=\"elementor-heading-title elementor-size-default\">Area Sales Manager<\/h3>\t\t\t\t<\/div>\n\t\t\t\t<\/div>\n\t\t\t\t<div class=\"elementor-element elementor-element-84506a5 elementor-widget elementor-widget-heading\" data-id=\"84506a5\" data-element_type=\"widget\" data-e-type=\"widget\" data-no-translation=\"\" data-widget_type=\"heading.default\">\n\t\t\t\t<div class=\"elementor-widget-container\">\n\t\t\t\t\t<style>.elementor-element-84506a5{display:none !important}<\/style>\t\t\t\t<\/div>\n\t\t\t\t<\/div>\n\t\t\t\t<div class=\"elementor-element elementor-element-fbceeff elementor-widget-divider--view-line elementor-widget elementor-widget-divider\" data-id=\"fbceeff\" data-element_type=\"widget\" data-e-type=\"widget\" data-widget_type=\"divider.default\">\n\t\t\t\t<div class=\"elementor-widget-container\">\n\t\t\t\t\t\t\t<div class=\"elementor-divider\">\n\t\t\t<span class=\"elementor-divider-separator\">\n\t\t\t\t\t\t<\/span>\n\t\t<\/div>\n\t\t\t\t\t\t<\/div>\n\t\t\t\t<\/div>\n\t\t\t\t<div class=\"elementor-element elementor-element-4e200f8 elementor-widget elementor-widget-text-editor\" data-id=\"4e200f8\" data-element_type=\"widget\" data-e-type=\"widget\" data-widget_type=\"text-editor.default\">\n\t\t\t\t<div class=\"elementor-widget-container\">\n\t\t\t\t\t\t\t\t\t<p style=\"font-size: 16px;\">e.sanz@foodibev.com<\/p>\n<p style=\"font-size: 16px;\">tel.: +34 685 333 271<\/p>\t\t\t\t\t\t\t\t<\/div>\n\t\t\t\t<\/div>\n\t\t\t\t<div class=\"elementor-element elementor-element-f7f7bc8 elementor-widget elementor-widget-text-editor\" data-id=\"f7f7bc8\" data-element_type=\"widget\" data-e-type=\"widget\" data-no-translation=\"\" data-widget_type=\"text-editor.default\">\n\t\t\t\t<div class=\"elementor-widget-container\">\n\t\t\t\t\t<style>.elementor-element-f7f7bc8{display:none !important}<\/style>\t\t\t\t<\/div>\n\t\t\t\t<\/div>\n\t\t\t\t<div class=\"elementor-element elementor-element-43828b3 elementor-widget elementor-widget-text-editor\" data-id=\"43828b3\" data-element_type=\"widget\" data-e-type=\"widget\" data-no-translation=\"\" data-widget_type=\"text-editor.default\">\n\t\t\t\t<div class=\"elementor-widget-container\">\n\t\t\t\t\t\t\t\t\t<p>Hello! My name is Elena. I am the sales representative in charge of managing clients in Equatorial Guinea and some countries in the Indian Ocean and the Pacific such as Mauritius, Comoros, Vietnam, Philippines&#8230; Direct contact with clients and visits to the markets are the mainstay of my work.<\/p>\t\t\t\t\t\t\t\t<\/div>\n\t\t\t\t<\/div>\n\t\t\t\t<div class=\"elementor-element elementor-element-0f3063b elementor-widget elementor-widget-text-editor\" data-id=\"0f3063b\" data-element_type=\"widget\" data-e-type=\"widget\" data-no-translation=\"\" data-widget_type=\"text-editor.default\">\n\t\t\t\t<div class=\"elementor-widget-container\">\n\t\t\t\t\t<style>.elementor-element-0f3063b{display:none !important}<\/style>\t\t\t\t<\/div>\n\t\t\t\t<\/div>\n\t\t\t\t\t<\/div>\n\t\t<\/div>\n\t\t\t\t<div class=\"elementor-column elementor-col-66 elementor-top-column elementor-element elementor-element-04a4eb7\" data-id=\"04a4eb7\" data-element_type=\"column\" data-e-type=\"column\">\n\t\t\t<div class=\"elementor-widget-wrap\">\n\t\t\t\t\t\t\t<\/div>\n\t\t<\/div>\n\t\t\t\t\t<\/div>\n\t\t<\/section>\n\t\t\t\t<\/div>","protected":false},"excerpt":{"rendered":"<p>Elena Sanz Responsable Comercial de Zona e.sanz@foodibev.com tel.: +34 685 333 271 \u00a1Hola! Me llamo Elena. Soy la comercial responsable de los mercados del Oc\u00e9ano \u00cdndico, Sudeste Asi\u00e1tico, as\u00ed como Guinea Ecuatorial.\u00a0\u00a0\u00a0El contacto directo con los clientes y las visitas a los mercados son el pilar fundamental de mi trabajo.Hello! My name is Elena. I&#8217;m&hellip;<\/p>","protected":false},"author":1,"featured_media":0,"parent":0,"menu_order":0,"comment_status":"closed","ping_status":"closed","template":"elementor_header_footer","meta":{"footnotes":""},"class_list":["post-6526","page","type-page","status-publish","hentry"],"yoast_head":"<!-- This site is optimized with the Yoast SEO plugin v27.4 - https:\/\/yoast.com\/product\/yoast-seo-wordpress\/ -->\n<title>Elena Sanz - Foodibev<\/title>\n<meta name=\"robots\" content=\"index, follow, max-snippet:-1, max-image-preview:large, max-video-preview:-1\" \/>\n<link rel=\"canonical\" href=\"https:\/\/foodibev.com\/en\/elena-sanz\/\" \/>\n<meta property=\"og:locale\" content=\"en_GB\" \/>\n<meta property=\"og:type\" content=\"article\" \/>\n<meta property=\"og:title\" content=\"Elena Sanz - Foodibev\" \/>\n<meta property=\"og:description\" content=\"Elena Sanz Responsable Comercial de Zona e.sanz@foodibev.com tel.: +34 685 333 271 \u00a1Hola! Me llamo Elena. Soy la comercial responsable de los mercados del Oc\u00e9ano \u00cdndico, Sudeste Asi\u00e1tico, as\u00ed como Guinea Ecuatorial.\u00a0\u00a0\u00a0El contacto directo con los clientes y las visitas a los mercados son el pilar fundamental de mi trabajo.Hello! My name is Elena. I&#8217;m&hellip;\" \/>\n<meta property=\"og:url\" content=\"https:\/\/foodibev.com\/en\/elena-sanz\/\" \/>\n<meta property=\"og:site_name\" content=\"Foodibev\" \/>\n<meta property=\"article:modified_time\" content=\"2025-07-25T14:14:14+00:00\" \/>\n<meta property=\"og:image\" content=\"https:\/\/foodibev.com\/wp-content\/uploads\/2021\/05\/Elena.jpg\" \/>\n\t<meta property=\"og:image:width\" content=\"1920\" \/>\n\t<meta property=\"og:image:height\" content=\"1920\" \/>\n\t<meta property=\"og:image:type\" content=\"image\/jpeg\" \/>\n<meta name=\"twitter:card\" content=\"summary_large_image\" \/>\n<meta name=\"twitter:label1\" content=\"Estimated reading time\" \/>\n\t<meta name=\"twitter:data1\" content=\"2 minutes\" \/>\n<script type=\"application\/ld+json\" class=\"yoast-schema-graph\">{\"@context\":\"https:\\\/\\\/schema.org\",\"@graph\":[{\"@type\":\"WebPage\",\"@id\":\"https:\\\/\\\/foodibev.com\\\/elena-sanz\\\/\",\"url\":\"https:\\\/\\\/foodibev.com\\\/elena-sanz\\\/\",\"name\":\"Elena Sanz - Foodibev\",\"isPartOf\":{\"@id\":\"https:\\\/\\\/foodibev.com\\\/#website\"},\"primaryImageOfPage\":{\"@id\":\"https:\\\/\\\/foodibev.com\\\/elena-sanz\\\/#primaryimage\"},\"image\":{\"@id\":\"https:\\\/\\\/foodibev.com\\\/elena-sanz\\\/#primaryimage\"},\"thumbnailUrl\":\"https:\\\/\\\/foodibev.com\\\/wp-content\\\/uploads\\\/2021\\\/05\\\/Elena-1024x1024.jpg\",\"datePublished\":\"2021-06-01T08:49:02+00:00\",\"dateModified\":\"2025-07-25T14:14:14+00:00\",\"breadcrumb\":{\"@id\":\"https:\\\/\\\/foodibev.com\\\/elena-sanz\\\/#breadcrumb\"},\"inLanguage\":\"en-GB\",\"potentialAction\":[{\"@type\":\"ReadAction\",\"target\":[\"https:\\\/\\\/foodibev.com\\\/elena-sanz\\\/\"]}]},{\"@type\":\"ImageObject\",\"inLanguage\":\"en-GB\",\"@id\":\"https:\\\/\\\/foodibev.com\\\/elena-sanz\\\/#primaryimage\",\"url\":\"https:\\\/\\\/foodibev.com\\\/wp-content\\\/uploads\\\/2021\\\/05\\\/Elena-1024x1024.jpg\",\"contentUrl\":\"https:\\\/\\\/foodibev.com\\\/wp-content\\\/uploads\\\/2021\\\/05\\\/Elena-1024x1024.jpg\"},{\"@type\":\"BreadcrumbList\",\"@id\":\"https:\\\/\\\/foodibev.com\\\/elena-sanz\\\/#breadcrumb\",\"itemListElement\":[{\"@type\":\"ListItem\",\"position\":1,\"name\":\"Portada\",\"item\":\"https:\\\/\\\/foodibev.com\\\/\"},{\"@type\":\"ListItem\",\"position\":2,\"name\":\"Elena Sanz\"}]},{\"@type\":\"WebSite\",\"@id\":\"https:\\\/\\\/foodibev.com\\\/#website\",\"url\":\"https:\\\/\\\/foodibev.com\\\/\",\"name\":\"Foodibev\",\"description\":\"Otro sitio realizado con WordPress\",\"publisher\":{\"@id\":\"https:\\\/\\\/foodibev.com\\\/#organization\"},\"potentialAction\":[{\"@type\":\"SearchAction\",\"target\":{\"@type\":\"EntryPoint\",\"urlTemplate\":\"https:\\\/\\\/foodibev.com\\\/?s={search_term_string}\"},\"query-input\":{\"@type\":\"PropertyValueSpecification\",\"valueRequired\":true,\"valueName\":\"search_term_string\"}}],\"inLanguage\":\"en-GB\"},{\"@type\":\"Organization\",\"@id\":\"https:\\\/\\\/foodibev.com\\\/#organization\",\"name\":\"Foodibev\",\"url\":\"https:\\\/\\\/foodibev.com\\\/\",\"logo\":{\"@type\":\"ImageObject\",\"inLanguage\":\"en-GB\",\"@id\":\"https:\\\/\\\/foodibev.com\\\/#\\\/schema\\\/logo\\\/image\\\/\",\"url\":\"https:\\\/\\\/foodibev.com\\\/wp-content\\\/uploads\\\/2021\\\/04\\\/Logotipo-Foodibev-2018-scaled.jpg\",\"contentUrl\":\"https:\\\/\\\/foodibev.com\\\/wp-content\\\/uploads\\\/2021\\\/04\\\/Logotipo-Foodibev-2018-scaled.jpg\",\"width\":2560,\"height\":669,\"caption\":\"Foodibev\"},\"image\":{\"@id\":\"https:\\\/\\\/foodibev.com\\\/#\\\/schema\\\/logo\\\/image\\\/\"}}]}<\/script>\n<!-- \/ Yoast SEO plugin. -->","yoast_head_json":{"title":"Elena Sanz - Foodibev","robots":{"index":"index","follow":"follow","max-snippet":"max-snippet:-1","max-image-preview":"max-image-preview:large","max-video-preview":"max-video-preview:-1"},"canonical":"https:\/\/foodibev.com\/en\/elena-sanz\/","og_locale":"en_GB","og_type":"article","og_title":"Elena Sanz - Foodibev","og_description":"Elena Sanz Responsable Comercial de Zona e.sanz@foodibev.com tel.: +34 685 333 271 \u00a1Hola! Me llamo Elena. Soy la comercial responsable de los mercados del Oc\u00e9ano \u00cdndico, Sudeste Asi\u00e1tico, as\u00ed como Guinea Ecuatorial.\u00a0\u00a0\u00a0El contacto directo con los clientes y las visitas a los mercados son el pilar fundamental de mi trabajo.Hello! My name is Elena. I&#8217;m&hellip;","og_url":"https:\/\/foodibev.com\/en\/elena-sanz\/","og_site_name":"Foodibev","article_modified_time":"2025-07-25T14:14:14+00:00","og_image":[{"width":1920,"height":1920,"url":"https:\/\/foodibev.com\/wp-content\/uploads\/2021\/05\/Elena.jpg","type":"image\/jpeg"}],"twitter_card":"summary_large_image","twitter_misc":{"Estimated reading time":"2 minutes"},"schema":{"@context":"https:\/\/schema.org","@graph":[{"@type":"WebPage","@id":"https:\/\/foodibev.com\/elena-sanz\/","url":"https:\/\/foodibev.com\/elena-sanz\/","name":"Elena Sanz - Foodibev","isPartOf":{"@id":"https:\/\/foodibev.com\/#website"},"primaryImageOfPage":{"@id":"https:\/\/foodibev.com\/elena-sanz\/#primaryimage"},"image":{"@id":"https:\/\/foodibev.com\/elena-sanz\/#primaryimage"},"thumbnailUrl":"https:\/\/foodibev.com\/wp-content\/uploads\/2021\/05\/Elena-1024x1024.jpg","datePublished":"2021-06-01T08:49:02+00:00","dateModified":"2025-07-25T14:14:14+00:00","breadcrumb":{"@id":"https:\/\/foodibev.com\/elena-sanz\/#breadcrumb"},"inLanguage":"en-GB","potentialAction":[{"@type":"ReadAction","target":["https:\/\/foodibev.com\/elena-sanz\/"]}]},{"@type":"ImageObject","inLanguage":"en-GB","@id":"https:\/\/foodibev.com\/elena-sanz\/#primaryimage","url":"https:\/\/foodibev.com\/wp-content\/uploads\/2021\/05\/Elena-1024x1024.jpg","contentUrl":"https:\/\/foodibev.com\/wp-content\/uploads\/2021\/05\/Elena-1024x1024.jpg"},{"@type":"BreadcrumbList","@id":"https:\/\/foodibev.com\/elena-sanz\/#breadcrumb","itemListElement":[{"@type":"ListItem","position":1,"name":"Portada","item":"https:\/\/foodibev.com\/"},{"@type":"ListItem","position":2,"name":"Elena Sanz"}]},{"@type":"WebSite","@id":"https:\/\/foodibev.com\/#website","url":"https:\/\/foodibev.com\/","name":"Foodibev","description":"Otro sitio realizado con WordPress","publisher":{"@id":"https:\/\/foodibev.com\/#organization"},"potentialAction":[{"@type":"SearchAction","target":{"@type":"EntryPoint","urlTemplate":"https:\/\/foodibev.com\/?s={search_term_string}"},"query-input":{"@type":"PropertyValueSpecification","valueRequired":true,"valueName":"search_term_string"}}],"inLanguage":"en-GB"},{"@type":"Organization","@id":"https:\/\/foodibev.com\/#organization","name":"Foodibev","url":"https:\/\/foodibev.com\/","logo":{"@type":"ImageObject","inLanguage":"en-GB","@id":"https:\/\/foodibev.com\/#\/schema\/logo\/image\/","url":"https:\/\/foodibev.com\/wp-content\/uploads\/2021\/04\/Logotipo-Foodibev-2018-scaled.jpg","contentUrl":"https:\/\/foodibev.com\/wp-content\/uploads\/2021\/04\/Logotipo-Foodibev-2018-scaled.jpg","width":2560,"height":669,"caption":"Foodibev"},"image":{"@id":"https:\/\/foodibev.com\/#\/schema\/logo\/image\/"}}]}},"_links":{"self":[{"href":"https:\/\/foodibev.com\/en\/wp-json\/wp\/v2\/pages\/6526","targetHints":{"allow":["GET"]}}],"collection":[{"href":"https:\/\/foodibev.com\/en\/wp-json\/wp\/v2\/pages"}],"about":[{"href":"https:\/\/foodibev.com\/en\/wp-json\/wp\/v2\/types\/page"}],"author":[{"embeddable":true,"href":"https:\/\/foodibev.com\/en\/wp-json\/wp\/v2\/users\/1"}],"replies":[{"embeddable":true,"href":"https:\/\/foodibev.com\/en\/wp-json\/wp\/v2\/comments?post=6526"}],"version-history":[{"count":39,"href":"https:\/\/foodibev.com\/en\/wp-json\/wp\/v2\/pages\/6526\/revisions"}],"predecessor-version":[{"id":10379,"href":"https:\/\/foodibev.com\/en\/wp-json\/wp\/v2\/pages\/6526\/revisions\/10379"}],"wp:attachment":[{"href":"https:\/\/foodibev.com\/en\/wp-json\/wp\/v2\/media?parent=6526"}],"curies":[{"name":"wp","href":"https:\/\/api.w.org\/{rel}","templated":true}]}}