{"id":5924,"date":"2021-05-12T14:32:31","date_gmt":"2021-05-12T14:32:31","guid":{"rendered":"https:\/\/foodibev.com\/?page_id=5924"},"modified":"2024-07-23T07:08:01","modified_gmt":"2024-07-23T07:08:01","slug":"3-horses","status":"publish","type":"page","link":"https:\/\/foodibev.com\/en\/3-horses\/","title":{"rendered":"3 Horses"},"content":{"rendered":"\t\t<div data-elementor-type=\"wp-page\" data-elementor-id=\"5924\" class=\"elementor elementor-5924\">\n\t\t\t\t\t\t<section class=\"elementor-section elementor-top-section elementor-element elementor-element-40580cc elementor-section-full_width elementor-section-stretched elementor-hidden-desktop elementor-hidden-tablet elementor-section-height-default elementor-section-height-default\" data-id=\"40580cc\" data-element_type=\"section\" data-e-type=\"section\" data-settings=\"{&quot;stretch_section&quot;:&quot;section-stretched&quot;,&quot;background_background&quot;:&quot;classic&quot;}\">\n\t\t\t\t\t\t<div class=\"elementor-container elementor-column-gap-default\">\n\t\t\t\t\t<div class=\"elementor-column elementor-col-100 elementor-top-column elementor-element elementor-element-b49e3fe\" data-id=\"b49e3fe\" data-element_type=\"column\" data-e-type=\"column\">\n\t\t\t<div class=\"elementor-widget-wrap elementor-element-populated\">\n\t\t\t\t\t\t<div class=\"elementor-element elementor-element-0a8744d elementor-widget elementor-widget-image\" data-id=\"0a8744d\" data-element_type=\"widget\" data-e-type=\"widget\" data-widget_type=\"image.default\">\n\t\t\t\t<div class=\"elementor-widget-container\">\n\t\t\t\t\t\t\t\t\t\t\t\t\t\t\t<img fetchpriority=\"high\" decoding=\"async\" width=\"2048\" height=\"1179\" src=\"https:\/\/foodibev.com\/wp-content\/uploads\/2023\/04\/3-horses-gama-completa-2048x1179.jpg\" class=\"attachment-2048x2048 size-2048x2048 wp-image-8322\" alt=\"\" srcset=\"https:\/\/foodibev.com\/wp-content\/uploads\/2023\/04\/3-horses-gama-completa-2048x1179.jpg 2048w, https:\/\/foodibev.com\/wp-content\/uploads\/2023\/04\/3-horses-gama-completa-300x173.jpg 300w, https:\/\/foodibev.com\/wp-content\/uploads\/2023\/04\/3-horses-gama-completa-1024x589.jpg 1024w, https:\/\/foodibev.com\/wp-content\/uploads\/2023\/04\/3-horses-gama-completa-768x442.jpg 768w, https:\/\/foodibev.com\/wp-content\/uploads\/2023\/04\/3-horses-gama-completa-1536x884.jpg 1536w, https:\/\/foodibev.com\/wp-content\/uploads\/2023\/04\/3-horses-gama-completa-18x10.jpg 18w\" sizes=\"(max-width: 2048px) 100vw, 2048px\" \/>\t\t\t\t\t\t\t\t\t\t\t\t\t\t\t<\/div>\n\t\t\t\t<\/div>\n\t\t\t\t\t<\/div>\n\t\t<\/div>\n\t\t\t\t\t<\/div>\n\t\t<\/section>\n\t\t\t\t<section class=\"elementor-section elementor-top-section elementor-element elementor-element-4e46fd8 elementor-hidden-desktop elementor-hidden-tablet elementor-section-boxed elementor-section-height-default elementor-section-height-default\" data-id=\"4e46fd8\" data-element_type=\"section\" data-e-type=\"section\" data-settings=\"{&quot;background_background&quot;:&quot;classic&quot;}\">\n\t\t\t\t\t\t<div class=\"elementor-container elementor-column-gap-default\">\n\t\t\t\t\t<div class=\"elementor-column elementor-col-100 elementor-top-column elementor-element elementor-element-90fb390\" data-id=\"90fb390\" data-element_type=\"column\" data-e-type=\"column\">\n\t\t\t<div class=\"elementor-widget-wrap elementor-element-populated\">\n\t\t\t\t\t\t<div class=\"elementor-element elementor-element-bbdd96c elementor-hidden-desktop elementor-hidden-tablet elementor-widget elementor-widget-text-editor\" data-id=\"bbdd96c\" data-element_type=\"widget\" data-e-type=\"widget\" data-no-translation=\"\" data-widget_type=\"text-editor.default\">\n\t\t\t\t<div class=\"elementor-widget-container\">\n\t\t\t\t\t<style>.elementor-element-bbdd96c{display:none !important}<\/style>\t\t\t\t<\/div>\n\t\t\t\t<\/div>\n\t\t\t\t<div class=\"elementor-element elementor-element-10b7d5a elementor-hidden-desktop elementor-hidden-tablet elementor-widget elementor-widget-text-editor\" data-id=\"10b7d5a\" data-element_type=\"widget\" data-e-type=\"widget\" data-no-translation=\"\" data-widget_type=\"text-editor.default\">\n\t\t\t\t<div class=\"elementor-widget-container\">\n\t\t\t\t\t\t\t\t\t<p>400 years of tradition. Today, 3 Horses is well known for its extremely refreshing non-alcoholic malt beverage (NAM), which gives it that distinctive real malt flavour. <br \/>In 50 cl and 33 cl formats.<\/p>\t\t\t\t\t\t\t\t<\/div>\n\t\t\t\t<\/div>\n\t\t\t\t<div class=\"elementor-element elementor-element-d99754b elementor-hidden-desktop elementor-hidden-tablet elementor-widget elementor-widget-text-editor\" data-id=\"d99754b\" data-element_type=\"widget\" data-e-type=\"widget\" data-no-translation=\"\" data-widget_type=\"text-editor.default\">\n\t\t\t\t<div class=\"elementor-widget-container\">\n\t\t\t\t\t<style>.elementor-element-d99754b{display:none !important}<\/style>\t\t\t\t<\/div>\n\t\t\t\t<\/div>\n\t\t\t\t\t<\/div>\n\t\t<\/div>\n\t\t\t\t\t<\/div>\n\t\t<\/section>\n\t\t\t\t<section class=\"elementor-section elementor-top-section elementor-element elementor-element-f0b9302 elementor-section-full_width elementor-hidden-phone elementor-section-height-default elementor-section-height-default\" data-id=\"f0b9302\" data-element_type=\"section\" data-e-type=\"section\" data-settings=\"{&quot;background_background&quot;:&quot;slideshow&quot;,&quot;background_slideshow_gallery&quot;:[{&quot;id&quot;:6806,&quot;url&quot;:&quot;https:\\\/\\\/foodibev.com\\\/wp-content\\\/uploads\\\/2021\\\/06\\\/izq-2-scaled.jpg&quot;}],&quot;background_slideshow_loop&quot;:&quot;yes&quot;,&quot;background_slideshow_slide_duration&quot;:5000,&quot;background_slideshow_slide_transition&quot;:&quot;fade&quot;,&quot;background_slideshow_transition_duration&quot;:500}\">\n\t\t\t\t\t\t<div class=\"elementor-container elementor-column-gap-default\">\n\t\t\t\t\t<div class=\"elementor-column elementor-col-33 elementor-top-column elementor-element elementor-element-97cf380\" data-id=\"97cf380\" data-element_type=\"column\" data-e-type=\"column\">\n\t\t\t<div class=\"elementor-widget-wrap elementor-element-populated\">\n\t\t\t\t\t\t<div class=\"elementor-element elementor-element-ab52d0c elementor-hidden-tablet elementor-hidden-phone elementor-widget elementor-widget-image\" data-id=\"ab52d0c\" data-element_type=\"widget\" data-e-type=\"widget\" data-widget_type=\"image.default\">\n\t\t\t\t<div class=\"elementor-widget-container\">\n\t\t\t\t\t\t\t\t\t\t\t\t\t\t\t<img decoding=\"async\" width=\"300\" height=\"156\" src=\"https:\/\/foodibev.com\/wp-content\/uploads\/2021\/06\/logo-3-horses-300x156.png\" class=\"attachment-medium size-medium wp-image-7412\" alt=\"\" srcset=\"https:\/\/foodibev.com\/wp-content\/uploads\/2021\/06\/logo-3-horses-300x156.png 300w, https:\/\/foodibev.com\/wp-content\/uploads\/2021\/06\/logo-3-horses-600x312.png 600w, https:\/\/foodibev.com\/wp-content\/uploads\/2021\/06\/logo-3-horses-1024x533.png 1024w, https:\/\/foodibev.com\/wp-content\/uploads\/2021\/06\/logo-3-horses-768x400.png 768w, https:\/\/foodibev.com\/wp-content\/uploads\/2021\/06\/logo-3-horses-16x8.png 16w, https:\/\/foodibev.com\/wp-content\/uploads\/2021\/06\/logo-3-horses.png 1494w\" sizes=\"(max-width: 300px) 100vw, 300px\" \/>\t\t\t\t\t\t\t\t\t\t\t\t\t\t\t<\/div>\n\t\t\t\t<\/div>\n\t\t\t\t<div class=\"elementor-element elementor-element-3651d11 elementor-hidden-desktop elementor-hidden-phone elementor-widget elementor-widget-image\" data-id=\"3651d11\" data-element_type=\"widget\" data-e-type=\"widget\" data-widget_type=\"image.default\">\n\t\t\t\t<div class=\"elementor-widget-container\">\n\t\t\t\t\t\t\t\t\t\t\t\t\t\t\t<img decoding=\"async\" src=\"https:\/\/foodibev.com\/wp-content\/uploads\/elementor\/thumbs\/logo-3-horses-p8zfsa7n01mznj1c3aegacz48yw95r3xy0hgakxt48.png\" title=\"logo-3-horses\" alt=\"logo-3-horses\" loading=\"lazy\" \/>\t\t\t\t\t\t\t\t\t\t\t\t\t\t\t<\/div>\n\t\t\t\t<\/div>\n\t\t\t\t<div class=\"elementor-element elementor-element-023cd07 elementor-hidden-phone elementor-hidden-tablet elementor-widget elementor-widget-text-editor\" data-id=\"023cd07\" data-element_type=\"widget\" data-e-type=\"widget\" data-no-translation=\"\" data-widget_type=\"text-editor.default\">\n\t\t\t\t<div class=\"elementor-widget-container\">\n\t\t\t\t\t<style>.elementor-element-023cd07{display:none !important}<\/style>\t\t\t\t<\/div>\n\t\t\t\t<\/div>\n\t\t\t\t<div class=\"elementor-element elementor-element-ba4847d elementor-hidden-phone elementor-hidden-desktop elementor-widget elementor-widget-text-editor\" data-id=\"ba4847d\" data-element_type=\"widget\" data-e-type=\"widget\" data-no-translation=\"\" data-widget_type=\"text-editor.default\">\n\t\t\t\t<div class=\"elementor-widget-container\">\n\t\t\t\t\t<style>.elementor-element-ba4847d{display:none !important}<\/style>\t\t\t\t<\/div>\n\t\t\t\t<\/div>\n\t\t\t\t<div class=\"elementor-element elementor-element-0846379 elementor-hidden-phone elementor-hidden-tablet elementor-widget elementor-widget-text-editor\" data-id=\"0846379\" data-element_type=\"widget\" data-e-type=\"widget\" data-no-translation=\"\" data-widget_type=\"text-editor.default\">\n\t\t\t\t<div class=\"elementor-widget-container\">\n\t\t\t\t\t<style>.elementor-element-0846379{display:none !important}<\/style>\t\t\t\t<\/div>\n\t\t\t\t<\/div>\n\t\t\t\t<div class=\"elementor-element elementor-element-872747b elementor-hidden-phone elementor-hidden-desktop elementor-widget elementor-widget-text-editor\" data-id=\"872747b\" data-element_type=\"widget\" data-e-type=\"widget\" data-no-translation=\"\" data-widget_type=\"text-editor.default\">\n\t\t\t\t<div class=\"elementor-widget-container\">\n\t\t\t\t\t<style>.elementor-element-872747b{display:none !important}<\/style>\t\t\t\t<\/div>\n\t\t\t\t<\/div>\n\t\t\t\t<div class=\"elementor-element elementor-element-6423ca0 elementor-hidden-phone elementor-hidden-tablet elementor-widget elementor-widget-text-editor\" data-id=\"6423ca0\" data-element_type=\"widget\" data-e-type=\"widget\" data-no-translation=\"\" data-widget_type=\"text-editor.default\">\n\t\t\t\t<div class=\"elementor-widget-container\">\n\t\t\t\t\t\t\t\t\t<p>400 years of tradition.Today, 3 Horses is well known for its extremely refreshing non-alcoholic malt beverage (NAM), which gives it that distinctive real malt flavour.\nIn 50 cl and 33 cl formats.<\/p>\t\t\t\t\t\t\t\t<\/div>\n\t\t\t\t<\/div>\n\t\t\t\t<div class=\"elementor-element elementor-element-1029ef3 elementor-hidden-phone elementor-hidden-desktop elementor-widget elementor-widget-text-editor\" data-id=\"1029ef3\" data-element_type=\"widget\" data-e-type=\"widget\" data-no-translation=\"\" data-widget_type=\"text-editor.default\">\n\t\t\t\t<div class=\"elementor-widget-container\">\n\t\t\t\t\t\t\t\t\t<p>400 years of tradition.Today, 3 Horses is well known for its extremely refreshing non-alcoholic malt beverage (NAM), which gives it that distinctive real malt flavour.\nIn 50 cl and 33 cl formats.<\/p>\t\t\t\t\t\t\t\t<\/div>\n\t\t\t\t<\/div>\n\t\t\t\t\t<\/div>\n\t\t<\/div>\n\t\t\t\t<div class=\"elementor-column elementor-col-66 elementor-top-column elementor-element elementor-element-65ffe11\" data-id=\"65ffe11\" data-element_type=\"column\" data-e-type=\"column\">\n\t\t\t<div class=\"elementor-widget-wrap elementor-element-populated\">\n\t\t\t\t\t\t<div class=\"elementor-element elementor-element-b7cfc08 elementor-widget elementor-widget-image\" data-id=\"b7cfc08\" data-element_type=\"widget\" data-e-type=\"widget\" data-widget_type=\"image.default\">\n\t\t\t\t<div class=\"elementor-widget-container\">\n\t\t\t\t\t\t\t\t\t\t\t\t\t\t\t<img decoding=\"async\" width=\"1024\" height=\"866\" src=\"https:\/\/foodibev.com\/wp-content\/uploads\/2021\/06\/3-horses-2-1024x866.png\" class=\"attachment-large size-large wp-image-7336\" alt=\"\" srcset=\"https:\/\/foodibev.com\/wp-content\/uploads\/2021\/06\/3-horses-2-1024x866.png 1024w, https:\/\/foodibev.com\/wp-content\/uploads\/2021\/06\/3-horses-2-600x507.png 600w, https:\/\/foodibev.com\/wp-content\/uploads\/2021\/06\/3-horses-2-300x254.png 300w, https:\/\/foodibev.com\/wp-content\/uploads\/2021\/06\/3-horses-2-768x649.png 768w, https:\/\/foodibev.com\/wp-content\/uploads\/2021\/06\/3-horses-2-14x12.png 14w, https:\/\/foodibev.com\/wp-content\/uploads\/2021\/06\/3-horses-2.png 1080w\" sizes=\"(max-width: 1024px) 100vw, 1024px\" \/>\t\t\t\t\t\t\t\t\t\t\t\t\t\t\t<\/div>\n\t\t\t\t<\/div>\n\t\t\t\t\t<\/div>\n\t\t<\/div>\n\t\t\t\t\t<\/div>\n\t\t<\/section>\n\t\t\t\t<\/div>\n\t\t","protected":false},"excerpt":{"rendered":"<p>Con 400 a\u00f1os de tradici\u00f3n, hoy en d\u00eda, 3 Horses es bien conocido por su bebida de malta sin alcohol (NAM) extremadamente refrescante, que le brinda ese sabor a malta real y distintivo. En formato de 50 cl y 33 cl. 400 years of tradition. Today, 3 Horses is well known for its extremely refreshing&hellip;<\/p>","protected":false},"author":1,"featured_media":0,"parent":0,"menu_order":0,"comment_status":"closed","ping_status":"closed","template":"elementor_header_footer","meta":{"footnotes":""},"class_list":["post-5924","page","type-page","status-publish","hentry"],"yoast_head":"<!-- This site is optimized with the Yoast SEO plugin v26.9 - https:\/\/yoast.com\/product\/yoast-seo-wordpress\/ -->\n<title>3 Horses - Foodibev<\/title>\n<meta name=\"robots\" content=\"index, follow, max-snippet:-1, max-image-preview:large, max-video-preview:-1\" \/>\n<link rel=\"canonical\" href=\"https:\/\/foodibev.com\/en\/3-horses\/\" \/>\n<meta property=\"og:locale\" content=\"en_GB\" \/>\n<meta property=\"og:type\" content=\"article\" \/>\n<meta property=\"og:title\" content=\"3 Horses - Foodibev\" \/>\n<meta property=\"og:description\" content=\"Con 400 a\u00f1os de tradici\u00f3n, hoy en d\u00eda, 3 Horses es bien conocido por su bebida de malta sin alcohol (NAM) extremadamente refrescante, que le brinda ese sabor a malta real y distintivo. En formato de 50 cl y 33 cl. 400 years of tradition. Today, 3 Horses is well known for its extremely refreshing&hellip;\" \/>\n<meta property=\"og:url\" content=\"https:\/\/foodibev.com\/en\/3-horses\/\" \/>\n<meta property=\"og:site_name\" content=\"Foodibev\" \/>\n<meta property=\"article:modified_time\" content=\"2024-07-23T07:08:01+00:00\" \/>\n<meta property=\"og:image\" content=\"https:\/\/foodibev.com\/wp-content\/uploads\/2023\/04\/3-horses-gama-completa-2048x1179.jpg\" \/>\n<meta name=\"twitter:card\" content=\"summary_large_image\" \/>\n<meta name=\"twitter:label1\" content=\"Estimated reading time\" \/>\n\t<meta name=\"twitter:data1\" content=\"3 minutes\" \/>\n<script type=\"application\/ld+json\" class=\"yoast-schema-graph\">{\"@context\":\"https:\/\/schema.org\",\"@graph\":[{\"@type\":\"WebPage\",\"@id\":\"https:\/\/foodibev.com\/3-horses\/\",\"url\":\"https:\/\/foodibev.com\/3-horses\/\",\"name\":\"3 Horses - Foodibev\",\"isPartOf\":{\"@id\":\"https:\/\/foodibev.com\/#website\"},\"primaryImageOfPage\":{\"@id\":\"https:\/\/foodibev.com\/3-horses\/#primaryimage\"},\"image\":{\"@id\":\"https:\/\/foodibev.com\/3-horses\/#primaryimage\"},\"thumbnailUrl\":\"https:\/\/foodibev.com\/wp-content\/uploads\/2023\/04\/3-horses-gama-completa-2048x1179.jpg\",\"datePublished\":\"2021-05-12T14:32:31+00:00\",\"dateModified\":\"2024-07-23T07:08:01+00:00\",\"breadcrumb\":{\"@id\":\"https:\/\/foodibev.com\/3-horses\/#breadcrumb\"},\"inLanguage\":\"en-GB\",\"potentialAction\":[{\"@type\":\"ReadAction\",\"target\":[\"https:\/\/foodibev.com\/3-horses\/\"]}]},{\"@type\":\"ImageObject\",\"inLanguage\":\"en-GB\",\"@id\":\"https:\/\/foodibev.com\/3-horses\/#primaryimage\",\"url\":\"https:\/\/foodibev.com\/wp-content\/uploads\/2023\/04\/3-horses-gama-completa-2048x1179.jpg\",\"contentUrl\":\"https:\/\/foodibev.com\/wp-content\/uploads\/2023\/04\/3-horses-gama-completa-2048x1179.jpg\"},{\"@type\":\"BreadcrumbList\",\"@id\":\"https:\/\/foodibev.com\/3-horses\/#breadcrumb\",\"itemListElement\":[{\"@type\":\"ListItem\",\"position\":1,\"name\":\"Portada\",\"item\":\"https:\/\/foodibev.com\/\"},{\"@type\":\"ListItem\",\"position\":2,\"name\":\"3 Horses\"}]},{\"@type\":\"WebSite\",\"@id\":\"https:\/\/foodibev.com\/#website\",\"url\":\"https:\/\/foodibev.com\/\",\"name\":\"Foodibev\",\"description\":\"Otro sitio realizado con WordPress\",\"publisher\":{\"@id\":\"https:\/\/foodibev.com\/#organization\"},\"potentialAction\":[{\"@type\":\"SearchAction\",\"target\":{\"@type\":\"EntryPoint\",\"urlTemplate\":\"https:\/\/foodibev.com\/?s={search_term_string}\"},\"query-input\":{\"@type\":\"PropertyValueSpecification\",\"valueRequired\":true,\"valueName\":\"search_term_string\"}}],\"inLanguage\":\"en-GB\"},{\"@type\":\"Organization\",\"@id\":\"https:\/\/foodibev.com\/#organization\",\"name\":\"Foodibev\",\"url\":\"https:\/\/foodibev.com\/\",\"logo\":{\"@type\":\"ImageObject\",\"inLanguage\":\"en-GB\",\"@id\":\"https:\/\/foodibev.com\/#\/schema\/logo\/image\/\",\"url\":\"https:\/\/foodibev.com\/wp-content\/uploads\/2021\/04\/Logotipo-Foodibev-2018-scaled.jpg\",\"contentUrl\":\"https:\/\/foodibev.com\/wp-content\/uploads\/2021\/04\/Logotipo-Foodibev-2018-scaled.jpg\",\"width\":2560,\"height\":669,\"caption\":\"Foodibev\"},\"image\":{\"@id\":\"https:\/\/foodibev.com\/#\/schema\/logo\/image\/\"}}]}<\/script>\n<!-- \/ Yoast SEO plugin. -->","yoast_head_json":{"title":"3 Horses - Foodibev","robots":{"index":"index","follow":"follow","max-snippet":"max-snippet:-1","max-image-preview":"max-image-preview:large","max-video-preview":"max-video-preview:-1"},"canonical":"https:\/\/foodibev.com\/en\/3-horses\/","og_locale":"en_GB","og_type":"article","og_title":"3 Horses - Foodibev","og_description":"Con 400 a\u00f1os de tradici\u00f3n, hoy en d\u00eda, 3 Horses es bien conocido por su bebida de malta sin alcohol (NAM) extremadamente refrescante, que le brinda ese sabor a malta real y distintivo. En formato de 50 cl y 33 cl. 400 years of tradition. Today, 3 Horses is well known for its extremely refreshing&hellip;","og_url":"https:\/\/foodibev.com\/en\/3-horses\/","og_site_name":"Foodibev","article_modified_time":"2024-07-23T07:08:01+00:00","og_image":[{"url":"https:\/\/foodibev.com\/wp-content\/uploads\/2023\/04\/3-horses-gama-completa-2048x1179.jpg","type":"","width":"","height":""}],"twitter_card":"summary_large_image","twitter_misc":{"Estimated reading time":"3 minutes"},"schema":{"@context":"https:\/\/schema.org","@graph":[{"@type":"WebPage","@id":"https:\/\/foodibev.com\/3-horses\/","url":"https:\/\/foodibev.com\/3-horses\/","name":"3 Horses - Foodibev","isPartOf":{"@id":"https:\/\/foodibev.com\/#website"},"primaryImageOfPage":{"@id":"https:\/\/foodibev.com\/3-horses\/#primaryimage"},"image":{"@id":"https:\/\/foodibev.com\/3-horses\/#primaryimage"},"thumbnailUrl":"https:\/\/foodibev.com\/wp-content\/uploads\/2023\/04\/3-horses-gama-completa-2048x1179.jpg","datePublished":"2021-05-12T14:32:31+00:00","dateModified":"2024-07-23T07:08:01+00:00","breadcrumb":{"@id":"https:\/\/foodibev.com\/3-horses\/#breadcrumb"},"inLanguage":"en-GB","potentialAction":[{"@type":"ReadAction","target":["https:\/\/foodibev.com\/3-horses\/"]}]},{"@type":"ImageObject","inLanguage":"en-GB","@id":"https:\/\/foodibev.com\/3-horses\/#primaryimage","url":"https:\/\/foodibev.com\/wp-content\/uploads\/2023\/04\/3-horses-gama-completa-2048x1179.jpg","contentUrl":"https:\/\/foodibev.com\/wp-content\/uploads\/2023\/04\/3-horses-gama-completa-2048x1179.jpg"},{"@type":"BreadcrumbList","@id":"https:\/\/foodibev.com\/3-horses\/#breadcrumb","itemListElement":[{"@type":"ListItem","position":1,"name":"Portada","item":"https:\/\/foodibev.com\/"},{"@type":"ListItem","position":2,"name":"3 Horses"}]},{"@type":"WebSite","@id":"https:\/\/foodibev.com\/#website","url":"https:\/\/foodibev.com\/","name":"Foodibev","description":"Otro sitio realizado con WordPress","publisher":{"@id":"https:\/\/foodibev.com\/#organization"},"potentialAction":[{"@type":"SearchAction","target":{"@type":"EntryPoint","urlTemplate":"https:\/\/foodibev.com\/?s={search_term_string}"},"query-input":{"@type":"PropertyValueSpecification","valueRequired":true,"valueName":"search_term_string"}}],"inLanguage":"en-GB"},{"@type":"Organization","@id":"https:\/\/foodibev.com\/#organization","name":"Foodibev","url":"https:\/\/foodibev.com\/","logo":{"@type":"ImageObject","inLanguage":"en-GB","@id":"https:\/\/foodibev.com\/#\/schema\/logo\/image\/","url":"https:\/\/foodibev.com\/wp-content\/uploads\/2021\/04\/Logotipo-Foodibev-2018-scaled.jpg","contentUrl":"https:\/\/foodibev.com\/wp-content\/uploads\/2021\/04\/Logotipo-Foodibev-2018-scaled.jpg","width":2560,"height":669,"caption":"Foodibev"},"image":{"@id":"https:\/\/foodibev.com\/#\/schema\/logo\/image\/"}}]}},"_links":{"self":[{"href":"https:\/\/foodibev.com\/en\/wp-json\/wp\/v2\/pages\/5924","targetHints":{"allow":["GET"]}}],"collection":[{"href":"https:\/\/foodibev.com\/en\/wp-json\/wp\/v2\/pages"}],"about":[{"href":"https:\/\/foodibev.com\/en\/wp-json\/wp\/v2\/types\/page"}],"author":[{"embeddable":true,"href":"https:\/\/foodibev.com\/en\/wp-json\/wp\/v2\/users\/1"}],"replies":[{"embeddable":true,"href":"https:\/\/foodibev.com\/en\/wp-json\/wp\/v2\/comments?post=5924"}],"version-history":[{"count":78,"href":"https:\/\/foodibev.com\/en\/wp-json\/wp\/v2\/pages\/5924\/revisions"}],"predecessor-version":[{"id":9202,"href":"https:\/\/foodibev.com\/en\/wp-json\/wp\/v2\/pages\/5924\/revisions\/9202"}],"wp:attachment":[{"href":"https:\/\/foodibev.com\/en\/wp-json\/wp\/v2\/media?parent=5924"}],"curies":[{"name":"wp","href":"https:\/\/api.w.org\/{rel}","templated":true}]}}