{"id":5916,"date":"2021-05-12T14:02:33","date_gmt":"2021-05-12T14:02:33","guid":{"rendered":"https:\/\/foodibev.com\/?page_id=5916"},"modified":"2025-07-04T13:32:00","modified_gmt":"2025-07-04T13:32:00","slug":"magic-malt","status":"publish","type":"page","link":"https:\/\/foodibev.com\/en\/magic-malt\/","title":{"rendered":"Magic Malt"},"content":{"rendered":"\t\t<div data-elementor-type=\"wp-page\" data-elementor-id=\"5916\" class=\"elementor elementor-5916\">\n\t\t\t\t\t\t<section class=\"elementor-section elementor-top-section elementor-element elementor-element-40580cc elementor-section-full_width elementor-section-stretched elementor-hidden-desktop elementor-hidden-tablet elementor-section-height-default elementor-section-height-default\" data-id=\"40580cc\" data-element_type=\"section\" data-e-type=\"section\" data-settings=\"{&quot;stretch_section&quot;:&quot;section-stretched&quot;,&quot;background_background&quot;:&quot;classic&quot;}\">\n\t\t\t\t\t\t<div class=\"elementor-container elementor-column-gap-default\">\n\t\t\t\t\t<div class=\"elementor-column elementor-col-100 elementor-top-column elementor-element elementor-element-b49e3fe\" data-id=\"b49e3fe\" data-element_type=\"column\" data-e-type=\"column\">\n\t\t\t<div class=\"elementor-widget-wrap elementor-element-populated\">\n\t\t\t\t\t\t<div class=\"elementor-element elementor-element-0a8744d elementor-widget elementor-widget-image\" data-id=\"0a8744d\" data-element_type=\"widget\" data-e-type=\"widget\" data-widget_type=\"image.default\">\n\t\t\t\t<div class=\"elementor-widget-container\">\n\t\t\t\t\t\t\t\t\t\t\t\t\t\t\t<img fetchpriority=\"high\" decoding=\"async\" width=\"2560\" height=\"1473\" src=\"https:\/\/foodibev.com\/wp-content\/uploads\/2021\/04\/Magic-Malt-1-y-2-scaled.jpg\" class=\"attachment-full size-full wp-image-5635\" alt=\"\" srcset=\"https:\/\/foodibev.com\/wp-content\/uploads\/2021\/04\/Magic-Malt-1-y-2-scaled.jpg 2560w, https:\/\/foodibev.com\/wp-content\/uploads\/2021\/04\/Magic-Malt-1-y-2-scaled-600x345.jpg 600w, https:\/\/foodibev.com\/wp-content\/uploads\/2021\/04\/Magic-Malt-1-y-2-300x173.jpg 300w, https:\/\/foodibev.com\/wp-content\/uploads\/2021\/04\/Magic-Malt-1-y-2-1024x589.jpg 1024w, https:\/\/foodibev.com\/wp-content\/uploads\/2021\/04\/Magic-Malt-1-y-2-768x442.jpg 768w, https:\/\/foodibev.com\/wp-content\/uploads\/2021\/04\/Magic-Malt-1-y-2-1536x884.jpg 1536w, https:\/\/foodibev.com\/wp-content\/uploads\/2021\/04\/Magic-Malt-1-y-2-2048x1179.jpg 2048w\" sizes=\"(max-width: 2560px) 100vw, 2560px\" \/>\t\t\t\t\t\t\t\t\t\t\t\t\t\t\t<\/div>\n\t\t\t\t<\/div>\n\t\t\t\t\t<\/div>\n\t\t<\/div>\n\t\t\t\t\t<\/div>\n\t\t<\/section>\n\t\t\t\t<section class=\"elementor-section elementor-top-section elementor-element elementor-element-e7d9216 elementor-hidden-desktop elementor-hidden-tablet elementor-section-boxed elementor-section-height-default elementor-section-height-default\" data-id=\"e7d9216\" data-element_type=\"section\" data-e-type=\"section\" data-settings=\"{&quot;background_background&quot;:&quot;classic&quot;}\">\n\t\t\t\t\t\t<div class=\"elementor-container elementor-column-gap-default\">\n\t\t\t\t\t<div class=\"elementor-column elementor-col-100 elementor-top-column elementor-element elementor-element-4641308\" data-id=\"4641308\" data-element_type=\"column\" data-e-type=\"column\">\n\t\t\t<div class=\"elementor-widget-wrap elementor-element-populated\">\n\t\t\t\t\t\t<div class=\"elementor-element elementor-element-3cf078d elementor-widget elementor-widget-text-editor\" data-id=\"3cf078d\" data-element_type=\"widget\" data-e-type=\"widget\" data-no-translation=\"\" data-widget_type=\"text-editor.default\">\n\t\t\t\t<div class=\"elementor-widget-container\">\n\t\t\t\t\t<style>.elementor-element-3cf078d{display:none !important}<\/style>\t\t\t\t<\/div>\n\t\t\t\t<\/div>\n\t\t\t\t<div class=\"elementor-element elementor-element-4afbcd4 elementor-widget elementor-widget-text-editor\" data-id=\"4afbcd4\" data-element_type=\"widget\" data-e-type=\"widget\" data-no-translation=\"\" data-widget_type=\"text-editor.default\">\n\t\t\t\t<div class=\"elementor-widget-container\">\n\t\t\t\t\t\t\t\t\t<p>Meet our magic malt! Cool like soft drinks, healthy like fruit juices and stimulating like energy drinks.<\/p>\t\t\t\t\t\t\t\t<\/div>\n\t\t\t\t<\/div>\n\t\t\t\t<div class=\"elementor-element elementor-element-dae1e21 elementor-widget elementor-widget-text-editor\" data-id=\"dae1e21\" data-element_type=\"widget\" data-e-type=\"widget\" data-no-translation=\"\" data-widget_type=\"text-editor.default\">\n\t\t\t\t<div class=\"elementor-widget-container\">\n\t\t\t\t\t<style>.elementor-element-dae1e21{display:none !important}<\/style>\t\t\t\t<\/div>\n\t\t\t\t<\/div>\n\t\t\t\t\t<\/div>\n\t\t<\/div>\n\t\t\t\t\t<\/div>\n\t\t<\/section>\n\t\t\t\t<section class=\"elementor-section elementor-top-section elementor-element elementor-element-9bbef94 elementor-section-full_width elementor-hidden-phone elementor-section-height-default elementor-section-height-default\" data-id=\"9bbef94\" data-element_type=\"section\" data-e-type=\"section\" data-settings=\"{&quot;background_background&quot;:&quot;slideshow&quot;,&quot;background_slideshow_gallery&quot;:[{&quot;id&quot;:6806,&quot;url&quot;:&quot;https:\\\/\\\/foodibev.com\\\/wp-content\\\/uploads\\\/2021\\\/06\\\/izq-2-scaled.jpg&quot;}],&quot;background_slideshow_loop&quot;:&quot;yes&quot;,&quot;background_slideshow_slide_duration&quot;:5000,&quot;background_slideshow_slide_transition&quot;:&quot;fade&quot;,&quot;background_slideshow_transition_duration&quot;:500}\">\n\t\t\t\t\t\t<div class=\"elementor-container elementor-column-gap-default\">\n\t\t\t\t\t<div class=\"elementor-column elementor-col-66 elementor-top-column elementor-element elementor-element-f617ccf\" data-id=\"f617ccf\" data-element_type=\"column\" data-e-type=\"column\">\n\t\t\t<div class=\"elementor-widget-wrap elementor-element-populated\">\n\t\t\t\t\t\t<div class=\"elementor-element elementor-element-7f55f82 elementor-widget elementor-widget-image\" data-id=\"7f55f82\" data-element_type=\"widget\" data-e-type=\"widget\" data-widget_type=\"image.default\">\n\t\t\t\t<div class=\"elementor-widget-container\">\n\t\t\t\t\t\t\t\t\t\t\t\t\t\t\t<img decoding=\"async\" width=\"1024\" height=\"866\" src=\"https:\/\/foodibev.com\/wp-content\/uploads\/2021\/06\/magicmalt-gama-1024x866.png\" class=\"attachment-large size-large wp-image-6845\" alt=\"\" srcset=\"https:\/\/foodibev.com\/wp-content\/uploads\/2021\/06\/magicmalt-gama-1024x866.png 1024w, https:\/\/foodibev.com\/wp-content\/uploads\/2021\/06\/magicmalt-gama-600x507.png 600w, https:\/\/foodibev.com\/wp-content\/uploads\/2021\/06\/magicmalt-gama-300x254.png 300w, https:\/\/foodibev.com\/wp-content\/uploads\/2021\/06\/magicmalt-gama-768x649.png 768w, https:\/\/foodibev.com\/wp-content\/uploads\/2021\/06\/magicmalt-gama-14x12.png 14w, https:\/\/foodibev.com\/wp-content\/uploads\/2021\/06\/magicmalt-gama.png 1080w\" sizes=\"(max-width: 1024px) 100vw, 1024px\" \/>\t\t\t\t\t\t\t\t\t\t\t\t\t\t\t<\/div>\n\t\t\t\t<\/div>\n\t\t\t\t\t<\/div>\n\t\t<\/div>\n\t\t\t\t<div class=\"elementor-column elementor-col-33 elementor-top-column elementor-element elementor-element-2b36814\" data-id=\"2b36814\" data-element_type=\"column\" data-e-type=\"column\">\n\t\t\t<div class=\"elementor-widget-wrap elementor-element-populated\">\n\t\t\t\t\t\t<div class=\"elementor-element elementor-element-88071fb elementor-hidden-tablet elementor-hidden-phone elementor-widget elementor-widget-image\" data-id=\"88071fb\" data-element_type=\"widget\" data-e-type=\"widget\" data-widget_type=\"image.default\">\n\t\t\t\t<div class=\"elementor-widget-container\">\n\t\t\t\t\t\t\t\t\t\t\t\t\t\t\t<img decoding=\"async\" width=\"300\" height=\"156\" src=\"https:\/\/foodibev.com\/wp-content\/uploads\/2021\/06\/magicmalt-logo-300x156.png\" class=\"attachment-medium size-medium wp-image-6839\" alt=\"\" srcset=\"https:\/\/foodibev.com\/wp-content\/uploads\/2021\/06\/magicmalt-logo-300x156.png 300w, https:\/\/foodibev.com\/wp-content\/uploads\/2021\/06\/magicmalt-logo-600x312.png 600w, https:\/\/foodibev.com\/wp-content\/uploads\/2021\/06\/magicmalt-logo-1024x533.png 1024w, https:\/\/foodibev.com\/wp-content\/uploads\/2021\/06\/magicmalt-logo-768x400.png 768w, https:\/\/foodibev.com\/wp-content\/uploads\/2021\/06\/magicmalt-logo-16x8.png 16w, https:\/\/foodibev.com\/wp-content\/uploads\/2021\/06\/magicmalt-logo.png 1494w\" sizes=\"(max-width: 300px) 100vw, 300px\" \/>\t\t\t\t\t\t\t\t\t\t\t\t\t\t\t<\/div>\n\t\t\t\t<\/div>\n\t\t\t\t<div class=\"elementor-element elementor-element-6e8f250 elementor-hidden-desktop elementor-hidden-phone elementor-widget elementor-widget-image\" data-id=\"6e8f250\" data-element_type=\"widget\" data-e-type=\"widget\" data-widget_type=\"image.default\">\n\t\t\t\t<div class=\"elementor-widget-container\">\n\t\t\t\t\t\t\t\t\t\t\t\t\t\t\t<img decoding=\"async\" src=\"https:\/\/foodibev.com\/wp-content\/uploads\/elementor\/thumbs\/magicmalt-logo-p8gb0pdvucczr1zxurhr6xs1br59oddqjalmx7l9d4.png\" title=\"magicmalt-logo\" alt=\"magicmalt-logo\" loading=\"lazy\" \/>\t\t\t\t\t\t\t\t\t\t\t\t\t\t\t<\/div>\n\t\t\t\t<\/div>\n\t\t\t\t<div class=\"elementor-element elementor-element-76d666d elementor-hidden-phone elementor-hidden-tablet elementor-widget elementor-widget-text-editor\" data-id=\"76d666d\" data-element_type=\"widget\" data-e-type=\"widget\" data-no-translation=\"\" data-widget_type=\"text-editor.default\">\n\t\t\t\t<div class=\"elementor-widget-container\">\n\t\t\t\t\t\t\t\t\t<p style=\"text-align: left;\">Meet our magic malt! Cool like soft drinks, healthy like fruit juices and stimulating like energy drinks.<\/p>\t\t\t\t\t\t\t\t<\/div>\n\t\t\t\t<\/div>\n\t\t\t\t<div class=\"elementor-element elementor-element-8f85ae0 elementor-hidden-phone elementor-hidden-desktop elementor-widget elementor-widget-text-editor\" data-id=\"8f85ae0\" data-element_type=\"widget\" data-e-type=\"widget\" data-no-translation=\"\" data-widget_type=\"text-editor.default\">\n\t\t\t\t<div class=\"elementor-widget-container\">\n\t\t\t\t\t\t\t\t\t<p>Meet our magic malt! Cool like soft drinks, healthy like fruit juices and stimulating like energy drinks.<\/p>\t\t\t\t\t\t\t\t<\/div>\n\t\t\t\t<\/div>\n\t\t\t\t<div class=\"elementor-element elementor-element-a501179 elementor-hidden-phone elementor-hidden-tablet elementor-widget elementor-widget-text-editor\" data-id=\"a501179\" data-element_type=\"widget\" data-e-type=\"widget\" data-no-translation=\"\" data-widget_type=\"text-editor.default\">\n\t\t\t\t<div class=\"elementor-widget-container\">\n\t\t\t\t\t<style>.elementor-element-a501179{display:none !important}<\/style>\t\t\t\t<\/div>\n\t\t\t\t<\/div>\n\t\t\t\t<div class=\"elementor-element elementor-element-87e3bbb elementor-hidden-phone elementor-hidden-desktop elementor-widget elementor-widget-text-editor\" data-id=\"87e3bbb\" data-element_type=\"widget\" data-e-type=\"widget\" data-no-translation=\"\" data-widget_type=\"text-editor.default\">\n\t\t\t\t<div class=\"elementor-widget-container\">\n\t\t\t\t\t<style>.elementor-element-87e3bbb{display:none !important}<\/style>\t\t\t\t<\/div>\n\t\t\t\t<\/div>\n\t\t\t\t<div class=\"elementor-element elementor-element-548e7be elementor-hidden-phone elementor-hidden-tablet elementor-widget elementor-widget-text-editor\" data-id=\"548e7be\" data-element_type=\"widget\" data-e-type=\"widget\" data-no-translation=\"\" data-widget_type=\"text-editor.default\">\n\t\t\t\t<div class=\"elementor-widget-container\">\n\t\t\t\t\t<style>.elementor-element-548e7be{display:none !important}<\/style>\t\t\t\t<\/div>\n\t\t\t\t<\/div>\n\t\t\t\t<div class=\"elementor-element elementor-element-06631df elementor-hidden-phone elementor-hidden-desktop elementor-widget elementor-widget-text-editor\" data-id=\"06631df\" data-element_type=\"widget\" data-e-type=\"widget\" data-no-translation=\"\" data-widget_type=\"text-editor.default\">\n\t\t\t\t<div class=\"elementor-widget-container\">\n\t\t\t\t\t<style>.elementor-element-06631df{display:none !important}<\/style>\t\t\t\t<\/div>\n\t\t\t\t<\/div>\n\t\t\t\t\t<\/div>\n\t\t<\/div>\n\t\t\t\t\t<\/div>\n\t\t<\/section>\n\t\t\t\t<\/div>\n\t\t","protected":false},"excerpt":{"rendered":"<p>\u00a1Conoce nuestras malta m\u00e1gica! Fresca como los refrescos, saludable como los zumos de frutas y estimulante como las bebidas energ\u00e9ticas. Meet our magic malt! Cool like soft drinks, healthy like fruit juices and stimulating like energy drinks. D\u00e9couvrez notre malt magique ! Frais comme les boissons gazeuses, sain comme les jus de fruits et stimulant&hellip;<\/p>","protected":false},"author":1,"featured_media":0,"parent":0,"menu_order":0,"comment_status":"closed","ping_status":"closed","template":"elementor_header_footer","meta":{"footnotes":""},"class_list":["post-5916","page","type-page","status-publish","hentry"],"yoast_head":"<!-- This site is optimized with the Yoast SEO plugin v26.9 - https:\/\/yoast.com\/product\/yoast-seo-wordpress\/ -->\n<title>Magic Malt - Foodibev<\/title>\n<meta name=\"robots\" content=\"index, follow, max-snippet:-1, max-image-preview:large, max-video-preview:-1\" \/>\n<link rel=\"canonical\" href=\"https:\/\/foodibev.com\/en\/magic-malt\/\" \/>\n<meta property=\"og:locale\" content=\"en_GB\" \/>\n<meta property=\"og:type\" content=\"article\" \/>\n<meta property=\"og:title\" content=\"Magic Malt - Foodibev\" \/>\n<meta property=\"og:description\" content=\"\u00a1Conoce nuestras malta m\u00e1gica! Fresca como los refrescos, saludable como los zumos de frutas y estimulante como las bebidas energ\u00e9ticas. Meet our magic malt! Cool like soft drinks, healthy like fruit juices and stimulating like energy drinks. D\u00e9couvrez notre malt magique ! Frais comme les boissons gazeuses, sain comme les jus de fruits et stimulant&hellip;\" \/>\n<meta property=\"og:url\" content=\"https:\/\/foodibev.com\/en\/magic-malt\/\" \/>\n<meta property=\"og:site_name\" content=\"Foodibev\" \/>\n<meta property=\"article:modified_time\" content=\"2025-07-04T13:32:00+00:00\" \/>\n<meta property=\"og:image\" content=\"https:\/\/foodibev.com\/wp-content\/uploads\/2021\/04\/Magic-Malt-1-y-2-scaled.jpg\" \/>\n\t<meta property=\"og:image:width\" content=\"2560\" \/>\n\t<meta property=\"og:image:height\" content=\"1473\" \/>\n\t<meta property=\"og:image:type\" content=\"image\/jpeg\" \/>\n<meta name=\"twitter:card\" content=\"summary_large_image\" \/>\n<meta name=\"twitter:label1\" content=\"Estimated reading time\" \/>\n\t<meta name=\"twitter:data1\" content=\"2 minutes\" \/>\n<script type=\"application\/ld+json\" class=\"yoast-schema-graph\">{\"@context\":\"https:\/\/schema.org\",\"@graph\":[{\"@type\":\"WebPage\",\"@id\":\"https:\/\/foodibev.com\/magic-malt\/\",\"url\":\"https:\/\/foodibev.com\/magic-malt\/\",\"name\":\"Magic Malt - Foodibev\",\"isPartOf\":{\"@id\":\"https:\/\/foodibev.com\/#website\"},\"primaryImageOfPage\":{\"@id\":\"https:\/\/foodibev.com\/magic-malt\/#primaryimage\"},\"image\":{\"@id\":\"https:\/\/foodibev.com\/magic-malt\/#primaryimage\"},\"thumbnailUrl\":\"https:\/\/foodibev.com\/wp-content\/uploads\/2021\/04\/Magic-Malt-1-y-2-scaled.jpg\",\"datePublished\":\"2021-05-12T14:02:33+00:00\",\"dateModified\":\"2025-07-04T13:32:00+00:00\",\"breadcrumb\":{\"@id\":\"https:\/\/foodibev.com\/magic-malt\/#breadcrumb\"},\"inLanguage\":\"en-GB\",\"potentialAction\":[{\"@type\":\"ReadAction\",\"target\":[\"https:\/\/foodibev.com\/magic-malt\/\"]}]},{\"@type\":\"ImageObject\",\"inLanguage\":\"en-GB\",\"@id\":\"https:\/\/foodibev.com\/magic-malt\/#primaryimage\",\"url\":\"https:\/\/foodibev.com\/wp-content\/uploads\/2021\/04\/Magic-Malt-1-y-2-scaled.jpg\",\"contentUrl\":\"https:\/\/foodibev.com\/wp-content\/uploads\/2021\/04\/Magic-Malt-1-y-2-scaled.jpg\"},{\"@type\":\"BreadcrumbList\",\"@id\":\"https:\/\/foodibev.com\/magic-malt\/#breadcrumb\",\"itemListElement\":[{\"@type\":\"ListItem\",\"position\":1,\"name\":\"Portada\",\"item\":\"https:\/\/foodibev.com\/\"},{\"@type\":\"ListItem\",\"position\":2,\"name\":\"Magic Malt\"}]},{\"@type\":\"WebSite\",\"@id\":\"https:\/\/foodibev.com\/#website\",\"url\":\"https:\/\/foodibev.com\/\",\"name\":\"Foodibev\",\"description\":\"Otro sitio realizado con WordPress\",\"publisher\":{\"@id\":\"https:\/\/foodibev.com\/#organization\"},\"potentialAction\":[{\"@type\":\"SearchAction\",\"target\":{\"@type\":\"EntryPoint\",\"urlTemplate\":\"https:\/\/foodibev.com\/?s={search_term_string}\"},\"query-input\":{\"@type\":\"PropertyValueSpecification\",\"valueRequired\":true,\"valueName\":\"search_term_string\"}}],\"inLanguage\":\"en-GB\"},{\"@type\":\"Organization\",\"@id\":\"https:\/\/foodibev.com\/#organization\",\"name\":\"Foodibev\",\"url\":\"https:\/\/foodibev.com\/\",\"logo\":{\"@type\":\"ImageObject\",\"inLanguage\":\"en-GB\",\"@id\":\"https:\/\/foodibev.com\/#\/schema\/logo\/image\/\",\"url\":\"https:\/\/foodibev.com\/wp-content\/uploads\/2021\/04\/Logotipo-Foodibev-2018-scaled.jpg\",\"contentUrl\":\"https:\/\/foodibev.com\/wp-content\/uploads\/2021\/04\/Logotipo-Foodibev-2018-scaled.jpg\",\"width\":2560,\"height\":669,\"caption\":\"Foodibev\"},\"image\":{\"@id\":\"https:\/\/foodibev.com\/#\/schema\/logo\/image\/\"}}]}<\/script>\n<!-- \/ Yoast SEO plugin. -->","yoast_head_json":{"title":"Magic Malt - Foodibev","robots":{"index":"index","follow":"follow","max-snippet":"max-snippet:-1","max-image-preview":"max-image-preview:large","max-video-preview":"max-video-preview:-1"},"canonical":"https:\/\/foodibev.com\/en\/magic-malt\/","og_locale":"en_GB","og_type":"article","og_title":"Magic Malt - Foodibev","og_description":"\u00a1Conoce nuestras malta m\u00e1gica! Fresca como los refrescos, saludable como los zumos de frutas y estimulante como las bebidas energ\u00e9ticas. Meet our magic malt! Cool like soft drinks, healthy like fruit juices and stimulating like energy drinks. D\u00e9couvrez notre malt magique ! Frais comme les boissons gazeuses, sain comme les jus de fruits et stimulant&hellip;","og_url":"https:\/\/foodibev.com\/en\/magic-malt\/","og_site_name":"Foodibev","article_modified_time":"2025-07-04T13:32:00+00:00","og_image":[{"width":2560,"height":1473,"url":"https:\/\/foodibev.com\/wp-content\/uploads\/2021\/04\/Magic-Malt-1-y-2-scaled.jpg","type":"image\/jpeg"}],"twitter_card":"summary_large_image","twitter_misc":{"Estimated reading time":"2 minutes"},"schema":{"@context":"https:\/\/schema.org","@graph":[{"@type":"WebPage","@id":"https:\/\/foodibev.com\/magic-malt\/","url":"https:\/\/foodibev.com\/magic-malt\/","name":"Magic Malt - Foodibev","isPartOf":{"@id":"https:\/\/foodibev.com\/#website"},"primaryImageOfPage":{"@id":"https:\/\/foodibev.com\/magic-malt\/#primaryimage"},"image":{"@id":"https:\/\/foodibev.com\/magic-malt\/#primaryimage"},"thumbnailUrl":"https:\/\/foodibev.com\/wp-content\/uploads\/2021\/04\/Magic-Malt-1-y-2-scaled.jpg","datePublished":"2021-05-12T14:02:33+00:00","dateModified":"2025-07-04T13:32:00+00:00","breadcrumb":{"@id":"https:\/\/foodibev.com\/magic-malt\/#breadcrumb"},"inLanguage":"en-GB","potentialAction":[{"@type":"ReadAction","target":["https:\/\/foodibev.com\/magic-malt\/"]}]},{"@type":"ImageObject","inLanguage":"en-GB","@id":"https:\/\/foodibev.com\/magic-malt\/#primaryimage","url":"https:\/\/foodibev.com\/wp-content\/uploads\/2021\/04\/Magic-Malt-1-y-2-scaled.jpg","contentUrl":"https:\/\/foodibev.com\/wp-content\/uploads\/2021\/04\/Magic-Malt-1-y-2-scaled.jpg"},{"@type":"BreadcrumbList","@id":"https:\/\/foodibev.com\/magic-malt\/#breadcrumb","itemListElement":[{"@type":"ListItem","position":1,"name":"Portada","item":"https:\/\/foodibev.com\/"},{"@type":"ListItem","position":2,"name":"Magic Malt"}]},{"@type":"WebSite","@id":"https:\/\/foodibev.com\/#website","url":"https:\/\/foodibev.com\/","name":"Foodibev","description":"Otro sitio realizado con WordPress","publisher":{"@id":"https:\/\/foodibev.com\/#organization"},"potentialAction":[{"@type":"SearchAction","target":{"@type":"EntryPoint","urlTemplate":"https:\/\/foodibev.com\/?s={search_term_string}"},"query-input":{"@type":"PropertyValueSpecification","valueRequired":true,"valueName":"search_term_string"}}],"inLanguage":"en-GB"},{"@type":"Organization","@id":"https:\/\/foodibev.com\/#organization","name":"Foodibev","url":"https:\/\/foodibev.com\/","logo":{"@type":"ImageObject","inLanguage":"en-GB","@id":"https:\/\/foodibev.com\/#\/schema\/logo\/image\/","url":"https:\/\/foodibev.com\/wp-content\/uploads\/2021\/04\/Logotipo-Foodibev-2018-scaled.jpg","contentUrl":"https:\/\/foodibev.com\/wp-content\/uploads\/2021\/04\/Logotipo-Foodibev-2018-scaled.jpg","width":2560,"height":669,"caption":"Foodibev"},"image":{"@id":"https:\/\/foodibev.com\/#\/schema\/logo\/image\/"}}]}},"_links":{"self":[{"href":"https:\/\/foodibev.com\/en\/wp-json\/wp\/v2\/pages\/5916","targetHints":{"allow":["GET"]}}],"collection":[{"href":"https:\/\/foodibev.com\/en\/wp-json\/wp\/v2\/pages"}],"about":[{"href":"https:\/\/foodibev.com\/en\/wp-json\/wp\/v2\/types\/page"}],"author":[{"embeddable":true,"href":"https:\/\/foodibev.com\/en\/wp-json\/wp\/v2\/users\/1"}],"replies":[{"embeddable":true,"href":"https:\/\/foodibev.com\/en\/wp-json\/wp\/v2\/comments?post=5916"}],"version-history":[{"count":33,"href":"https:\/\/foodibev.com\/en\/wp-json\/wp\/v2\/pages\/5916\/revisions"}],"predecessor-version":[{"id":10315,"href":"https:\/\/foodibev.com\/en\/wp-json\/wp\/v2\/pages\/5916\/revisions\/10315"}],"wp:attachment":[{"href":"https:\/\/foodibev.com\/en\/wp-json\/wp\/v2\/media?parent=5916"}],"curies":[{"name":"wp","href":"https:\/\/api.w.org\/{rel}","templated":true}]}}