{"id":5873,"date":"2021-05-12T13:25:53","date_gmt":"2021-05-12T13:25:53","guid":{"rendered":"https:\/\/foodibev.com\/?page_id=5873"},"modified":"2025-09-29T13:33:50","modified_gmt":"2025-09-29T13:33:50","slug":"exo-mix","status":"publish","type":"page","link":"https:\/\/foodibev.com\/en\/exo-mix\/","title":{"rendered":"EXO mix"},"content":{"rendered":"\t\t<div data-elementor-type=\"wp-page\" data-elementor-id=\"5873\" class=\"elementor elementor-5873\">\n\t\t\t\t\t\t<section class=\"elementor-section elementor-top-section elementor-element elementor-element-40580cc elementor-section-full_width elementor-section-stretched elementor-hidden-desktop elementor-hidden-tablet elementor-section-height-default elementor-section-height-default\" data-id=\"40580cc\" data-element_type=\"section\" data-e-type=\"section\" data-settings=\"{&quot;stretch_section&quot;:&quot;section-stretched&quot;,&quot;background_background&quot;:&quot;classic&quot;}\">\n\t\t\t\t\t\t<div class=\"elementor-container elementor-column-gap-default\">\n\t\t\t\t\t<div class=\"elementor-column elementor-col-100 elementor-top-column elementor-element elementor-element-b49e3fe\" data-id=\"b49e3fe\" data-element_type=\"column\" data-e-type=\"column\">\n\t\t\t<div class=\"elementor-widget-wrap elementor-element-populated\">\n\t\t\t\t\t\t<div class=\"elementor-element elementor-element-0a8744d elementor-widget elementor-widget-image\" data-id=\"0a8744d\" data-element_type=\"widget\" data-e-type=\"widget\" data-widget_type=\"image.default\">\n\t\t\t\t<div class=\"elementor-widget-container\">\n\t\t\t\t\t\t\t\t\t\t\t\t\t\t\t\t<a href=\"https:\/\/exomixdrink.com\/\">\n\t\t\t\t\t\t\t<img fetchpriority=\"high\" decoding=\"async\" width=\"2390\" height=\"1206\" src=\"https:\/\/foodibev.com\/wp-content\/uploads\/2025\/09\/Exo-Movil.webp\" class=\"attachment-full size-full wp-image-10461\" alt=\"\" srcset=\"https:\/\/foodibev.com\/wp-content\/uploads\/2025\/09\/Exo-Movil.webp 2390w, https:\/\/foodibev.com\/wp-content\/uploads\/2025\/09\/Exo-Movil-300x151.webp 300w, https:\/\/foodibev.com\/wp-content\/uploads\/2025\/09\/Exo-Movil-1024x517.webp 1024w, https:\/\/foodibev.com\/wp-content\/uploads\/2025\/09\/Exo-Movil-768x388.webp 768w, https:\/\/foodibev.com\/wp-content\/uploads\/2025\/09\/Exo-Movil-1536x775.webp 1536w, https:\/\/foodibev.com\/wp-content\/uploads\/2025\/09\/Exo-Movil-2048x1033.webp 2048w, https:\/\/foodibev.com\/wp-content\/uploads\/2025\/09\/Exo-Movil-18x9.webp 18w\" sizes=\"(max-width: 2390px) 100vw, 2390px\" \/>\t\t\t\t\t\t\t\t<\/a>\n\t\t\t\t\t\t\t\t\t\t\t\t\t\t\t<\/div>\n\t\t\t\t<\/div>\n\t\t\t\t\t<\/div>\n\t\t<\/div>\n\t\t\t\t\t<\/div>\n\t\t<\/section>\n\t\t\t\t<section class=\"elementor-section elementor-top-section elementor-element elementor-element-89ba3f3 elementor-hidden-desktop elementor-hidden-tablet elementor-section-boxed elementor-section-height-default elementor-section-height-default\" data-id=\"89ba3f3\" data-element_type=\"section\" data-e-type=\"section\" data-settings=\"{&quot;background_background&quot;:&quot;classic&quot;}\">\n\t\t\t\t\t\t<div class=\"elementor-container elementor-column-gap-default\">\n\t\t\t\t\t<div class=\"elementor-column elementor-col-100 elementor-top-column elementor-element elementor-element-ed902f5\" data-id=\"ed902f5\" data-element_type=\"column\" data-e-type=\"column\">\n\t\t\t<div class=\"elementor-widget-wrap elementor-element-populated\">\n\t\t\t\t\t\t<div class=\"elementor-element elementor-element-ad9a80c elementor-widget elementor-widget-text-editor\" data-id=\"ad9a80c\" data-element_type=\"widget\" data-e-type=\"widget\" data-no-translation=\"\" data-widget_type=\"text-editor.default\">\n\t\t\t\t<div class=\"elementor-widget-container\">\n\t\t\t\t\t<style>.elementor-element-ad9a80c{display:none !important}<\/style>\t\t\t\t<\/div>\n\t\t\t\t<\/div>\n\t\t\t\t<div class=\"elementor-element elementor-element-e12a197 elementor-widget elementor-widget-text-editor\" data-id=\"e12a197\" data-element_type=\"widget\" data-e-type=\"widget\" data-no-translation=\"\" data-widget_type=\"text-editor.default\">\n\t\t\t\t<div class=\"elementor-widget-container\">\n\t\t\t\t\t\t\t\t\t<p style=\"text-align: left;\"><span style=\"color: #808080;\">Exo mix is the combination of real vodka with your favourite flavour: energy drink and orange.<\/span><\/p><p style=\"text-align: left;\"><span style=\"color: #808080;\">Both flavours are available in 25 cl format<\/span><\/p><p style=\"text-align: left;\"><span style=\"color: #808080; word-spacing: normal;\">Exo Orange Mix\u00a0 is 18 % vol. and Exo Energy Mix is available in 22, 18, 12.5 and 5.9 % vol.<\/span><\/p><p style=\"text-align: left;\"><span style=\"color: #808080;\">What are you waiting for?<\/span><\/p><p style=\"text-align: left;\"><span style=\"color: #808080;\">If you want to know more, visit <a href=\"http:\/\/www.exomixdrink.com\">www.exomixdrink.com<\/a><\/span><\/p><p style=\"text-align: left;\">\u00a0<\/p>\t\t\t\t\t\t\t\t<\/div>\n\t\t\t\t<\/div>\n\t\t\t\t<div class=\"elementor-element elementor-element-b93b70f elementor-widget elementor-widget-text-editor\" data-id=\"b93b70f\" data-element_type=\"widget\" data-e-type=\"widget\" data-no-translation=\"\" data-widget_type=\"text-editor.default\">\n\t\t\t\t<div class=\"elementor-widget-container\">\n\t\t\t\t\t<style>.elementor-element-b93b70f{display:none !important}<\/style>\t\t\t\t<\/div>\n\t\t\t\t<\/div>\n\t\t\t\t\t<\/div>\n\t\t<\/div>\n\t\t\t\t\t<\/div>\n\t\t<\/section>\n\t\t\t\t<section class=\"elementor-section elementor-top-section elementor-element elementor-element-86a8b06 elementor-section-full_width elementor-hidden-phone elementor-section-height-default elementor-section-height-default\" data-id=\"86a8b06\" data-element_type=\"section\" data-e-type=\"section\" data-settings=\"{&quot;background_background&quot;:&quot;slideshow&quot;,&quot;background_slideshow_gallery&quot;:[{&quot;id&quot;:6820,&quot;url&quot;:&quot;https:\\\/\\\/foodibev.com\\\/wp-content\\\/uploads\\\/2021\\\/06\\\/der-scaled.jpg&quot;}],&quot;background_slideshow_loop&quot;:&quot;yes&quot;,&quot;background_slideshow_slide_duration&quot;:5000,&quot;background_slideshow_slide_transition&quot;:&quot;fade&quot;,&quot;background_slideshow_transition_duration&quot;:500}\">\n\t\t\t\t\t\t<div class=\"elementor-container elementor-column-gap-default\">\n\t\t\t\t\t<div class=\"elementor-column elementor-col-33 elementor-top-column elementor-element elementor-element-3261621\" data-id=\"3261621\" data-element_type=\"column\" data-e-type=\"column\">\n\t\t\t<div class=\"elementor-widget-wrap elementor-element-populated\">\n\t\t\t\t\t\t<div class=\"elementor-element elementor-element-a501179 elementor-hidden-phone elementor-hidden-tablet elementor-widget elementor-widget-text-editor\" data-id=\"a501179\" data-element_type=\"widget\" data-e-type=\"widget\" data-no-translation=\"\" data-widget_type=\"text-editor.default\">\n\t\t\t\t<div class=\"elementor-widget-container\">\n\t\t\t\t\t<style>.elementor-element-a501179{display:none !important}<\/style>\t\t\t\t<\/div>\n\t\t\t\t<\/div>\n\t\t\t\t<div class=\"elementor-element elementor-element-7857dad elementor-hidden-phone elementor-hidden-desktop elementor-widget elementor-widget-text-editor\" data-id=\"7857dad\" data-element_type=\"widget\" data-e-type=\"widget\" data-no-translation=\"\" data-widget_type=\"text-editor.default\">\n\t\t\t\t<div class=\"elementor-widget-container\">\n\t\t\t\t\t<style>.elementor-element-7857dad{display:none !important}<\/style>\t\t\t\t<\/div>\n\t\t\t\t<\/div>\n\t\t\t\t<div class=\"elementor-element elementor-element-dd47b9c elementor-hidden-phone elementor-hidden-tablet elementor-widget elementor-widget-text-editor\" data-id=\"dd47b9c\" data-element_type=\"widget\" data-e-type=\"widget\" data-no-translation=\"\" data-widget_type=\"text-editor.default\">\n\t\t\t\t<div class=\"elementor-widget-container\">\n\t\t\t\t\t\t\t\t\t<p style=\"text-align: left;\"><span style=\"color: #808080;\">Exo mix is the combination of real vodka with your favourite flavour: energy drink and orange.<\/span><\/p><p style=\"text-align: left;\"><span style=\"color: #808080;\">Both flavours are available in 25 cl format<\/span><\/p><p style=\"text-align: left;\"><span style=\"color: #808080; word-spacing: normal;\">Exo Orange Mix\u00a0 is 18 % vol. and Exo Energy Mix is available in 22, 18, 12.5 and 5.9 % vol.<\/span><\/p><p style=\"text-align: left;\"><span style=\"color: #808080;\">What are you waiting for?<\/span><\/p><p style=\"text-align: left;\"><span style=\"color: #808080;\">If you want to know more, visit <a href=\"http:\/\/www.exomixdrink.com\">www.exomixdrink.com<\/a><\/span><\/p><p style=\"text-align: left;\">\u00a0<\/p>\t\t\t\t\t\t\t\t<\/div>\n\t\t\t\t<\/div>\n\t\t\t\t<div class=\"elementor-element elementor-element-ac604fa elementor-hidden-phone elementor-hidden-desktop elementor-widget elementor-widget-text-editor\" data-id=\"ac604fa\" data-element_type=\"widget\" data-e-type=\"widget\" data-no-translation=\"\" data-widget_type=\"text-editor.default\">\n\t\t\t\t<div class=\"elementor-widget-container\">\n\t\t\t\t\t\t\t\t\t<p>Exo mix is the combination of real vodka with your favourite flavour: energy drink and orange.<\/p><p>Both flavours are available in 25 cl format<\/p><p>Exo Orange Mix\u00a0 is 18 % vol. and Exo Energy Mix is available in 22, 18, 12.5 and 5.9 % vol.<\/p><p style=\"text-align: left;\">What are you waiting for?<\/p><p style=\"text-align: left;\">If you want to know more, visit<a href=\"http:\/\/www.exomixdrink.com\"> www.exomixdrink.com<\/a><\/p>\t\t\t\t\t\t\t\t<\/div>\n\t\t\t\t<\/div>\n\t\t\t\t<div class=\"elementor-element elementor-element-91882b3 elementor-hidden-phone elementor-hidden-tablet elementor-widget elementor-widget-text-editor\" data-id=\"91882b3\" data-element_type=\"widget\" data-e-type=\"widget\" data-no-translation=\"\" data-widget_type=\"text-editor.default\">\n\t\t\t\t<div class=\"elementor-widget-container\">\n\t\t\t\t\t<style>.elementor-element-91882b3{display:none !important}<\/style>\t\t\t\t<\/div>\n\t\t\t\t<\/div>\n\t\t\t\t<div class=\"elementor-element elementor-element-a39e47c elementor-hidden-phone elementor-hidden-desktop elementor-widget elementor-widget-text-editor\" data-id=\"a39e47c\" data-element_type=\"widget\" data-e-type=\"widget\" data-no-translation=\"\" data-widget_type=\"text-editor.default\">\n\t\t\t\t<div class=\"elementor-widget-container\">\n\t\t\t\t\t<style>.elementor-element-a39e47c{display:none !important}<\/style>\t\t\t\t<\/div>\n\t\t\t\t<\/div>\n\t\t\t\t\t<\/div>\n\t\t<\/div>\n\t\t\t\t<div class=\"elementor-column elementor-col-66 elementor-top-column elementor-element elementor-element-b0284e0\" data-id=\"b0284e0\" data-element_type=\"column\" data-e-type=\"column\">\n\t\t\t<div class=\"elementor-widget-wrap elementor-element-populated\">\n\t\t\t\t\t\t<div class=\"elementor-element elementor-element-cd20ac9 elementor-widget__width-initial elementor-widget elementor-widget-image\" data-id=\"cd20ac9\" data-element_type=\"widget\" data-e-type=\"widget\" data-widget_type=\"image.default\">\n\t\t\t\t<div class=\"elementor-widget-container\">\n\t\t\t\t\t\t\t\t\t\t\t\t\t\t\t\t<a href=\"https:\/\/exomixdrink.com\/\">\n\t\t\t\t\t\t\t<img decoding=\"async\" width=\"1024\" height=\"589\" src=\"https:\/\/foodibev.com\/wp-content\/uploads\/2025\/09\/Exo-1-1-1024x589.webp\" class=\"attachment-large size-large wp-image-10454\" alt=\"\" srcset=\"https:\/\/foodibev.com\/wp-content\/uploads\/2025\/09\/Exo-1-1-1024x589.webp 1024w, https:\/\/foodibev.com\/wp-content\/uploads\/2025\/09\/Exo-1-1-300x173.webp 300w, https:\/\/foodibev.com\/wp-content\/uploads\/2025\/09\/Exo-1-1-768x442.webp 768w, https:\/\/foodibev.com\/wp-content\/uploads\/2025\/09\/Exo-1-1-1536x884.webp 1536w, https:\/\/foodibev.com\/wp-content\/uploads\/2025\/09\/Exo-1-1-2048x1179.webp 2048w, https:\/\/foodibev.com\/wp-content\/uploads\/2025\/09\/Exo-1-1-18x10.webp 18w\" sizes=\"(max-width: 1024px) 100vw, 1024px\" \/>\t\t\t\t\t\t\t\t<\/a>\n\t\t\t\t\t\t\t\t\t\t\t\t\t\t\t<\/div>\n\t\t\t\t<\/div>\n\t\t\t\t\t<\/div>\n\t\t<\/div>\n\t\t\t\t\t<\/div>\n\t\t<\/section>\n\t\t\t\t<\/div>\n\t\t","protected":false},"excerpt":{"rendered":"<p>Exo mix es el combinado de aut\u00e9ntico vodka&nbsp; con tu sabor favorito: energy drink y naranja. Ambos sabores est\u00e1n disponibles en un c\u00f3modo&nbsp; formato de 25 cl. Exo Orange Mix tiene una graduaci\u00f3n de 18 % vol.&nbsp; Energy Mix lo tienes disponible en 22,&nbsp;18, 12.5 y 5.9 % vol.&nbsp; \u00bfA qu\u00e9 esperas para probarlos? Si&hellip;<\/p>","protected":false},"author":1,"featured_media":0,"parent":0,"menu_order":0,"comment_status":"closed","ping_status":"closed","template":"elementor_header_footer","meta":{"footnotes":""},"class_list":["post-5873","page","type-page","status-publish","hentry"],"yoast_head":"<!-- This site is optimized with the Yoast SEO plugin v27.4 - https:\/\/yoast.com\/product\/yoast-seo-wordpress\/ -->\n<title>EXO mix - Foodibev<\/title>\n<meta name=\"robots\" content=\"index, follow, max-snippet:-1, max-image-preview:large, max-video-preview:-1\" \/>\n<link rel=\"canonical\" href=\"https:\/\/foodibev.com\/en\/exo-mix\/\" \/>\n<meta property=\"og:locale\" content=\"en_GB\" \/>\n<meta property=\"og:type\" content=\"article\" \/>\n<meta property=\"og:title\" content=\"EXO mix - Foodibev\" \/>\n<meta property=\"og:description\" content=\"Exo mix es el combinado de aut\u00e9ntico vodka&nbsp; con tu sabor favorito: energy drink y naranja. Ambos sabores est\u00e1n disponibles en un c\u00f3modo&nbsp; formato de 25 cl. Exo Orange Mix tiene una graduaci\u00f3n de 18 % vol.&nbsp; Energy Mix lo tienes disponible en 22,&nbsp;18, 12.5 y 5.9 % vol.&nbsp; \u00bfA qu\u00e9 esperas para probarlos? Si&hellip;\" \/>\n<meta property=\"og:url\" content=\"https:\/\/foodibev.com\/en\/exo-mix\/\" \/>\n<meta property=\"og:site_name\" content=\"Foodibev\" \/>\n<meta property=\"article:modified_time\" content=\"2025-09-29T13:33:50+00:00\" \/>\n<meta property=\"og:image\" content=\"https:\/\/foodibev.com\/wp-content\/uploads\/2025\/09\/Exo-Movil-1024x517.webp\" \/>\n\t<meta property=\"og:image:width\" content=\"1024\" \/>\n\t<meta property=\"og:image:height\" content=\"517\" \/>\n\t<meta property=\"og:image:type\" content=\"image\/webp\" \/>\n<meta name=\"twitter:card\" content=\"summary_large_image\" \/>\n<meta name=\"twitter:label1\" content=\"Estimated reading time\" \/>\n\t<meta name=\"twitter:data1\" content=\"3 minutes\" \/>\n<script type=\"application\/ld+json\" class=\"yoast-schema-graph\">{\"@context\":\"https:\\\/\\\/schema.org\",\"@graph\":[{\"@type\":\"WebPage\",\"@id\":\"https:\\\/\\\/foodibev.com\\\/exo-mix\\\/\",\"url\":\"https:\\\/\\\/foodibev.com\\\/exo-mix\\\/\",\"name\":\"EXO mix - Foodibev\",\"isPartOf\":{\"@id\":\"https:\\\/\\\/foodibev.com\\\/#website\"},\"primaryImageOfPage\":{\"@id\":\"https:\\\/\\\/foodibev.com\\\/exo-mix\\\/#primaryimage\"},\"image\":{\"@id\":\"https:\\\/\\\/foodibev.com\\\/exo-mix\\\/#primaryimage\"},\"thumbnailUrl\":\"https:\\\/\\\/foodibev.com\\\/wp-content\\\/uploads\\\/2025\\\/09\\\/Exo-Movil.webp\",\"datePublished\":\"2021-05-12T13:25:53+00:00\",\"dateModified\":\"2025-09-29T13:33:50+00:00\",\"breadcrumb\":{\"@id\":\"https:\\\/\\\/foodibev.com\\\/exo-mix\\\/#breadcrumb\"},\"inLanguage\":\"en-GB\",\"potentialAction\":[{\"@type\":\"ReadAction\",\"target\":[\"https:\\\/\\\/foodibev.com\\\/exo-mix\\\/\"]}]},{\"@type\":\"ImageObject\",\"inLanguage\":\"en-GB\",\"@id\":\"https:\\\/\\\/foodibev.com\\\/exo-mix\\\/#primaryimage\",\"url\":\"https:\\\/\\\/foodibev.com\\\/wp-content\\\/uploads\\\/2025\\\/09\\\/Exo-Movil.webp\",\"contentUrl\":\"https:\\\/\\\/foodibev.com\\\/wp-content\\\/uploads\\\/2025\\\/09\\\/Exo-Movil.webp\"},{\"@type\":\"BreadcrumbList\",\"@id\":\"https:\\\/\\\/foodibev.com\\\/exo-mix\\\/#breadcrumb\",\"itemListElement\":[{\"@type\":\"ListItem\",\"position\":1,\"name\":\"Portada\",\"item\":\"https:\\\/\\\/foodibev.com\\\/\"},{\"@type\":\"ListItem\",\"position\":2,\"name\":\"EXO mix\"}]},{\"@type\":\"WebSite\",\"@id\":\"https:\\\/\\\/foodibev.com\\\/#website\",\"url\":\"https:\\\/\\\/foodibev.com\\\/\",\"name\":\"Foodibev\",\"description\":\"Otro sitio realizado con WordPress\",\"publisher\":{\"@id\":\"https:\\\/\\\/foodibev.com\\\/#organization\"},\"potentialAction\":[{\"@type\":\"SearchAction\",\"target\":{\"@type\":\"EntryPoint\",\"urlTemplate\":\"https:\\\/\\\/foodibev.com\\\/?s={search_term_string}\"},\"query-input\":{\"@type\":\"PropertyValueSpecification\",\"valueRequired\":true,\"valueName\":\"search_term_string\"}}],\"inLanguage\":\"en-GB\"},{\"@type\":\"Organization\",\"@id\":\"https:\\\/\\\/foodibev.com\\\/#organization\",\"name\":\"Foodibev\",\"url\":\"https:\\\/\\\/foodibev.com\\\/\",\"logo\":{\"@type\":\"ImageObject\",\"inLanguage\":\"en-GB\",\"@id\":\"https:\\\/\\\/foodibev.com\\\/#\\\/schema\\\/logo\\\/image\\\/\",\"url\":\"https:\\\/\\\/foodibev.com\\\/wp-content\\\/uploads\\\/2021\\\/04\\\/Logotipo-Foodibev-2018-scaled.jpg\",\"contentUrl\":\"https:\\\/\\\/foodibev.com\\\/wp-content\\\/uploads\\\/2021\\\/04\\\/Logotipo-Foodibev-2018-scaled.jpg\",\"width\":2560,\"height\":669,\"caption\":\"Foodibev\"},\"image\":{\"@id\":\"https:\\\/\\\/foodibev.com\\\/#\\\/schema\\\/logo\\\/image\\\/\"}}]}<\/script>\n<!-- \/ Yoast SEO plugin. -->","yoast_head_json":{"title":"EXO mix - Foodibev","robots":{"index":"index","follow":"follow","max-snippet":"max-snippet:-1","max-image-preview":"max-image-preview:large","max-video-preview":"max-video-preview:-1"},"canonical":"https:\/\/foodibev.com\/en\/exo-mix\/","og_locale":"en_GB","og_type":"article","og_title":"EXO mix - Foodibev","og_description":"Exo mix es el combinado de aut\u00e9ntico vodka&nbsp; con tu sabor favorito: energy drink y naranja. Ambos sabores est\u00e1n disponibles en un c\u00f3modo&nbsp; formato de 25 cl. Exo Orange Mix tiene una graduaci\u00f3n de 18 % vol.&nbsp; Energy Mix lo tienes disponible en 22,&nbsp;18, 12.5 y 5.9 % vol.&nbsp; \u00bfA qu\u00e9 esperas para probarlos? Si&hellip;","og_url":"https:\/\/foodibev.com\/en\/exo-mix\/","og_site_name":"Foodibev","article_modified_time":"2025-09-29T13:33:50+00:00","og_image":[{"width":1024,"height":517,"url":"https:\/\/foodibev.com\/wp-content\/uploads\/2025\/09\/Exo-Movil-1024x517.webp","type":"image\/webp"}],"twitter_card":"summary_large_image","twitter_misc":{"Estimated reading time":"3 minutes"},"schema":{"@context":"https:\/\/schema.org","@graph":[{"@type":"WebPage","@id":"https:\/\/foodibev.com\/exo-mix\/","url":"https:\/\/foodibev.com\/exo-mix\/","name":"EXO mix - Foodibev","isPartOf":{"@id":"https:\/\/foodibev.com\/#website"},"primaryImageOfPage":{"@id":"https:\/\/foodibev.com\/exo-mix\/#primaryimage"},"image":{"@id":"https:\/\/foodibev.com\/exo-mix\/#primaryimage"},"thumbnailUrl":"https:\/\/foodibev.com\/wp-content\/uploads\/2025\/09\/Exo-Movil.webp","datePublished":"2021-05-12T13:25:53+00:00","dateModified":"2025-09-29T13:33:50+00:00","breadcrumb":{"@id":"https:\/\/foodibev.com\/exo-mix\/#breadcrumb"},"inLanguage":"en-GB","potentialAction":[{"@type":"ReadAction","target":["https:\/\/foodibev.com\/exo-mix\/"]}]},{"@type":"ImageObject","inLanguage":"en-GB","@id":"https:\/\/foodibev.com\/exo-mix\/#primaryimage","url":"https:\/\/foodibev.com\/wp-content\/uploads\/2025\/09\/Exo-Movil.webp","contentUrl":"https:\/\/foodibev.com\/wp-content\/uploads\/2025\/09\/Exo-Movil.webp"},{"@type":"BreadcrumbList","@id":"https:\/\/foodibev.com\/exo-mix\/#breadcrumb","itemListElement":[{"@type":"ListItem","position":1,"name":"Portada","item":"https:\/\/foodibev.com\/"},{"@type":"ListItem","position":2,"name":"EXO mix"}]},{"@type":"WebSite","@id":"https:\/\/foodibev.com\/#website","url":"https:\/\/foodibev.com\/","name":"Foodibev","description":"Otro sitio realizado con WordPress","publisher":{"@id":"https:\/\/foodibev.com\/#organization"},"potentialAction":[{"@type":"SearchAction","target":{"@type":"EntryPoint","urlTemplate":"https:\/\/foodibev.com\/?s={search_term_string}"},"query-input":{"@type":"PropertyValueSpecification","valueRequired":true,"valueName":"search_term_string"}}],"inLanguage":"en-GB"},{"@type":"Organization","@id":"https:\/\/foodibev.com\/#organization","name":"Foodibev","url":"https:\/\/foodibev.com\/","logo":{"@type":"ImageObject","inLanguage":"en-GB","@id":"https:\/\/foodibev.com\/#\/schema\/logo\/image\/","url":"https:\/\/foodibev.com\/wp-content\/uploads\/2021\/04\/Logotipo-Foodibev-2018-scaled.jpg","contentUrl":"https:\/\/foodibev.com\/wp-content\/uploads\/2021\/04\/Logotipo-Foodibev-2018-scaled.jpg","width":2560,"height":669,"caption":"Foodibev"},"image":{"@id":"https:\/\/foodibev.com\/#\/schema\/logo\/image\/"}}]}},"_links":{"self":[{"href":"https:\/\/foodibev.com\/en\/wp-json\/wp\/v2\/pages\/5873","targetHints":{"allow":["GET"]}}],"collection":[{"href":"https:\/\/foodibev.com\/en\/wp-json\/wp\/v2\/pages"}],"about":[{"href":"https:\/\/foodibev.com\/en\/wp-json\/wp\/v2\/types\/page"}],"author":[{"embeddable":true,"href":"https:\/\/foodibev.com\/en\/wp-json\/wp\/v2\/users\/1"}],"replies":[{"embeddable":true,"href":"https:\/\/foodibev.com\/en\/wp-json\/wp\/v2\/comments?post=5873"}],"version-history":[{"count":235,"href":"https:\/\/foodibev.com\/en\/wp-json\/wp\/v2\/pages\/5873\/revisions"}],"predecessor-version":[{"id":10472,"href":"https:\/\/foodibev.com\/en\/wp-json\/wp\/v2\/pages\/5873\/revisions\/10472"}],"wp:attachment":[{"href":"https:\/\/foodibev.com\/en\/wp-json\/wp\/v2\/media?parent=5873"}],"curies":[{"name":"wp","href":"https:\/\/api.w.org\/{rel}","templated":true}]}}