{"id":5859,"date":"2021-05-12T12:51:17","date_gmt":"2021-05-12T12:51:17","guid":{"rendered":"https:\/\/foodibev.com\/?page_id=5859"},"modified":"2025-07-04T13:18:47","modified_gmt":"2025-07-04T13:18:47","slug":"mulik","status":"publish","type":"page","link":"https:\/\/foodibev.com\/en\/mulik\/","title":{"rendered":"Mulik"},"content":{"rendered":"\t\t<div data-elementor-type=\"wp-page\" data-elementor-id=\"5859\" class=\"elementor elementor-5859\">\n\t\t\t\t\t\t<section class=\"elementor-section elementor-top-section elementor-element elementor-element-40580cc elementor-section-full_width elementor-section-stretched elementor-hidden-desktop elementor-hidden-tablet elementor-section-height-default elementor-section-height-default\" data-id=\"40580cc\" data-element_type=\"section\" data-e-type=\"section\" data-settings=\"{&quot;stretch_section&quot;:&quot;section-stretched&quot;,&quot;background_background&quot;:&quot;classic&quot;}\">\n\t\t\t\t\t\t<div class=\"elementor-container elementor-column-gap-default\">\n\t\t\t\t\t<div class=\"elementor-column elementor-col-100 elementor-top-column elementor-element elementor-element-b49e3fe\" data-id=\"b49e3fe\" data-element_type=\"column\" data-e-type=\"column\">\n\t\t\t<div class=\"elementor-widget-wrap elementor-element-populated\">\n\t\t\t\t\t\t<div class=\"elementor-element elementor-element-0a8744d elementor-widget elementor-widget-image\" data-id=\"0a8744d\" data-element_type=\"widget\" data-e-type=\"widget\" data-widget_type=\"image.default\">\n\t\t\t\t<div class=\"elementor-widget-container\">\n\t\t\t\t\t\t\t\t\t\t\t\t\t\t\t<img fetchpriority=\"high\" decoding=\"async\" width=\"2560\" height=\"1473\" src=\"https:\/\/foodibev.com\/wp-content\/uploads\/2024\/10\/mulik-gama-scaled.webp\" class=\"attachment-full size-full wp-image-9390\" alt=\"\" srcset=\"https:\/\/foodibev.com\/wp-content\/uploads\/2024\/10\/mulik-gama-scaled.webp 2560w, https:\/\/foodibev.com\/wp-content\/uploads\/2024\/10\/mulik-gama-300x173.webp 300w, https:\/\/foodibev.com\/wp-content\/uploads\/2024\/10\/mulik-gama-1024x589.webp 1024w, https:\/\/foodibev.com\/wp-content\/uploads\/2024\/10\/mulik-gama-768x442.webp 768w, https:\/\/foodibev.com\/wp-content\/uploads\/2024\/10\/mulik-gama-1536x884.webp 1536w, https:\/\/foodibev.com\/wp-content\/uploads\/2024\/10\/mulik-gama-2048x1179.webp 2048w, https:\/\/foodibev.com\/wp-content\/uploads\/2024\/10\/mulik-gama-18x10.webp 18w\" sizes=\"(max-width: 2560px) 100vw, 2560px\" \/>\t\t\t\t\t\t\t\t\t\t\t\t\t\t\t<\/div>\n\t\t\t\t<\/div>\n\t\t\t\t\t<\/div>\n\t\t<\/div>\n\t\t\t\t\t<\/div>\n\t\t<\/section>\n\t\t\t\t<section class=\"elementor-section elementor-top-section elementor-element elementor-element-60fdebf elementor-hidden-desktop elementor-hidden-tablet elementor-section-boxed elementor-section-height-default elementor-section-height-default\" data-id=\"60fdebf\" data-element_type=\"section\" data-e-type=\"section\" data-settings=\"{&quot;background_background&quot;:&quot;classic&quot;}\">\n\t\t\t\t\t\t<div class=\"elementor-container elementor-column-gap-default\">\n\t\t\t\t\t<div class=\"elementor-column elementor-col-100 elementor-top-column elementor-element elementor-element-5c05790\" data-id=\"5c05790\" data-element_type=\"column\" data-e-type=\"column\">\n\t\t\t<div class=\"elementor-widget-wrap elementor-element-populated\">\n\t\t\t\t\t\t<div class=\"elementor-element elementor-element-fad6d18 elementor-widget elementor-widget-text-editor\" data-id=\"fad6d18\" data-element_type=\"widget\" data-e-type=\"widget\" data-no-translation=\"\" data-widget_type=\"text-editor.default\">\n\t\t\t\t<div class=\"elementor-widget-container\">\n\t\t\t\t\t<style>.elementor-element-fad6d18{display:none !important}<\/style>\t\t\t\t<\/div>\n\t\t\t\t<\/div>\n\t\t\t\t<div class=\"elementor-element elementor-element-b1af9da elementor-widget elementor-widget-text-editor\" data-id=\"b1af9da\" data-element_type=\"widget\" data-e-type=\"widget\" data-no-translation=\"\" data-widget_type=\"text-editor.default\">\n\t\t\t\t<div class=\"elementor-widget-container\">\n\t\t\t\t\t\t\t\t\t<span>Mulik shakes are made with delicious full cream milk.<\/span>\n<span>Enjoy its 4 flavours: chocolate, vanilla, strawberry and banana anywhere thanks to its 500 ml format.<\/span>\n\n<span>If you want to know more, visit <a href=\"http:\/\/www.mulik.es\">www.mulik.es<\/a><\/span>\t\t\t\t\t\t\t\t<\/div>\n\t\t\t\t<\/div>\n\t\t\t\t<div class=\"elementor-element elementor-element-472667e elementor-widget elementor-widget-text-editor\" data-id=\"472667e\" data-element_type=\"widget\" data-e-type=\"widget\" data-no-translation=\"\" data-widget_type=\"text-editor.default\">\n\t\t\t\t<div class=\"elementor-widget-container\">\n\t\t\t\t\t<style>.elementor-element-472667e{display:none !important}<\/style>\t\t\t\t<\/div>\n\t\t\t\t<\/div>\n\t\t\t\t\t<\/div>\n\t\t<\/div>\n\t\t\t\t\t<\/div>\n\t\t<\/section>\n\t\t\t\t<section class=\"elementor-section elementor-top-section elementor-element elementor-element-c69d088 elementor-section-full_width elementor-hidden-phone elementor-section-height-default elementor-section-height-default\" data-id=\"c69d088\" data-element_type=\"section\" data-e-type=\"section\" data-settings=\"{&quot;background_background&quot;:&quot;slideshow&quot;,&quot;background_slideshow_gallery&quot;:[{&quot;id&quot;:6806,&quot;url&quot;:&quot;https:\\\/\\\/foodibev.com\\\/wp-content\\\/uploads\\\/2021\\\/06\\\/izq-2-scaled.jpg&quot;}],&quot;background_slideshow_loop&quot;:&quot;yes&quot;,&quot;background_slideshow_slide_duration&quot;:5000,&quot;background_slideshow_slide_transition&quot;:&quot;fade&quot;,&quot;background_slideshow_transition_duration&quot;:500}\">\n\t\t\t\t\t\t<div class=\"elementor-container elementor-column-gap-default\">\n\t\t\t\t\t<div class=\"elementor-column elementor-col-66 elementor-top-column elementor-element elementor-element-e8641e1\" data-id=\"e8641e1\" data-element_type=\"column\" data-e-type=\"column\">\n\t\t\t<div class=\"elementor-widget-wrap elementor-element-populated\">\n\t\t\t\t\t\t<div class=\"elementor-element elementor-element-d06c7bf elementor-widget elementor-widget-image\" data-id=\"d06c7bf\" data-element_type=\"widget\" data-e-type=\"widget\" data-widget_type=\"image.default\">\n\t\t\t\t<div class=\"elementor-widget-container\">\n\t\t\t\t\t\t\t\t\t\t\t\t\t\t\t<img decoding=\"async\" width=\"1024\" height=\"866\" src=\"https:\/\/foodibev.com\/wp-content\/uploads\/2024\/10\/mulik-ajustada-1024x866.webp\" class=\"attachment-large size-large wp-image-9394\" alt=\"\" srcset=\"https:\/\/foodibev.com\/wp-content\/uploads\/2024\/10\/mulik-ajustada-1024x866.webp 1024w, https:\/\/foodibev.com\/wp-content\/uploads\/2024\/10\/mulik-ajustada-300x254.webp 300w, https:\/\/foodibev.com\/wp-content\/uploads\/2024\/10\/mulik-ajustada-768x649.webp 768w, https:\/\/foodibev.com\/wp-content\/uploads\/2024\/10\/mulik-ajustada-1536x1298.webp 1536w, https:\/\/foodibev.com\/wp-content\/uploads\/2024\/10\/mulik-ajustada-14x12.webp 14w, https:\/\/foodibev.com\/wp-content\/uploads\/2024\/10\/mulik-ajustada.webp 1966w\" sizes=\"(max-width: 1024px) 100vw, 1024px\" \/>\t\t\t\t\t\t\t\t\t\t\t\t\t\t\t<\/div>\n\t\t\t\t<\/div>\n\t\t\t\t\t<\/div>\n\t\t<\/div>\n\t\t\t\t<div class=\"elementor-column elementor-col-33 elementor-top-column elementor-element elementor-element-965c635\" data-id=\"965c635\" data-element_type=\"column\" data-e-type=\"column\">\n\t\t\t<div class=\"elementor-widget-wrap elementor-element-populated\">\n\t\t\t\t\t\t<div class=\"elementor-element elementor-element-143c9dd elementor-hidden-tablet elementor-hidden-phone elementor-widget elementor-widget-image\" data-id=\"143c9dd\" data-element_type=\"widget\" data-e-type=\"widget\" data-widget_type=\"image.default\">\n\t\t\t\t<div class=\"elementor-widget-container\">\n\t\t\t\t\t\t\t\t\t\t\t\t\t\t\t<img decoding=\"async\" width=\"300\" height=\"156\" src=\"https:\/\/foodibev.com\/wp-content\/uploads\/2021\/06\/MULIK-LOGO-300x156.png\" class=\"attachment-medium size-medium wp-image-6868\" alt=\"\" srcset=\"https:\/\/foodibev.com\/wp-content\/uploads\/2021\/06\/MULIK-LOGO-300x156.png 300w, https:\/\/foodibev.com\/wp-content\/uploads\/2021\/06\/MULIK-LOGO-600x312.png 600w, https:\/\/foodibev.com\/wp-content\/uploads\/2021\/06\/MULIK-LOGO-1024x533.png 1024w, https:\/\/foodibev.com\/wp-content\/uploads\/2021\/06\/MULIK-LOGO-768x400.png 768w, https:\/\/foodibev.com\/wp-content\/uploads\/2021\/06\/MULIK-LOGO-16x8.png 16w, https:\/\/foodibev.com\/wp-content\/uploads\/2021\/06\/MULIK-LOGO.png 1494w\" sizes=\"(max-width: 300px) 100vw, 300px\" \/>\t\t\t\t\t\t\t\t\t\t\t\t\t\t\t<\/div>\n\t\t\t\t<\/div>\n\t\t\t\t<div class=\"elementor-element elementor-element-bf46e39 elementor-hidden-desktop elementor-hidden-phone elementor-widget elementor-widget-image\" data-id=\"bf46e39\" data-element_type=\"widget\" data-e-type=\"widget\" data-widget_type=\"image.default\">\n\t\t\t\t<div class=\"elementor-widget-container\">\n\t\t\t\t\t\t\t\t\t\t\t\t\t\t\t<img decoding=\"async\" src=\"https:\/\/foodibev.com\/wp-content\/uploads\/elementor\/thumbs\/MULIK-LOGO-p8gdhbm4cmhjzswdehtcax6ql185gyvejnmpclsew8.png\" title=\"MULIK-LOGO\" alt=\"MULIK-LOGO\" loading=\"lazy\" \/>\t\t\t\t\t\t\t\t\t\t\t\t\t\t\t<\/div>\n\t\t\t\t<\/div>\n\t\t\t\t<div class=\"elementor-element elementor-element-10a470b elementor-hidden-phone elementor-hidden-tablet elementor-widget elementor-widget-text-editor\" data-id=\"10a470b\" data-element_type=\"widget\" data-e-type=\"widget\" data-no-translation=\"\" data-widget_type=\"text-editor.default\">\n\t\t\t\t<div class=\"elementor-widget-container\">\n\t\t\t\t\t\t\t\t\t<p style=\"text-align: left;\">Mulik shakes are made with delicious full cream milk. If you want to know more, visit <a href=\"http:\/\/www.mulik.es\"> www.mulik.es<\/a><\/p>\t\t\t\t\t\t\t\t<\/div>\n\t\t\t\t<\/div>\n\t\t\t\t<div class=\"elementor-element elementor-element-46e2188 elementor-hidden-phone elementor-hidden-desktop elementor-widget elementor-widget-text-editor\" data-id=\"46e2188\" data-element_type=\"widget\" data-e-type=\"widget\" data-no-translation=\"\" data-widget_type=\"text-editor.default\">\n\t\t\t\t<div class=\"elementor-widget-container\">\n\t\t\t\t\t\t\t\t\t<p style=\"text-align: left;\">Mulik shakes are made with delicious full cream milk.<\/p><p style=\"text-align: left;\">Enjoy its 4 flavours: chocolate, vanilla, strawberry and banana anywhere thanks to its 500 ml format.<\/p><p>\u00a0<\/p><p style=\"text-align: left;\">If you want to know more, visit<a href=\"http:\/\/www.mulik.es\"> www.mulik.es<\/a><\/p>\t\t\t\t\t\t\t\t<\/div>\n\t\t\t\t<\/div>\n\t\t\t\t<div class=\"elementor-element elementor-element-d08ae27 elementor-hidden-phone elementor-hidden-tablet elementor-widget elementor-widget-text-editor\" data-id=\"d08ae27\" data-element_type=\"widget\" data-e-type=\"widget\" data-no-translation=\"\" data-widget_type=\"text-editor.default\">\n\t\t\t\t<div class=\"elementor-widget-container\">\n\t\t\t\t\t<style>.elementor-element-d08ae27{display:none !important}<\/style>\t\t\t\t<\/div>\n\t\t\t\t<\/div>\n\t\t\t\t<div class=\"elementor-element elementor-element-035aa98 elementor-hidden-phone elementor-hidden-desktop elementor-widget elementor-widget-text-editor\" data-id=\"035aa98\" data-element_type=\"widget\" data-e-type=\"widget\" data-no-translation=\"\" data-widget_type=\"text-editor.default\">\n\t\t\t\t<div class=\"elementor-widget-container\">\n\t\t\t\t\t<style>.elementor-element-035aa98{display:none !important}<\/style>\t\t\t\t<\/div>\n\t\t\t\t<\/div>\n\t\t\t\t<div class=\"elementor-element elementor-element-a501179 elementor-hidden-phone elementor-hidden-tablet elementor-widget elementor-widget-text-editor\" data-id=\"a501179\" data-element_type=\"widget\" data-e-type=\"widget\" data-no-translation=\"\" data-widget_type=\"text-editor.default\">\n\t\t\t\t<div class=\"elementor-widget-container\">\n\t\t\t\t\t<style>.elementor-element-a501179{display:none !important}<\/style>\t\t\t\t<\/div>\n\t\t\t\t<\/div>\n\t\t\t\t<div class=\"elementor-element elementor-element-b244c9d elementor-hidden-phone elementor-hidden-desktop elementor-widget elementor-widget-text-editor\" data-id=\"b244c9d\" data-element_type=\"widget\" data-e-type=\"widget\" data-no-translation=\"\" data-widget_type=\"text-editor.default\">\n\t\t\t\t<div class=\"elementor-widget-container\">\n\t\t\t\t\t<style>.elementor-element-b244c9d{display:none !important}<\/style>\t\t\t\t<\/div>\n\t\t\t\t<\/div>\n\t\t\t\t\t<\/div>\n\t\t<\/div>\n\t\t\t\t\t<\/div>\n\t\t<\/section>\n\t\t\t\t<\/div>\n\t\t","protected":false},"excerpt":{"rendered":"<p>Los batidos Mulik est\u00e1s hechos con riqu\u00edsima leche entera. Disfruta de sus 4 sabores: chocolate, vainilla, fresa y pl\u00e1tano en cualquier lugar gracias a su formato de 500 ml. Si quieres saber m\u00e1s, visita www.mulik.es Mulik shakes are made with delicious full cream milk. Enjoy its 4 flavours: chocolate, vanilla, strawberry and banana anywhere thanks&hellip;<\/p>","protected":false},"author":1,"featured_media":0,"parent":0,"menu_order":0,"comment_status":"closed","ping_status":"closed","template":"elementor_header_footer","meta":{"footnotes":""},"class_list":["post-5859","page","type-page","status-publish","hentry"],"yoast_head":"<!-- This site is optimized with the Yoast SEO plugin v26.9 - https:\/\/yoast.com\/product\/yoast-seo-wordpress\/ -->\n<title>Mulik - Foodibev<\/title>\n<meta name=\"robots\" content=\"index, follow, max-snippet:-1, max-image-preview:large, max-video-preview:-1\" \/>\n<link rel=\"canonical\" href=\"https:\/\/foodibev.com\/en\/mulik\/\" \/>\n<meta property=\"og:locale\" content=\"en_GB\" \/>\n<meta property=\"og:type\" content=\"article\" \/>\n<meta property=\"og:title\" content=\"Mulik - Foodibev\" \/>\n<meta property=\"og:description\" content=\"Los batidos Mulik est\u00e1s hechos con riqu\u00edsima leche entera. Disfruta de sus 4 sabores: chocolate, vainilla, fresa y pl\u00e1tano en cualquier lugar gracias a su formato de 500 ml. Si quieres saber m\u00e1s, visita www.mulik.es Mulik shakes are made with delicious full cream milk. Enjoy its 4 flavours: chocolate, vanilla, strawberry and banana anywhere thanks&hellip;\" \/>\n<meta property=\"og:url\" content=\"https:\/\/foodibev.com\/en\/mulik\/\" \/>\n<meta property=\"og:site_name\" content=\"Foodibev\" \/>\n<meta property=\"article:modified_time\" content=\"2025-07-04T13:18:47+00:00\" \/>\n<meta property=\"og:image\" content=\"https:\/\/foodibev.com\/wp-content\/uploads\/2024\/10\/mulik-gama-scaled.webp\" \/>\n\t<meta property=\"og:image:width\" content=\"2560\" \/>\n\t<meta property=\"og:image:height\" content=\"1473\" \/>\n\t<meta property=\"og:image:type\" content=\"image\/webp\" \/>\n<meta name=\"twitter:card\" content=\"summary_large_image\" \/>\n<meta name=\"twitter:label1\" content=\"Estimated reading time\" \/>\n\t<meta name=\"twitter:data1\" content=\"3 minutes\" \/>\n<script type=\"application\/ld+json\" class=\"yoast-schema-graph\">{\"@context\":\"https:\/\/schema.org\",\"@graph\":[{\"@type\":\"WebPage\",\"@id\":\"https:\/\/foodibev.com\/mulik\/\",\"url\":\"https:\/\/foodibev.com\/mulik\/\",\"name\":\"Mulik - Foodibev\",\"isPartOf\":{\"@id\":\"https:\/\/foodibev.com\/#website\"},\"primaryImageOfPage\":{\"@id\":\"https:\/\/foodibev.com\/mulik\/#primaryimage\"},\"image\":{\"@id\":\"https:\/\/foodibev.com\/mulik\/#primaryimage\"},\"thumbnailUrl\":\"https:\/\/foodibev.com\/wp-content\/uploads\/2024\/10\/mulik-gama-scaled.webp\",\"datePublished\":\"2021-05-12T12:51:17+00:00\",\"dateModified\":\"2025-07-04T13:18:47+00:00\",\"breadcrumb\":{\"@id\":\"https:\/\/foodibev.com\/mulik\/#breadcrumb\"},\"inLanguage\":\"en-GB\",\"potentialAction\":[{\"@type\":\"ReadAction\",\"target\":[\"https:\/\/foodibev.com\/mulik\/\"]}]},{\"@type\":\"ImageObject\",\"inLanguage\":\"en-GB\",\"@id\":\"https:\/\/foodibev.com\/mulik\/#primaryimage\",\"url\":\"https:\/\/foodibev.com\/wp-content\/uploads\/2024\/10\/mulik-gama-scaled.webp\",\"contentUrl\":\"https:\/\/foodibev.com\/wp-content\/uploads\/2024\/10\/mulik-gama-scaled.webp\"},{\"@type\":\"BreadcrumbList\",\"@id\":\"https:\/\/foodibev.com\/mulik\/#breadcrumb\",\"itemListElement\":[{\"@type\":\"ListItem\",\"position\":1,\"name\":\"Portada\",\"item\":\"https:\/\/foodibev.com\/\"},{\"@type\":\"ListItem\",\"position\":2,\"name\":\"Mulik\"}]},{\"@type\":\"WebSite\",\"@id\":\"https:\/\/foodibev.com\/#website\",\"url\":\"https:\/\/foodibev.com\/\",\"name\":\"Foodibev\",\"description\":\"Otro sitio realizado con WordPress\",\"publisher\":{\"@id\":\"https:\/\/foodibev.com\/#organization\"},\"potentialAction\":[{\"@type\":\"SearchAction\",\"target\":{\"@type\":\"EntryPoint\",\"urlTemplate\":\"https:\/\/foodibev.com\/?s={search_term_string}\"},\"query-input\":{\"@type\":\"PropertyValueSpecification\",\"valueRequired\":true,\"valueName\":\"search_term_string\"}}],\"inLanguage\":\"en-GB\"},{\"@type\":\"Organization\",\"@id\":\"https:\/\/foodibev.com\/#organization\",\"name\":\"Foodibev\",\"url\":\"https:\/\/foodibev.com\/\",\"logo\":{\"@type\":\"ImageObject\",\"inLanguage\":\"en-GB\",\"@id\":\"https:\/\/foodibev.com\/#\/schema\/logo\/image\/\",\"url\":\"https:\/\/foodibev.com\/wp-content\/uploads\/2021\/04\/Logotipo-Foodibev-2018-scaled.jpg\",\"contentUrl\":\"https:\/\/foodibev.com\/wp-content\/uploads\/2021\/04\/Logotipo-Foodibev-2018-scaled.jpg\",\"width\":2560,\"height\":669,\"caption\":\"Foodibev\"},\"image\":{\"@id\":\"https:\/\/foodibev.com\/#\/schema\/logo\/image\/\"}}]}<\/script>\n<!-- \/ Yoast SEO plugin. -->","yoast_head_json":{"title":"Mulik - Foodibev","robots":{"index":"index","follow":"follow","max-snippet":"max-snippet:-1","max-image-preview":"max-image-preview:large","max-video-preview":"max-video-preview:-1"},"canonical":"https:\/\/foodibev.com\/en\/mulik\/","og_locale":"en_GB","og_type":"article","og_title":"Mulik - Foodibev","og_description":"Los batidos Mulik est\u00e1s hechos con riqu\u00edsima leche entera. Disfruta de sus 4 sabores: chocolate, vainilla, fresa y pl\u00e1tano en cualquier lugar gracias a su formato de 500 ml. Si quieres saber m\u00e1s, visita www.mulik.es Mulik shakes are made with delicious full cream milk. Enjoy its 4 flavours: chocolate, vanilla, strawberry and banana anywhere thanks&hellip;","og_url":"https:\/\/foodibev.com\/en\/mulik\/","og_site_name":"Foodibev","article_modified_time":"2025-07-04T13:18:47+00:00","og_image":[{"width":2560,"height":1473,"url":"https:\/\/foodibev.com\/wp-content\/uploads\/2024\/10\/mulik-gama-scaled.webp","type":"image\/webp"}],"twitter_card":"summary_large_image","twitter_misc":{"Estimated reading time":"3 minutes"},"schema":{"@context":"https:\/\/schema.org","@graph":[{"@type":"WebPage","@id":"https:\/\/foodibev.com\/mulik\/","url":"https:\/\/foodibev.com\/mulik\/","name":"Mulik - Foodibev","isPartOf":{"@id":"https:\/\/foodibev.com\/#website"},"primaryImageOfPage":{"@id":"https:\/\/foodibev.com\/mulik\/#primaryimage"},"image":{"@id":"https:\/\/foodibev.com\/mulik\/#primaryimage"},"thumbnailUrl":"https:\/\/foodibev.com\/wp-content\/uploads\/2024\/10\/mulik-gama-scaled.webp","datePublished":"2021-05-12T12:51:17+00:00","dateModified":"2025-07-04T13:18:47+00:00","breadcrumb":{"@id":"https:\/\/foodibev.com\/mulik\/#breadcrumb"},"inLanguage":"en-GB","potentialAction":[{"@type":"ReadAction","target":["https:\/\/foodibev.com\/mulik\/"]}]},{"@type":"ImageObject","inLanguage":"en-GB","@id":"https:\/\/foodibev.com\/mulik\/#primaryimage","url":"https:\/\/foodibev.com\/wp-content\/uploads\/2024\/10\/mulik-gama-scaled.webp","contentUrl":"https:\/\/foodibev.com\/wp-content\/uploads\/2024\/10\/mulik-gama-scaled.webp"},{"@type":"BreadcrumbList","@id":"https:\/\/foodibev.com\/mulik\/#breadcrumb","itemListElement":[{"@type":"ListItem","position":1,"name":"Portada","item":"https:\/\/foodibev.com\/"},{"@type":"ListItem","position":2,"name":"Mulik"}]},{"@type":"WebSite","@id":"https:\/\/foodibev.com\/#website","url":"https:\/\/foodibev.com\/","name":"Foodibev","description":"Otro sitio realizado con WordPress","publisher":{"@id":"https:\/\/foodibev.com\/#organization"},"potentialAction":[{"@type":"SearchAction","target":{"@type":"EntryPoint","urlTemplate":"https:\/\/foodibev.com\/?s={search_term_string}"},"query-input":{"@type":"PropertyValueSpecification","valueRequired":true,"valueName":"search_term_string"}}],"inLanguage":"en-GB"},{"@type":"Organization","@id":"https:\/\/foodibev.com\/#organization","name":"Foodibev","url":"https:\/\/foodibev.com\/","logo":{"@type":"ImageObject","inLanguage":"en-GB","@id":"https:\/\/foodibev.com\/#\/schema\/logo\/image\/","url":"https:\/\/foodibev.com\/wp-content\/uploads\/2021\/04\/Logotipo-Foodibev-2018-scaled.jpg","contentUrl":"https:\/\/foodibev.com\/wp-content\/uploads\/2021\/04\/Logotipo-Foodibev-2018-scaled.jpg","width":2560,"height":669,"caption":"Foodibev"},"image":{"@id":"https:\/\/foodibev.com\/#\/schema\/logo\/image\/"}}]}},"_links":{"self":[{"href":"https:\/\/foodibev.com\/en\/wp-json\/wp\/v2\/pages\/5859","targetHints":{"allow":["GET"]}}],"collection":[{"href":"https:\/\/foodibev.com\/en\/wp-json\/wp\/v2\/pages"}],"about":[{"href":"https:\/\/foodibev.com\/en\/wp-json\/wp\/v2\/types\/page"}],"author":[{"embeddable":true,"href":"https:\/\/foodibev.com\/en\/wp-json\/wp\/v2\/users\/1"}],"replies":[{"embeddable":true,"href":"https:\/\/foodibev.com\/en\/wp-json\/wp\/v2\/comments?post=5859"}],"version-history":[{"count":72,"href":"https:\/\/foodibev.com\/en\/wp-json\/wp\/v2\/pages\/5859\/revisions"}],"predecessor-version":[{"id":10270,"href":"https:\/\/foodibev.com\/en\/wp-json\/wp\/v2\/pages\/5859\/revisions\/10270"}],"wp:attachment":[{"href":"https:\/\/foodibev.com\/en\/wp-json\/wp\/v2\/media?parent=5859"}],"curies":[{"name":"wp","href":"https:\/\/api.w.org\/{rel}","templated":true}]}}