{"id":1211,"date":"2026-02-27T11:41:47","date_gmt":"2026-02-27T10:41:47","guid":{"rendered":"https:\/\/foodibev.com\/marcas-con-impacto\/"},"modified":"2026-04-13T16:33:16","modified_gmt":"2026-04-13T14:33:16","slug":"brands-with-impact","status":"publish","type":"page","link":"https:\/\/foodibev.com\/en\/brands-with-impact\/","title":{"rendered":"Brands with impact"},"content":{"rendered":"\t\t<div data-elementor-type=\"wp-page\" data-elementor-id=\"1211\" class=\"elementor elementor-1211 elementor-814\" data-elementor-post-type=\"page\">\n\t\t\t\t<div class=\"elementor-element elementor-element-f358253 e-flex e-con-boxed e-con e-parent\" data-id=\"f358253\" data-element_type=\"container\" data-e-type=\"container\" data-settings=\"{&quot;background_background&quot;:&quot;classic&quot;}\">\n\t\t\t\t\t<div class=\"e-con-inner\">\n\t\t\t\t<div class=\"elementor-element elementor-element-e21894c elementor-hidden-mobile elementor-widget elementor-widget-heading\" data-id=\"e21894c\" data-element_type=\"widget\" data-e-type=\"widget\" data-widget_type=\"heading.default\">\n\t\t\t\t<div class=\"elementor-widget-container\">\n\t\t\t\t\t<h2 class=\"elementor-heading-title elementor-size-default\">brands with impact<\/h2>\t\t\t\t<\/div>\n\t\t\t\t<\/div>\n\t\t\t\t<div class=\"elementor-element elementor-element-608be5f elementor-hidden-desktop elementor-hidden-tablet elementor-widget elementor-widget-heading\" data-id=\"608be5f\" data-element_type=\"widget\" data-e-type=\"widget\" data-widget_type=\"heading.default\">\n\t\t\t\t<div class=\"elementor-widget-container\">\n\t\t\t\t\t<h2 class=\"elementor-heading-title elementor-size-default\">brands<br>with impact<\/h2>\t\t\t\t<\/div>\n\t\t\t\t<\/div>\n\t\t\t\t\t<\/div>\n\t\t\t\t<\/div>\n\t\t<div class=\"elementor-element elementor-element-1f95c96 elementor-hidden-desktop elementor-hidden-tablet elementor-hidden-mobile e-flex e-con-boxed e-con e-parent\" data-id=\"1f95c96\" data-element_type=\"container\" data-e-type=\"container\" data-settings=\"{&quot;background_background&quot;:&quot;classic&quot;}\">\n\t\t\t\t\t<div class=\"e-con-inner\">\n\t\t<div class=\"elementor-element elementor-element-164fe16 e-con-full e-flex e-con e-child\" data-id=\"164fe16\" data-element_type=\"container\" data-e-type=\"container\">\n\t\t\t\t<div class=\"elementor-element elementor-element-ca8def4 elementor-widget__width-initial elementor-widget elementor-widget-text-editor\" data-id=\"ca8def4\" data-element_type=\"widget\" data-e-type=\"widget\" data-widget_type=\"text-editor.default\">\n\t\t\t\t<div class=\"elementor-widget-container\">\n\t\t\t\t\t\t\t\t\t<p>Descubre nuestras principales marcas de bebidas y l\u00e1cteos, reconocidas en m\u00e1s de 100 pa\u00edses por su calidad y por el impulso que les damos para llegar a cada rinc\u00f3n del mundo.<\/p>\t\t\t\t\t\t\t\t<\/div>\n\t\t\t\t<\/div>\n\t\t\t\t<\/div>\n\t\t\t\t\t<\/div>\n\t\t\t\t<\/div>\n\t\t<div class=\"elementor-element elementor-element-9f693ac e-flex e-con-boxed e-con e-parent\" data-id=\"9f693ac\" data-element_type=\"container\" data-e-type=\"container\" data-settings=\"{&quot;background_background&quot;:&quot;classic&quot;}\">\n\t\t\t\t\t<div class=\"e-con-inner\">\n\t\t<div class=\"elementor-element elementor-element-3bda9a0 e-con-full e-flex e-con e-child\" data-id=\"3bda9a0\" data-element_type=\"container\" data-e-type=\"container\">\n\t\t\t\t<div class=\"elementor-element elementor-element-1cbc9ea elementor-widget elementor-widget-heading\" data-id=\"1cbc9ea\" data-element_type=\"widget\" data-e-type=\"widget\" data-widget_type=\"heading.default\">\n\t\t\t\t<div class=\"elementor-widget-container\">\n\t\t\t\t\t<h2 class=\"elementor-heading-title elementor-size-default\">WATER STORAGE TANKS\n\n<\/h2>\t\t\t\t<\/div>\n\t\t\t\t<\/div>\n\t\t\t\t<div class=\"elementor-element elementor-element-9666808 elementor-widget elementor-widget-text-editor\" data-id=\"9666808\" data-element_type=\"widget\" data-e-type=\"widget\" data-widget_type=\"text-editor.default\">\n\t\t\t\t<div class=\"elementor-widget-container\">\n\t\t\t\t\t\t\t\t\t<p><span style=\"font-weight: 400;\">We bring hope where it is needed most. We install water storage tanks in communities that suffer from long periods of drought, ensuring constant access to pure and safe water. Because water is not a privilege, it is an essential right to live, grow and thrive.<\/span><\/p>\t\t\t\t\t\t\t\t<\/div>\n\t\t\t\t<\/div>\n\t\t\t\t<\/div>\n\t\t<div class=\"elementor-element elementor-element-41b607c e-con-full e-flex e-con e-child\" data-id=\"41b607c\" data-element_type=\"container\" data-e-type=\"container\">\n\t\t\t\t<div class=\"elementor-element elementor-element-09aa1fc elementor-widget elementor-widget-image\" data-id=\"09aa1fc\" data-element_type=\"widget\" data-e-type=\"widget\" data-widget_type=\"image.default\">\n\t\t\t\t<div class=\"elementor-widget-container\">\n\t\t\t\t\t\t\t\t\t\t\t\t\t\t\t<img fetchpriority=\"high\" decoding=\"async\" width=\"1024\" height=\"682\" src=\"https:\/\/foodibev.com\/wp-content\/uploads\/2026\/03\/depositos-de-agua.jpg\" class=\"attachment-large size-large wp-image-1213\" alt=\"\" srcset=\"https:\/\/foodibev.com\/wp-content\/uploads\/2026\/03\/depositos-de-agua.jpg 1024w, https:\/\/foodibev.com\/wp-content\/uploads\/2026\/03\/depositos-de-agua-300x200.jpg 300w, https:\/\/foodibev.com\/wp-content\/uploads\/2026\/03\/depositos-de-agua-768x512.jpg 768w\" sizes=\"(max-width: 1024px) 100vw, 1024px\" \/>\t\t\t\t\t\t\t\t\t\t\t\t\t\t\t<\/div>\n\t\t\t\t<\/div>\n\t\t\t\t<\/div>\n\t\t\t\t\t<\/div>\n\t\t\t\t<\/div>\n\t\t<div class=\"elementor-element elementor-element-8fbfe23 e-flex e-con-boxed e-con e-parent\" data-id=\"8fbfe23\" data-element_type=\"container\" data-e-type=\"container\" data-settings=\"{&quot;background_background&quot;:&quot;classic&quot;}\">\n\t\t\t\t\t<div class=\"e-con-inner\">\n\t\t<div class=\"elementor-element elementor-element-5d4e036 e-con-full e-flex e-con e-child\" data-id=\"5d4e036\" data-element_type=\"container\" data-e-type=\"container\">\n\t\t\t\t<div class=\"elementor-element elementor-element-01c3dc4 elementor-widget elementor-widget-image\" data-id=\"01c3dc4\" data-element_type=\"widget\" data-e-type=\"widget\" data-widget_type=\"image.default\">\n\t\t\t\t<div class=\"elementor-widget-container\">\n\t\t\t\t\t\t\t\t\t\t\t\t\t\t\t<img decoding=\"async\" width=\"1024\" height=\"682\" src=\"https:\/\/foodibev.com\/wp-content\/uploads\/2026\/03\/apoyo-al-deporte.jpg\" class=\"attachment-large size-large wp-image-1214\" alt=\"\" srcset=\"https:\/\/foodibev.com\/wp-content\/uploads\/2026\/03\/apoyo-al-deporte.jpg 1024w, https:\/\/foodibev.com\/wp-content\/uploads\/2026\/03\/apoyo-al-deporte-300x200.jpg 300w, https:\/\/foodibev.com\/wp-content\/uploads\/2026\/03\/apoyo-al-deporte-768x512.jpg 768w\" sizes=\"(max-width: 1024px) 100vw, 1024px\" \/>\t\t\t\t\t\t\t\t\t\t\t\t\t\t\t<\/div>\n\t\t\t\t<\/div>\n\t\t\t\t<\/div>\n\t\t<div class=\"elementor-element elementor-element-d7c0efd e-con-full e-flex e-con e-child\" data-id=\"d7c0efd\" data-element_type=\"container\" data-e-type=\"container\">\n\t\t\t\t<div class=\"elementor-element elementor-element-6f46395 elementor-widget elementor-widget-heading\" data-id=\"6f46395\" data-element_type=\"widget\" data-e-type=\"widget\" data-widget_type=\"heading.default\">\n\t\t\t\t<div class=\"elementor-widget-container\">\n\t\t\t\t\t<h2 class=\"elementor-heading-title elementor-size-default\">SUPPORTING SPORTS\n<\/h2>\t\t\t\t<\/div>\n\t\t\t\t<\/div>\n\t\t\t\t<div class=\"elementor-element elementor-element-7a621c3 elementor-widget elementor-widget-text-editor\" data-id=\"7a621c3\" data-element_type=\"widget\" data-e-type=\"widget\" data-widget_type=\"text-editor.default\">\n\t\t\t\t<div class=\"elementor-widget-container\">\n\t\t\t\t\t\t\t\t\t<p><span style=\"font-weight: 400;\">We believe in the power of sport to transform lives. That\u2019s why we have restored and built new basketball courts, filling them with colour and energy. More than courts, we create spaces where young people can dream, improve themselves and strengthen the spirit of community.<\/span><\/p>\t\t\t\t\t\t\t\t<\/div>\n\t\t\t\t<\/div>\n\t\t\t\t<\/div>\n\t\t\t\t\t<\/div>\n\t\t\t\t<\/div>\n\t\t<div class=\"elementor-element elementor-element-56f3958 e-flex e-con-boxed e-con e-parent\" data-id=\"56f3958\" data-element_type=\"container\" data-e-type=\"container\" data-settings=\"{&quot;background_background&quot;:&quot;classic&quot;}\">\n\t\t\t\t\t<div class=\"e-con-inner\">\n\t\t<div class=\"elementor-element elementor-element-9650081 e-con-full e-flex e-con e-child\" data-id=\"9650081\" data-element_type=\"container\" data-e-type=\"container\">\n\t\t\t\t<div class=\"elementor-element elementor-element-7aa4546 elementor-widget elementor-widget-heading\" data-id=\"7aa4546\" data-element_type=\"widget\" data-e-type=\"widget\" data-widget_type=\"heading.default\">\n\t\t\t\t<div class=\"elementor-widget-container\">\n\t\t\t\t\t<h2 class=\"elementor-heading-title elementor-size-default\">HIGH-VISIBILITY MOTOTAXIS\n\n<\/h2>\t\t\t\t<\/div>\n\t\t\t\t<\/div>\n\t\t\t\t<div class=\"elementor-element elementor-element-d96051e elementor-widget elementor-widget-text-editor\" data-id=\"d96051e\" data-element_type=\"widget\" data-e-type=\"widget\" data-widget_type=\"text-editor.default\">\n\t\t\t\t<div class=\"elementor-widget-container\">\n\t\t\t\t\t\t\t\t\t<p><span style=\"font-weight: 400;\">Mototaxis are now easier to identify thanks to Double Seven vests. An initiative that not only improves visibility and safety, but also supports the daily work of hundreds of drivers.<\/span><\/p>\t\t\t\t\t\t\t\t<\/div>\n\t\t\t\t<\/div>\n\t\t\t\t<\/div>\n\t\t<div class=\"elementor-element elementor-element-7f8ada3 e-con-full e-flex e-con e-child\" data-id=\"7f8ada3\" data-element_type=\"container\" data-e-type=\"container\">\n\t\t\t\t<div class=\"elementor-element elementor-element-a01b0e0 elementor-widget elementor-widget-image\" data-id=\"a01b0e0\" data-element_type=\"widget\" data-e-type=\"widget\" data-widget_type=\"image.default\">\n\t\t\t\t<div class=\"elementor-widget-container\">\n\t\t\t\t\t\t\t\t\t\t\t\t\t\t\t<img decoding=\"async\" width=\"1024\" height=\"683\" src=\"https:\/\/foodibev.com\/wp-content\/uploads\/2026\/03\/mototaxis.jpg\" class=\"attachment-large size-large wp-image-1215\" alt=\"\" srcset=\"https:\/\/foodibev.com\/wp-content\/uploads\/2026\/03\/mototaxis.jpg 1024w, https:\/\/foodibev.com\/wp-content\/uploads\/2026\/03\/mototaxis-300x200.jpg 300w, https:\/\/foodibev.com\/wp-content\/uploads\/2026\/03\/mototaxis-768x512.jpg 768w\" sizes=\"(max-width: 1024px) 100vw, 1024px\" \/>\t\t\t\t\t\t\t\t\t\t\t\t\t\t\t<\/div>\n\t\t\t\t<\/div>\n\t\t\t\t<\/div>\n\t\t\t\t\t<\/div>\n\t\t\t\t<\/div>\n\t\t<div class=\"elementor-element elementor-element-b005523 e-flex e-con-boxed e-con e-parent\" data-id=\"b005523\" data-element_type=\"container\" data-e-type=\"container\" data-settings=\"{&quot;background_background&quot;:&quot;classic&quot;}\">\n\t\t\t\t\t<div class=\"e-con-inner\">\n\t\t<div class=\"elementor-element elementor-element-7deb5c7 e-con-full e-flex e-con e-child\" data-id=\"7deb5c7\" data-element_type=\"container\" data-e-type=\"container\">\n\t\t\t\t<div class=\"elementor-element elementor-element-89aa447 elementor-widget elementor-widget-image\" data-id=\"89aa447\" data-element_type=\"widget\" data-e-type=\"widget\" data-widget_type=\"image.default\">\n\t\t\t\t<div class=\"elementor-widget-container\">\n\t\t\t\t\t\t\t\t\t\t\t\t\t\t\t<img loading=\"lazy\" decoding=\"async\" width=\"1024\" height=\"683\" src=\"https:\/\/foodibev.com\/wp-content\/uploads\/2026\/03\/diversidad.jpg\" class=\"attachment-large size-large wp-image-1216\" alt=\"\" srcset=\"https:\/\/foodibev.com\/wp-content\/uploads\/2026\/03\/diversidad.jpg 1024w, https:\/\/foodibev.com\/wp-content\/uploads\/2026\/03\/diversidad-300x200.jpg 300w, https:\/\/foodibev.com\/wp-content\/uploads\/2026\/03\/diversidad-768x512.jpg 768w\" sizes=\"(max-width: 1024px) 100vw, 1024px\" \/>\t\t\t\t\t\t\t\t\t\t\t\t\t\t\t<\/div>\n\t\t\t\t<\/div>\n\t\t\t\t<\/div>\n\t\t<div class=\"elementor-element elementor-element-b2ec325 e-con-full e-flex e-con e-child\" data-id=\"b2ec325\" data-element_type=\"container\" data-e-type=\"container\">\n\t\t\t\t<div class=\"elementor-element elementor-element-0aaaad3 elementor-widget elementor-widget-heading\" data-id=\"0aaaad3\" data-element_type=\"widget\" data-e-type=\"widget\" data-widget_type=\"heading.default\">\n\t\t\t\t<div class=\"elementor-widget-container\">\n\t\t\t\t\t<h2 class=\"elementor-heading-title elementor-size-default\">DIVERSITY WITH MAGIC SPARKLING\n\n<\/h2>\t\t\t\t<\/div>\n\t\t\t\t<\/div>\n\t\t\t\t<div class=\"elementor-element elementor-element-8d32bf8 elementor-widget elementor-widget-text-editor\" data-id=\"8d32bf8\" data-element_type=\"widget\" data-e-type=\"widget\" data-widget_type=\"text-editor.default\">\n\t\t\t\t<div class=\"elementor-widget-container\">\n\t\t\t\t\t\t\t\t\t<p><span style=\"font-weight: 400;\">Together with Magic Sparkling, we launched an initiative that celebrates diversity and promotes inclusion. An action that gave greater visibility to people with intellectual disabilities, highlighting their talent, their value and their essential role in society.<\/span><\/p>\t\t\t\t\t\t\t\t<\/div>\n\t\t\t\t<\/div>\n\t\t\t\t<\/div>\n\t\t\t\t\t<\/div>\n\t\t\t\t<\/div>\n\t\t<div class=\"elementor-element elementor-element-6d968c7 e-flex e-con-boxed e-con e-parent\" data-id=\"6d968c7\" data-element_type=\"container\" data-e-type=\"container\" data-settings=\"{&quot;background_background&quot;:&quot;classic&quot;}\">\n\t\t\t\t\t<div class=\"e-con-inner\">\n\t\t<div class=\"elementor-element elementor-element-978de5e e-con-full e-flex e-con e-child\" data-id=\"978de5e\" data-element_type=\"container\" data-e-type=\"container\">\n\t\t\t\t<div class=\"elementor-element elementor-element-92653ac elementor-widget elementor-widget-heading\" data-id=\"92653ac\" data-element_type=\"widget\" data-e-type=\"widget\" data-widget_type=\"heading.default\">\n\t\t\t\t<div class=\"elementor-widget-container\">\n\t\t\t\t\t<h2 class=\"elementor-heading-title elementor-size-default\">MULIK BACKPACKS \n<\/h2>\t\t\t\t<\/div>\n\t\t\t\t<\/div>\n\t\t\t\t<div class=\"elementor-element elementor-element-b7f7f57 elementor-widget elementor-widget-text-editor\" data-id=\"b7f7f57\" data-element_type=\"widget\" data-e-type=\"widget\" data-widget_type=\"text-editor.default\">\n\t\t\t\t<div class=\"elementor-widget-container\">\n\t\t\t\t\t\t\t\t\t<p><span style=\"font-weight: 400;\">Hundreds of Mulik backpacks reached children starting the new school year. We delivered excitement, motivation and tools to help build a future full of opportunities.<\/span><\/p>\t\t\t\t\t\t\t\t<\/div>\n\t\t\t\t<\/div>\n\t\t\t\t<\/div>\n\t\t<div class=\"elementor-element elementor-element-16438a1 e-con-full e-flex e-con e-child\" data-id=\"16438a1\" data-element_type=\"container\" data-e-type=\"container\">\n\t\t\t\t<div class=\"elementor-element elementor-element-792def6 elementor-widget elementor-widget-image\" data-id=\"792def6\" data-element_type=\"widget\" data-e-type=\"widget\" data-widget_type=\"image.default\">\n\t\t\t\t<div class=\"elementor-widget-container\">\n\t\t\t\t\t\t\t\t\t\t\t\t\t\t\t<img loading=\"lazy\" decoding=\"async\" width=\"1024\" height=\"742\" src=\"https:\/\/foodibev.com\/wp-content\/uploads\/2026\/03\/MOCHILAS-MULIK-1024x742.webp\" class=\"attachment-large size-large wp-image-1217\" alt=\"\" srcset=\"https:\/\/foodibev.com\/wp-content\/uploads\/2026\/03\/MOCHILAS-MULIK-1024x742.webp 1024w, https:\/\/foodibev.com\/wp-content\/uploads\/2026\/03\/MOCHILAS-MULIK-300x217.webp 300w, https:\/\/foodibev.com\/wp-content\/uploads\/2026\/03\/MOCHILAS-MULIK-768x557.webp 768w, https:\/\/foodibev.com\/wp-content\/uploads\/2026\/03\/MOCHILAS-MULIK.webp 1086w\" sizes=\"(max-width: 1024px) 100vw, 1024px\" \/>\t\t\t\t\t\t\t\t\t\t\t\t\t\t\t<\/div>\n\t\t\t\t<\/div>\n\t\t\t\t<\/div>\n\t\t\t\t\t<\/div>\n\t\t\t\t<\/div>\n\t\t<div class=\"elementor-element elementor-element-ba59ee2 e-flex e-con-boxed e-con e-parent\" data-id=\"ba59ee2\" data-element_type=\"container\" data-e-type=\"container\" data-settings=\"{&quot;background_background&quot;:&quot;classic&quot;}\">\n\t\t\t\t\t<div class=\"e-con-inner\">\n\t\t<div class=\"elementor-element elementor-element-da62a5c e-con-full e-flex e-con e-child\" data-id=\"da62a5c\" data-element_type=\"container\" data-e-type=\"container\">\n\t\t\t\t<div class=\"elementor-element elementor-element-a53d3af elementor-widget elementor-widget-image\" data-id=\"a53d3af\" data-element_type=\"widget\" data-e-type=\"widget\" data-widget_type=\"image.default\">\n\t\t\t\t<div class=\"elementor-widget-container\">\n\t\t\t\t\t\t\t\t\t\t\t\t\t\t\t<img loading=\"lazy\" decoding=\"async\" width=\"1024\" height=\"683\" src=\"https:\/\/foodibev.com\/wp-content\/uploads\/2026\/03\/reparto-cascos-de-moto.jpg\" class=\"attachment-large size-large wp-image-1218\" alt=\"\" srcset=\"https:\/\/foodibev.com\/wp-content\/uploads\/2026\/03\/reparto-cascos-de-moto.jpg 1024w, https:\/\/foodibev.com\/wp-content\/uploads\/2026\/03\/reparto-cascos-de-moto-300x200.jpg 300w, https:\/\/foodibev.com\/wp-content\/uploads\/2026\/03\/reparto-cascos-de-moto-768x512.jpg 768w\" sizes=\"(max-width: 1024px) 100vw, 1024px\" \/>\t\t\t\t\t\t\t\t\t\t\t\t\t\t\t<\/div>\n\t\t\t\t<\/div>\n\t\t\t\t<\/div>\n\t\t<div class=\"elementor-element elementor-element-219219e e-con-full e-flex e-con e-child\" data-id=\"219219e\" data-element_type=\"container\" data-e-type=\"container\">\n\t\t\t\t<div class=\"elementor-element elementor-element-8de07d0 elementor-widget elementor-widget-heading\" data-id=\"8de07d0\" data-element_type=\"widget\" data-e-type=\"widget\" data-widget_type=\"heading.default\">\n\t\t\t\t<div class=\"elementor-widget-container\">\n\t\t\t\t\t<h2 class=\"elementor-heading-title elementor-size-default\">MOTORCYCLE HELMET DISTRIBUTION\n\n\n<\/h2>\t\t\t\t<\/div>\n\t\t\t\t<\/div>\n\t\t\t\t<div class=\"elementor-element elementor-element-733c2db elementor-widget elementor-widget-text-editor\" data-id=\"733c2db\" data-element_type=\"widget\" data-e-type=\"widget\" data-widget_type=\"text-editor.default\">\n\t\t\t\t<div class=\"elementor-widget-container\">\n\t\t\t\t\t\t\t\t\t<p><span style=\"font-weight: 400;\">Safety comes first. To encourage helmet use and protect lives, we travelled across different cities distributing more than 10 000 helmets to local motorcyclists. An initiative that raises awareness, promotes road responsibility and helps make every journey safer.<\/span><\/p>\t\t\t\t\t\t\t\t<\/div>\n\t\t\t\t<\/div>\n\t\t\t\t<\/div>\n\t\t\t\t\t<\/div>\n\t\t\t\t<\/div>\n\t\t\t\t<\/div>\n\t\t","protected":false},"excerpt":{"rendered":"<p>brands with impact brandswith impact Descubre nuestras principales marcas de bebidas y l\u00e1cteos, reconocidas en m\u00e1s de 100 pa\u00edses por su calidad y por el impulso que les damos para llegar a cada rinc\u00f3n del mundo. WATER STORAGE TANKS We bring hope where it is needed most. We install water storage tanks in communities that [&hellip;]<\/p>\n","protected":false},"author":10,"featured_media":0,"parent":0,"menu_order":0,"comment_status":"closed","ping_status":"closed","template":"elementor_header_footer","meta":{"ocean_post_layout":"full-width","ocean_both_sidebars_style":"","ocean_both_sidebars_content_width":0,"ocean_both_sidebars_sidebars_width":0,"ocean_sidebar":"0","ocean_second_sidebar":"0","ocean_disable_margins":"enable","ocean_add_body_class":"","ocean_shortcode_before_top_bar":"","ocean_shortcode_after_top_bar":"","ocean_shortcode_before_header":"","ocean_shortcode_after_header":"","ocean_has_shortcode":"","ocean_shortcode_after_title":"","ocean_shortcode_before_footer_widgets":"","ocean_shortcode_after_footer_widgets":"","ocean_shortcode_before_footer_bottom":"","ocean_shortcode_after_footer_bottom":"","ocean_display_top_bar":"default","ocean_display_header":"default","ocean_header_style":"","ocean_center_header_left_menu":"0","ocean_custom_header_template":"0","ocean_custom_logo":0,"ocean_custom_retina_logo":0,"ocean_custom_logo_max_width":0,"ocean_custom_logo_tablet_max_width":0,"ocean_custom_logo_mobile_max_width":0,"ocean_custom_logo_max_height":0,"ocean_custom_logo_tablet_max_height":0,"ocean_custom_logo_mobile_max_height":0,"ocean_header_custom_menu":"0","ocean_menu_typo_font_family":"0","ocean_menu_typo_font_subset":"","ocean_menu_typo_font_size":0,"ocean_menu_typo_font_size_tablet":0,"ocean_menu_typo_font_size_mobile":0,"ocean_menu_typo_font_size_unit":"px","ocean_menu_typo_font_weight":"","ocean_menu_typo_font_weight_tablet":"","ocean_menu_typo_font_weight_mobile":"","ocean_menu_typo_transform":"","ocean_menu_typo_transform_tablet":"","ocean_menu_typo_transform_mobile":"","ocean_menu_typo_line_height":0,"ocean_menu_typo_line_height_tablet":0,"ocean_menu_typo_line_height_mobile":0,"ocean_menu_typo_line_height_unit":"","ocean_menu_typo_spacing":0,"ocean_menu_typo_spacing_tablet":0,"ocean_menu_typo_spacing_mobile":0,"ocean_menu_typo_spacing_unit":"","ocean_menu_link_color":"","ocean_menu_link_color_hover":"","ocean_menu_link_color_active":"","ocean_menu_link_background":"","ocean_menu_link_hover_background":"","ocean_menu_link_active_background":"","ocean_menu_social_links_bg":"","ocean_menu_social_hover_links_bg":"","ocean_menu_social_links_color":"","ocean_menu_social_hover_links_color":"","ocean_disable_title":"on","ocean_disable_heading":"default","ocean_post_title":"","ocean_post_subheading":"","ocean_post_title_style":"","ocean_post_title_background_color":"","ocean_post_title_background":0,"ocean_post_title_bg_image_position":"","ocean_post_title_bg_image_attachment":"","ocean_post_title_bg_image_repeat":"","ocean_post_title_bg_image_size":"","ocean_post_title_height":0,"ocean_post_title_bg_overlay":0.5,"ocean_post_title_bg_overlay_color":"","ocean_disable_breadcrumbs":"default","ocean_breadcrumbs_color":"","ocean_breadcrumbs_separator_color":"","ocean_breadcrumbs_links_color":"","ocean_breadcrumbs_links_hover_color":"","ocean_display_footer_widgets":"default","ocean_display_footer_bottom":"default","ocean_custom_footer_template":"0","osh_disable_topbar_sticky":"default","osh_disable_header_sticky":"default","osh_sticky_header_style":"default","osh_sticky_header_effect":"","osh_custom_sticky_logo":0,"osh_custom_retina_sticky_logo":0,"osh_custom_sticky_logo_height":0,"osh_background_color":"","osh_links_color":"","osh_links_hover_color":"","osh_links_active_color":"","osh_links_bg_color":"","osh_links_hover_bg_color":"","osh_links_active_bg_color":"","osh_menu_social_links_color":"","osh_menu_social_hover_links_color":"","footnotes":""},"class_list":["post-1211","page","type-page","status-publish","hentry","entry"],"_links":{"self":[{"href":"https:\/\/foodibev.com\/en\/wp-json\/wp\/v2\/pages\/1211","targetHints":{"allow":["GET"]}}],"collection":[{"href":"https:\/\/foodibev.com\/en\/wp-json\/wp\/v2\/pages"}],"about":[{"href":"https:\/\/foodibev.com\/en\/wp-json\/wp\/v2\/types\/page"}],"author":[{"embeddable":true,"href":"https:\/\/foodibev.com\/en\/wp-json\/wp\/v2\/users\/10"}],"replies":[{"embeddable":true,"href":"https:\/\/foodibev.com\/en\/wp-json\/wp\/v2\/comments?post=1211"}],"version-history":[{"count":10,"href":"https:\/\/foodibev.com\/en\/wp-json\/wp\/v2\/pages\/1211\/revisions"}],"predecessor-version":[{"id":1589,"href":"https:\/\/foodibev.com\/en\/wp-json\/wp\/v2\/pages\/1211\/revisions\/1589"}],"wp:attachment":[{"href":"https:\/\/foodibev.com\/en\/wp-json\/wp\/v2\/media?parent=1211"}],"curies":[{"name":"wp","href":"https:\/\/api.w.org\/{rel}","templated":true}]}}